{"id":77194,"date":"2026-03-12T22:58:59","date_gmt":"2026-03-12T22:58:59","guid":{"rendered":"https:\/\/joutia.shop\/?post_type=product&#038;p=77194"},"modified":"2026-03-12T22:59:00","modified_gmt":"2026-03-12T22:59:00","slug":"sandisk-dj-cle-usb-512-go-pioneer-dj-et-alphatheta-compatible-dual-drive-haute-capacite-usb-a-usb-c-jusqua-1000-mo-s-en-lecture-et-900-mo-s-en-ecriture3-mois-de-la-formule-rekordbox-crea","status":"publish","type":"product","link":"https:\/\/joutia.shop\/en\/product\/sandisk-dj-cle-usb-512-go-pioneer-dj-et-alphatheta-compatible-dual-drive-haute-capacite-usb-a-usb-c-jusqua-1000-mo-s-en-lecture-et-900-mo-s-en-ecriture3-mois-de-la-formule-rekordbox-crea\/","title":{"rendered":"SanDisk DJ Cl\u00e9 USB 512 Go (Pioneer DJ et AlphaTheta Compatible, Dual Drive Haute capacit\u00e9, USB-A\/USB-C, Jusqu\u2019\u00e0 1000 Mo\/s en Lecture et 900 Mo\/s en \u00e9criture,3 Mois de la Formule rekordbox Creative)"},"content":{"rendered":"<h2>SanDisk DJ Cl\u00e9 USB 512 Go (Pioneer DJ et AlphaTheta Compatible, Dual Drive Haute capacit\u00e9, USB-A\/USB-C, Jusqu\u2019\u00e0 1000 Mo\/s en Lecture et 900 Mo\/s en \u00e9criture,3 Mois de la Formule rekordbox Creative)<\/h2>\n<p>Le produit <strong>SanDisk DJ Cl\u00e9 USB 512 Go (Pioneer DJ et AlphaTheta Compatible, Dual Drive Haute capacit\u00e9, USB-A\/USB-C, Jusqu\u2019\u00e0 1000 Mo\/s en Lecture et 900 Mo\/s en \u00e9criture,3 Mois de la Formule rekordbox Creative)<\/strong> est con\u00e7u pour offrir performance et fiabilit\u00e9.<\/p>\n<p>Ce produit est id\u00e9al pour une utilisation quotidienne et r\u00e9pond parfaitement aux besoins des utilisateurs recherchant qualit\u00e9 et efficacit\u00e9.<\/p>\n<h3>Caract\u00e9ristiques principales<\/h3>\n<ul>\n<li>Conception robuste<\/li>\n<li>Utilisation simple<\/li>\n<li>Performance fiable<\/li>\n<\/ul>","protected":false},"excerpt":{"rendered":"<p>SanDisk DJ Cl\u00e9 USB 512 Go (Pioneer DJ et AlphaTheta Compatible, Dual Drive Haute capacit\u00e9, USB-A\/USB-C, Jusqu\u2019\u00e0 1000 Mo\/s en Lecture et 900 Mo\/s en \u00e9criture,3 Mois de la Formule rekordbox Creative) &#8211; produit de qualit\u00e9 con\u00e7u pour un usage quotidien.<\/p>","protected":false},"featured_media":75970,"comment_status":"open","ping_status":"closed","template":"","meta":[],"product_brand":[],"product_cat":[305],"product_tag":[335],"class_list":{"0":"post-77194","1":"product","2":"type-product","3":"status-publish","4":"has-post-thumbnail","6":"product_cat-informatique","7":"product_tag-cle-usb","9":"first","10":"instock","11":"shipping-taxable","12":"product-type-external"},"_links":{"self":[{"href":"https:\/\/joutia.shop\/en\/wp-json\/wp\/v2\/product\/77194","targetHints":{"allow":["GET"]}}],"collection":[{"href":"https:\/\/joutia.shop\/en\/wp-json\/wp\/v2\/product"}],"about":[{"href":"https:\/\/joutia.shop\/en\/wp-json\/wp\/v2\/types\/product"}],"replies":[{"embeddable":true,"href":"https:\/\/joutia.shop\/en\/wp-json\/wp\/v2\/comments?post=77194"}],"wp:featuredmedia":[{"embeddable":true,"href":"https:\/\/joutia.shop\/en\/wp-json\/wp\/v2\/media\/75970"}],"wp:attachment":[{"href":"https:\/\/joutia.shop\/en\/wp-json\/wp\/v2\/media?parent=77194"}],"wp:term":[{"taxonomy":"product_brand","embeddable":true,"href":"https:\/\/joutia.shop\/en\/wp-json\/wp\/v2\/product_brand?post=77194"},{"taxonomy":"product_cat","embeddable":true,"href":"https:\/\/joutia.shop\/en\/wp-json\/wp\/v2\/product_cat?post=77194"},{"taxonomy":"product_tag","embeddable":true,"href":"https:\/\/joutia.shop\/en\/wp-json\/wp\/v2\/product_tag?post=77194"}],"curies":[{"name":"wp","href":"https:\/\/api.w.org\/{rel}","templated":true}]}}