{"id":77182,"date":"2026-03-12T22:58:53","date_gmt":"2026-03-12T22:58:53","guid":{"rendered":"https:\/\/joutia.shop\/?post_type=product&#038;p=77182"},"modified":"2026-03-12T22:58:56","modified_gmt":"2026-03-12T22:58:56","slug":"etui-de-transport-compatible-avec-crucial-x10-x9-pro-4-to-2-to-1-to-ssd-portable-sac-de-rangement-pour-disque-dur-externe-pour-cable-usb-c-boite-uniquement-gris-fonce","status":"publish","type":"product","link":"https:\/\/joutia.shop\/en\/product\/etui-de-transport-compatible-avec-crucial-x10-x9-pro-4-to-2-to-1-to-ssd-portable-sac-de-rangement-pour-disque-dur-externe-pour-cable-usb-c-boite-uniquement-gris-fonce\/","title":{"rendered":"\u00c9tui de transport compatible avec Crucial X10\/X9 Pro 4 To\/2 To\/1 To SSD portable, sac de rangement pour disque dur externe pour c\u00e2ble USB-C (bo\u00eete uniquement) (gris fonc\u00e9)"},"content":{"rendered":"<h2>\u00c9tui de transport compatible avec Crucial X10\/X9 Pro 4 To\/2 To\/1 To SSD portable, sac de rangement pour disque dur externe pour c\u00e2ble USB-C (bo\u00eete uniquement) (gris fonc\u00e9)<\/h2>\n<p>Le produit <strong>\u00c9tui de transport compatible avec Crucial X10\/X9 Pro 4 To\/2 To\/1 To SSD portable, sac de rangement pour disque dur externe pour c\u00e2ble USB-C (bo\u00eete uniquement) (gris fonc\u00e9)<\/strong> est con\u00e7u pour offrir performance et fiabilit\u00e9.<\/p>\n<p>Ce produit est id\u00e9al pour une utilisation quotidienne et r\u00e9pond parfaitement aux besoins des utilisateurs recherchant qualit\u00e9 et efficacit\u00e9.<\/p>\n<h3>Caract\u00e9ristiques principales<\/h3>\n<ul>\n<li>Conception robuste<\/li>\n<li>Utilisation simple<\/li>\n<li>Performance fiable<\/li>\n<\/ul>","protected":false},"excerpt":{"rendered":"<p>\u00c9tui de transport compatible avec Crucial X10\/X9 Pro 4 To\/2 To\/1 To SSD portable, sac de rangement pour disque dur externe pour c\u00e2ble USB-C (bo\u00eete uniquement) (gris fonc\u00e9) &#8211; produit de qualit\u00e9 con\u00e7u pour un usage quotidien.<\/p>","protected":false},"featured_media":76189,"comment_status":"open","ping_status":"closed","template":"","meta":[],"product_brand":[],"product_cat":[305],"product_tag":[334],"class_list":{"0":"post-77182","1":"product","2":"type-product","3":"status-publish","4":"has-post-thumbnail","6":"product_cat-informatique","7":"product_tag-disque-dur-externe","9":"first","10":"instock","11":"shipping-taxable","12":"product-type-external"},"_links":{"self":[{"href":"https:\/\/joutia.shop\/en\/wp-json\/wp\/v2\/product\/77182","targetHints":{"allow":["GET"]}}],"collection":[{"href":"https:\/\/joutia.shop\/en\/wp-json\/wp\/v2\/product"}],"about":[{"href":"https:\/\/joutia.shop\/en\/wp-json\/wp\/v2\/types\/product"}],"replies":[{"embeddable":true,"href":"https:\/\/joutia.shop\/en\/wp-json\/wp\/v2\/comments?post=77182"}],"wp:featuredmedia":[{"embeddable":true,"href":"https:\/\/joutia.shop\/en\/wp-json\/wp\/v2\/media\/76189"}],"wp:attachment":[{"href":"https:\/\/joutia.shop\/en\/wp-json\/wp\/v2\/media?parent=77182"}],"wp:term":[{"taxonomy":"product_brand","embeddable":true,"href":"https:\/\/joutia.shop\/en\/wp-json\/wp\/v2\/product_brand?post=77182"},{"taxonomy":"product_cat","embeddable":true,"href":"https:\/\/joutia.shop\/en\/wp-json\/wp\/v2\/product_cat?post=77182"},{"taxonomy":"product_tag","embeddable":true,"href":"https:\/\/joutia.shop\/en\/wp-json\/wp\/v2\/product_tag?post=77182"}],"curies":[{"name":"wp","href":"https:\/\/api.w.org\/{rel}","templated":true}]}}