{"id":77163,"date":"2026-03-12T22:58:48","date_gmt":"2026-03-12T22:58:48","guid":{"rendered":"https:\/\/joutia.shop\/?post_type=product&#038;p=77163"},"modified":"2026-03-12T22:58:51","modified_gmt":"2026-03-12T22:58:51","slug":"lacdo-housse-de-protection-pour-disque-dur-externe-portable-pour-seagate-game-drive-pour-ps4-seagate-portable-expansion-wd-elements-my-passport-hdd-1to-2to-3to-4to-5to-25-sac-a-disque-dur-bleu","status":"publish","type":"product","link":"https:\/\/joutia.shop\/en\/product\/lacdo-housse-de-protection-pour-disque-dur-externe-portable-pour-seagate-game-drive-pour-ps4-seagate-portable-expansion-wd-elements-my-passport-hdd-1to-2to-3to-4to-5to-25-sac-a-disque-dur-bleu\/","title":{"rendered":"Lacdo Housse de Protection pour Disque Dur Externe Portable pour Seagate Game Drive pour PS4, Seagate Portable\/Expansion, WD Elements\/My Passport HDD 1To 2To 3To 4To 5To 2,5&Prime; Sac \u00e0 Disque Dur, Bleu"},"content":{"rendered":"<h2>Lacdo Housse de Protection pour Disque Dur Externe Portable pour Seagate Game Drive pour PS4, Seagate Portable\/Expansion, WD Elements\/My Passport HDD 1To 2To 3To 4To 5To 2,5&Prime; Sac \u00e0 Disque Dur, Bleu<\/h2>\n<p>Le produit <strong>Lacdo Housse de Protection pour Disque Dur Externe Portable pour Seagate Game Drive pour PS4, Seagate Portable\/Expansion, WD Elements\/My Passport HDD 1To 2To 3To 4To 5To 2,5&Prime; Sac \u00e0 Disque Dur, Bleu<\/strong> est con\u00e7u pour offrir performance et fiabilit\u00e9.<\/p>\n<p>Ce produit est id\u00e9al pour une utilisation quotidienne et r\u00e9pond parfaitement aux besoins des utilisateurs recherchant qualit\u00e9 et efficacit\u00e9.<\/p>\n<h3>Caract\u00e9ristiques principales<\/h3>\n<ul>\n<li>Conception robuste<\/li>\n<li>Utilisation simple<\/li>\n<li>Performance fiable<\/li>\n<\/ul>","protected":false},"excerpt":{"rendered":"<p>Lacdo Housse de Protection pour Disque Dur Externe Portable pour Seagate Game Drive pour PS4, Seagate Portable\/Expansion, WD Elements\/My Passport HDD 1To 2To 3To 4To 5To 2,5&Prime; Sac \u00e0 Disque Dur, Bleu &#8211; produit de qualit\u00e9 con\u00e7u pour un usage quotidien.<\/p>","protected":false},"featured_media":75794,"comment_status":"open","ping_status":"closed","template":"","meta":[],"product_brand":[],"product_cat":[305],"product_tag":[334],"class_list":{"0":"post-77163","1":"product","2":"type-product","3":"status-publish","4":"has-post-thumbnail","6":"product_cat-informatique","7":"product_tag-disque-dur-externe","9":"first","10":"instock","11":"shipping-taxable","12":"product-type-external"},"_links":{"self":[{"href":"https:\/\/joutia.shop\/en\/wp-json\/wp\/v2\/product\/77163","targetHints":{"allow":["GET"]}}],"collection":[{"href":"https:\/\/joutia.shop\/en\/wp-json\/wp\/v2\/product"}],"about":[{"href":"https:\/\/joutia.shop\/en\/wp-json\/wp\/v2\/types\/product"}],"replies":[{"embeddable":true,"href":"https:\/\/joutia.shop\/en\/wp-json\/wp\/v2\/comments?post=77163"}],"wp:featuredmedia":[{"embeddable":true,"href":"https:\/\/joutia.shop\/en\/wp-json\/wp\/v2\/media\/75794"}],"wp:attachment":[{"href":"https:\/\/joutia.shop\/en\/wp-json\/wp\/v2\/media?parent=77163"}],"wp:term":[{"taxonomy":"product_brand","embeddable":true,"href":"https:\/\/joutia.shop\/en\/wp-json\/wp\/v2\/product_brand?post=77163"},{"taxonomy":"product_cat","embeddable":true,"href":"https:\/\/joutia.shop\/en\/wp-json\/wp\/v2\/product_cat?post=77163"},{"taxonomy":"product_tag","embeddable":true,"href":"https:\/\/joutia.shop\/en\/wp-json\/wp\/v2\/product_tag?post=77163"}],"curies":[{"name":"wp","href":"https:\/\/api.w.org\/{rel}","templated":true}]}}