{"id":77159,"date":"2026-03-12T22:58:48","date_gmt":"2026-03-12T22:58:48","guid":{"rendered":"https:\/\/joutia.shop\/?post_type=product&#038;p=77159"},"modified":"2026-03-12T22:58:50","modified_gmt":"2026-03-12T22:58:50","slug":"etui-compatible-avec-sandisk-1-to-2-to-500-go-4-to-pro-extreme-portable-ssd-support-de-stockage-externe-pour-disque-dur-ssd-sdssde61-sdssde60-sdssde81-sdssde30-sdssde60-boite-uniquement-orange","status":"publish","type":"product","link":"https:\/\/joutia.shop\/en\/product\/etui-compatible-avec-sandisk-1-to-2-to-500-go-4-to-pro-extreme-portable-ssd-support-de-stockage-externe-pour-disque-dur-ssd-sdssde61-sdssde60-sdssde81-sdssde30-sdssde60-boite-uniquement-orange\/","title":{"rendered":"\u00c9tui compatible avec SanDisk 1 To, 2 To, 500 Go, 4 To\/Pro Extreme Portable SSD, support de stockage externe pour disque dur SSD SDSSDE61\/SDSSDE60\/SDSSDE81\/SDSSDE30\/SDSSDE60 (bo\u00eete uniquement) (orange)"},"content":{"rendered":"<h2>\u00c9tui compatible avec SanDisk 1 To, 2 To, 500 Go, 4 To\/Pro Extreme Portable SSD, support de stockage externe pour disque dur SSD SDSSDE61\/SDSSDE60\/SDSSDE81\/SDSSDE30\/SDSSDE60 (bo\u00eete uniquement) (orange)<\/h2>\n<p>Le produit <strong>\u00c9tui compatible avec SanDisk 1 To, 2 To, 500 Go, 4 To\/Pro Extreme Portable SSD, support de stockage externe pour disque dur SSD SDSSDE61\/SDSSDE60\/SDSSDE81\/SDSSDE30\/SDSSDE60 (bo\u00eete uniquement) (orange)<\/strong> est con\u00e7u pour offrir performance et fiabilit\u00e9.<\/p>\n<p>Ce produit est id\u00e9al pour une utilisation quotidienne et r\u00e9pond parfaitement aux besoins des utilisateurs recherchant qualit\u00e9 et efficacit\u00e9.<\/p>\n<h3>Caract\u00e9ristiques principales<\/h3>\n<ul>\n<li>Conception robuste<\/li>\n<li>Utilisation simple<\/li>\n<li>Performance fiable<\/li>\n<\/ul>","protected":false},"excerpt":{"rendered":"<p>\u00c9tui compatible avec SanDisk 1 To, 2 To, 500 Go, 4 To\/Pro Extreme Portable SSD, support de stockage externe pour disque dur SSD SDSSDE61\/SDSSDE60\/SDSSDE81\/SDSSDE30\/SDSSDE60 (bo\u00eete uniquement) (orange) &#8211; produit de qualit\u00e9 con\u00e7u pour un usage quotidien.<\/p>","protected":false},"featured_media":75594,"comment_status":"open","ping_status":"closed","template":"","meta":[],"product_brand":[],"product_cat":[305],"product_tag":[334],"class_list":{"0":"post-77159","1":"product","2":"type-product","3":"status-publish","4":"has-post-thumbnail","6":"product_cat-informatique","7":"product_tag-disque-dur-externe","9":"first","10":"instock","11":"shipping-taxable","12":"product-type-external"},"_links":{"self":[{"href":"https:\/\/joutia.shop\/en\/wp-json\/wp\/v2\/product\/77159","targetHints":{"allow":["GET"]}}],"collection":[{"href":"https:\/\/joutia.shop\/en\/wp-json\/wp\/v2\/product"}],"about":[{"href":"https:\/\/joutia.shop\/en\/wp-json\/wp\/v2\/types\/product"}],"replies":[{"embeddable":true,"href":"https:\/\/joutia.shop\/en\/wp-json\/wp\/v2\/comments?post=77159"}],"wp:featuredmedia":[{"embeddable":true,"href":"https:\/\/joutia.shop\/en\/wp-json\/wp\/v2\/media\/75594"}],"wp:attachment":[{"href":"https:\/\/joutia.shop\/en\/wp-json\/wp\/v2\/media?parent=77159"}],"wp:term":[{"taxonomy":"product_brand","embeddable":true,"href":"https:\/\/joutia.shop\/en\/wp-json\/wp\/v2\/product_brand?post=77159"},{"taxonomy":"product_cat","embeddable":true,"href":"https:\/\/joutia.shop\/en\/wp-json\/wp\/v2\/product_cat?post=77159"},{"taxonomy":"product_tag","embeddable":true,"href":"https:\/\/joutia.shop\/en\/wp-json\/wp\/v2\/product_tag?post=77159"}],"curies":[{"name":"wp","href":"https:\/\/api.w.org\/{rel}","templated":true}]}}