{"id":77157,"date":"2026-03-12T22:58:48","date_gmt":"2026-03-12T22:58:48","guid":{"rendered":"https:\/\/joutia.shop\/?post_type=product&#038;p=77157"},"modified":"2026-03-12T22:58:50","modified_gmt":"2026-03-12T22:58:50","slug":"seagate-game-drive-pour-consoles-playstation-2-to-disque-dur-externe-usb-3-2-de-1re-generation-sous-licence-officielle-stgd2000200","status":"publish","type":"product","link":"https:\/\/joutia.shop\/en\/product\/seagate-game-drive-pour-consoles-playstation-2-to-disque-dur-externe-usb-3-2-de-1re-generation-sous-licence-officielle-stgd2000200\/","title":{"rendered":"Seagate Game Drive pour consoles PlayStation, 2 To, disque dur externe, USB 3.2 de 1re g\u00e9n\u00e9ration, sous licence officielle (STGD2000200)"},"content":{"rendered":"<h2>Seagate Game Drive pour consoles PlayStation, 2 To, disque dur externe, USB 3.2 de 1re g\u00e9n\u00e9ration, sous licence officielle (STGD2000200)<\/h2>\n<p>Le produit <strong>Seagate Game Drive pour consoles PlayStation, 2 To, disque dur externe, USB 3.2 de 1re g\u00e9n\u00e9ration, sous licence officielle (STGD2000200)<\/strong> est con\u00e7u pour offrir performance et fiabilit\u00e9.<\/p>\n<p>Ce produit est id\u00e9al pour une utilisation quotidienne et r\u00e9pond parfaitement aux besoins des utilisateurs recherchant qualit\u00e9 et efficacit\u00e9.<\/p>\n<h3>Caract\u00e9ristiques principales<\/h3>\n<ul>\n<li>Conception robuste<\/li>\n<li>Utilisation simple<\/li>\n<li>Performance fiable<\/li>\n<\/ul>","protected":false},"excerpt":{"rendered":"<p>Seagate Game Drive pour consoles PlayStation, 2 To, disque dur externe, USB 3.2 de 1re g\u00e9n\u00e9ration, sous licence officielle (STGD2000200) &#8211; produit de qualit\u00e9 con\u00e7u pour un usage quotidien.<\/p>","protected":false},"featured_media":76165,"comment_status":"open","ping_status":"closed","template":"","meta":[],"product_brand":[],"product_cat":[305],"product_tag":[334],"class_list":{"0":"post-77157","1":"product","2":"type-product","3":"status-publish","4":"has-post-thumbnail","6":"product_cat-informatique","7":"product_tag-disque-dur-externe","9":"first","10":"instock","11":"shipping-taxable","12":"product-type-external"},"_links":{"self":[{"href":"https:\/\/joutia.shop\/en\/wp-json\/wp\/v2\/product\/77157","targetHints":{"allow":["GET"]}}],"collection":[{"href":"https:\/\/joutia.shop\/en\/wp-json\/wp\/v2\/product"}],"about":[{"href":"https:\/\/joutia.shop\/en\/wp-json\/wp\/v2\/types\/product"}],"replies":[{"embeddable":true,"href":"https:\/\/joutia.shop\/en\/wp-json\/wp\/v2\/comments?post=77157"}],"wp:featuredmedia":[{"embeddable":true,"href":"https:\/\/joutia.shop\/en\/wp-json\/wp\/v2\/media\/76165"}],"wp:attachment":[{"href":"https:\/\/joutia.shop\/en\/wp-json\/wp\/v2\/media?parent=77157"}],"wp:term":[{"taxonomy":"product_brand","embeddable":true,"href":"https:\/\/joutia.shop\/en\/wp-json\/wp\/v2\/product_brand?post=77157"},{"taxonomy":"product_cat","embeddable":true,"href":"https:\/\/joutia.shop\/en\/wp-json\/wp\/v2\/product_cat?post=77157"},{"taxonomy":"product_tag","embeddable":true,"href":"https:\/\/joutia.shop\/en\/wp-json\/wp\/v2\/product_tag?post=77157"}],"curies":[{"name":"wp","href":"https:\/\/api.w.org\/{rel}","templated":true}]}}