{"id":77148,"date":"2026-03-12T22:58:47","date_gmt":"2026-03-12T22:58:47","guid":{"rendered":"https:\/\/joutia.shop\/?post_type=product&#038;p=77148"},"modified":"2026-03-12T22:58:49","modified_gmt":"2026-03-12T22:58:49","slug":"adata-hv620s-disque-dur-externe-1000-go-noir-avec-seulement-115mm-de-profil-important-espace-de-stockage-detecteurs-de-chocs","status":"publish","type":"product","link":"https:\/\/joutia.shop\/en\/product\/adata-hv620s-disque-dur-externe-1000-go-noir-avec-seulement-115mm-de-profil-important-espace-de-stockage-detecteurs-de-chocs\/","title":{"rendered":"ADATA HV620S Disque Dur Externe 1000 Go, Noir, avec Seulement 11,5mm de Profil, Important Espace de Stockage, D\u00e9tecteurs de Chocs"},"content":{"rendered":"<h2>ADATA HV620S Disque Dur Externe 1000 Go, Noir, avec Seulement 11,5mm de Profil, Important Espace de Stockage, D\u00e9tecteurs de Chocs<\/h2>\n<p>Le produit <strong>ADATA HV620S Disque Dur Externe 1000 Go, Noir, avec Seulement 11,5mm de Profil, Important Espace de Stockage, D\u00e9tecteurs de Chocs<\/strong> est con\u00e7u pour offrir performance et fiabilit\u00e9.<\/p>\n<p>Ce produit est id\u00e9al pour une utilisation quotidienne et r\u00e9pond parfaitement aux besoins des utilisateurs recherchant qualit\u00e9 et efficacit\u00e9.<\/p>\n<h3>Caract\u00e9ristiques principales<\/h3>\n<ul>\n<li>Conception robuste<\/li>\n<li>Utilisation simple<\/li>\n<li>Performance fiable<\/li>\n<\/ul>","protected":false},"excerpt":{"rendered":"<p>ADATA HV620S Disque Dur Externe 1000 Go, Noir, avec Seulement 11,5mm de Profil, Important Espace de Stockage, D\u00e9tecteurs de Chocs &#8211; produit de qualit\u00e9 con\u00e7u pour un usage quotidien.<\/p>","protected":false},"featured_media":75937,"comment_status":"open","ping_status":"closed","template":"","meta":[],"product_brand":[],"product_cat":[305],"product_tag":[334],"class_list":{"0":"post-77148","1":"product","2":"type-product","3":"status-publish","4":"has-post-thumbnail","6":"product_cat-informatique","7":"product_tag-disque-dur-externe","9":"first","10":"instock","11":"shipping-taxable","12":"product-type-external"},"_links":{"self":[{"href":"https:\/\/joutia.shop\/en\/wp-json\/wp\/v2\/product\/77148","targetHints":{"allow":["GET"]}}],"collection":[{"href":"https:\/\/joutia.shop\/en\/wp-json\/wp\/v2\/product"}],"about":[{"href":"https:\/\/joutia.shop\/en\/wp-json\/wp\/v2\/types\/product"}],"replies":[{"embeddable":true,"href":"https:\/\/joutia.shop\/en\/wp-json\/wp\/v2\/comments?post=77148"}],"wp:featuredmedia":[{"embeddable":true,"href":"https:\/\/joutia.shop\/en\/wp-json\/wp\/v2\/media\/75937"}],"wp:attachment":[{"href":"https:\/\/joutia.shop\/en\/wp-json\/wp\/v2\/media?parent=77148"}],"wp:term":[{"taxonomy":"product_brand","embeddable":true,"href":"https:\/\/joutia.shop\/en\/wp-json\/wp\/v2\/product_brand?post=77148"},{"taxonomy":"product_cat","embeddable":true,"href":"https:\/\/joutia.shop\/en\/wp-json\/wp\/v2\/product_cat?post=77148"},{"taxonomy":"product_tag","embeddable":true,"href":"https:\/\/joutia.shop\/en\/wp-json\/wp\/v2\/product_tag?post=77148"}],"curies":[{"name":"wp","href":"https:\/\/api.w.org\/{rel}","templated":true}]}}