{"id":77138,"date":"2026-03-12T22:58:47","date_gmt":"2026-03-12T22:58:47","guid":{"rendered":"https:\/\/joutia.shop\/?post_type=product&#038;p=77138"},"modified":"2026-03-12T22:58:48","modified_gmt":"2026-03-12T22:58:48","slug":"lg-24u421a-b-ecran-pc-bureautique-24-dalle-va-resolution-fhd-1920x1080-5ms-100hz-hdr-10-srgb-99-cie1931-inclinable-incurve-1500r-hdmi-2-0-usb-c-15w","status":"publish","type":"product","link":"https:\/\/joutia.shop\/en\/product\/lg-24u421a-b-ecran-pc-bureautique-24-dalle-va-resolution-fhd-1920x1080-5ms-100hz-hdr-10-srgb-99-cie1931-inclinable-incurve-1500r-hdmi-2-0-usb-c-15w\/","title":{"rendered":"LG 24U421A-B Ecran PC bureautique 24&Prime; &#8211; Dalle VA r\u00e9solution FHD (1920&#215;1080), 5ms 100Hz, HDR 10, sRGB 99% (CIE1931), inclinable, incurv\u00e9 1500R, HDMI 2.0, USB-C (15W)"},"content":{"rendered":"<h2>LG 24U421A-B Ecran PC bureautique 24&Prime; &#8211; Dalle VA r\u00e9solution FHD (1920&#215;1080), 5ms 100Hz, HDR 10, sRGB 99% (CIE1931), inclinable, incurv\u00e9 1500R, HDMI 2.0, USB-C (15W)<\/h2>\n<p>Le produit <strong>LG 24U421A-B Ecran PC bureautique 24&Prime; &#8211; Dalle VA r\u00e9solution FHD (1920&#215;1080), 5ms 100Hz, HDR 10, sRGB 99% (CIE1931), inclinable, incurv\u00e9 1500R, HDMI 2.0, USB-C (15W)<\/strong> est con\u00e7u pour offrir performance et fiabilit\u00e9.<\/p>\n<p>Ce produit est id\u00e9al pour une utilisation quotidienne et r\u00e9pond parfaitement aux besoins des utilisateurs recherchant qualit\u00e9 et efficacit\u00e9.<\/p>\n<h3>Caract\u00e9ristiques principales<\/h3>\n<ul>\n<li>Conception robuste<\/li>\n<li>Utilisation simple<\/li>\n<li>Performance fiable<\/li>\n<\/ul>","protected":false},"excerpt":{"rendered":"<p>LG 24U421A-B Ecran PC bureautique 24&Prime; &#8211; Dalle VA r\u00e9solution FHD (1920&#215;1080), 5ms 100Hz, HDR 10, sRGB 99% (CIE1931), inclinable, incurv\u00e9 1500R, HDMI 2.0, USB-C (15W) &#8211; produit de qualit\u00e9 con\u00e7u pour un usage quotidien.<\/p>","protected":false},"featured_media":75318,"comment_status":"open","ping_status":"closed","template":"","meta":[],"product_brand":[],"product_cat":[305],"product_tag":[333],"class_list":{"0":"post-77138","1":"product","2":"type-product","3":"status-publish","4":"has-post-thumbnail","6":"product_cat-informatique","7":"product_tag-ecran-pc","9":"first","10":"instock","11":"shipping-taxable","12":"product-type-external"},"_links":{"self":[{"href":"https:\/\/joutia.shop\/en\/wp-json\/wp\/v2\/product\/77138","targetHints":{"allow":["GET"]}}],"collection":[{"href":"https:\/\/joutia.shop\/en\/wp-json\/wp\/v2\/product"}],"about":[{"href":"https:\/\/joutia.shop\/en\/wp-json\/wp\/v2\/types\/product"}],"replies":[{"embeddable":true,"href":"https:\/\/joutia.shop\/en\/wp-json\/wp\/v2\/comments?post=77138"}],"wp:featuredmedia":[{"embeddable":true,"href":"https:\/\/joutia.shop\/en\/wp-json\/wp\/v2\/media\/75318"}],"wp:attachment":[{"href":"https:\/\/joutia.shop\/en\/wp-json\/wp\/v2\/media?parent=77138"}],"wp:term":[{"taxonomy":"product_brand","embeddable":true,"href":"https:\/\/joutia.shop\/en\/wp-json\/wp\/v2\/product_brand?post=77138"},{"taxonomy":"product_cat","embeddable":true,"href":"https:\/\/joutia.shop\/en\/wp-json\/wp\/v2\/product_cat?post=77138"},{"taxonomy":"product_tag","embeddable":true,"href":"https:\/\/joutia.shop\/en\/wp-json\/wp\/v2\/product_tag?post=77138"}],"curies":[{"name":"wp","href":"https:\/\/api.w.org\/{rel}","templated":true}]}}