{"id":77129,"date":"2026-03-12T22:58:42","date_gmt":"2026-03-12T22:58:42","guid":{"rendered":"https:\/\/joutia.shop\/?post_type=product&#038;p=77129"},"modified":"2026-03-12T22:58:45","modified_gmt":"2026-03-12T22:58:45","slug":"hp-v24ie-g5-ecran-pc-23-8-full-hd-ips-75hz-1920-x-1080-169-amd-freesync-5ms-250nits-1x-hdmi-1-4-1xdp-1-2-moniteur-pc-noir","status":"publish","type":"product","link":"https:\/\/joutia.shop\/en\/product\/hp-v24ie-g5-ecran-pc-23-8-full-hd-ips-75hz-1920-x-1080-169-amd-freesync-5ms-250nits-1x-hdmi-1-4-1xdp-1-2-moniteur-pc-noir\/","title":{"rendered":"HP V24ie G5, \u00c9cran PC 23.8&Prime; Full HD IPS, 75Hz (1920 x 1080, 16:9, AMD FreeSync, 5ms, 250Nits, 1x HDMI 1.4\/1xDP 1.2) Moniteur PC, Noir"},"content":{"rendered":"<h2>HP V24ie G5, \u00c9cran PC 23.8&Prime; Full HD IPS, 75Hz (1920 x 1080, 16:9, AMD FreeSync, 5ms, 250Nits, 1x HDMI 1.4\/1xDP 1.2) Moniteur PC, Noir<\/h2>\n<p>Le produit <strong>HP V24ie G5, \u00c9cran PC 23.8&Prime; Full HD IPS, 75Hz (1920 x 1080, 16:9, AMD FreeSync, 5ms, 250Nits, 1x HDMI 1.4\/1xDP 1.2) Moniteur PC, Noir<\/strong> est con\u00e7u pour offrir performance et fiabilit\u00e9.<\/p>\n<p>Ce produit est id\u00e9al pour une utilisation quotidienne et r\u00e9pond parfaitement aux besoins des utilisateurs recherchant qualit\u00e9 et efficacit\u00e9.<\/p>\n<h3>Caract\u00e9ristiques principales<\/h3>\n<ul>\n<li>Conception robuste<\/li>\n<li>Utilisation simple<\/li>\n<li>Performance fiable<\/li>\n<\/ul>","protected":false},"excerpt":{"rendered":"<p>HP V24ie G5, \u00c9cran PC 23.8&Prime; Full HD IPS, 75Hz (1920 x 1080, 16:9, AMD FreeSync, 5ms, 250Nits, 1x HDMI 1.4\/1xDP 1.2) Moniteur PC, Noir &#8211; produit de qualit\u00e9 con\u00e7u pour un usage quotidien.<\/p>","protected":false},"featured_media":76024,"comment_status":"open","ping_status":"closed","template":"","meta":[],"product_brand":[],"product_cat":[305],"product_tag":[333],"class_list":{"0":"post-77129","1":"product","2":"type-product","3":"status-publish","4":"has-post-thumbnail","6":"product_cat-informatique","7":"product_tag-ecran-pc","9":"first","10":"instock","11":"shipping-taxable","12":"product-type-external"},"_links":{"self":[{"href":"https:\/\/joutia.shop\/en\/wp-json\/wp\/v2\/product\/77129","targetHints":{"allow":["GET"]}}],"collection":[{"href":"https:\/\/joutia.shop\/en\/wp-json\/wp\/v2\/product"}],"about":[{"href":"https:\/\/joutia.shop\/en\/wp-json\/wp\/v2\/types\/product"}],"replies":[{"embeddable":true,"href":"https:\/\/joutia.shop\/en\/wp-json\/wp\/v2\/comments?post=77129"}],"wp:featuredmedia":[{"embeddable":true,"href":"https:\/\/joutia.shop\/en\/wp-json\/wp\/v2\/media\/76024"}],"wp:attachment":[{"href":"https:\/\/joutia.shop\/en\/wp-json\/wp\/v2\/media?parent=77129"}],"wp:term":[{"taxonomy":"product_brand","embeddable":true,"href":"https:\/\/joutia.shop\/en\/wp-json\/wp\/v2\/product_brand?post=77129"},{"taxonomy":"product_cat","embeddable":true,"href":"https:\/\/joutia.shop\/en\/wp-json\/wp\/v2\/product_cat?post=77129"},{"taxonomy":"product_tag","embeddable":true,"href":"https:\/\/joutia.shop\/en\/wp-json\/wp\/v2\/product_tag?post=77129"}],"curies":[{"name":"wp","href":"https:\/\/api.w.org\/{rel}","templated":true}]}}