{"id":77115,"date":"2026-03-12T22:58:41","date_gmt":"2026-03-12T22:58:41","guid":{"rendered":"https:\/\/joutia.shop\/?post_type=product&#038;p=77115"},"modified":"2026-03-12T22:58:44","modified_gmt":"2026-03-12T22:58:44","slug":"patamiyar-coque-antichoc-avec-poignee-et-support-pour-samsung-galaxy-tab-a11-plus-2025-a9-plus-11-2023-avec-protecteur-decran-jaune","status":"publish","type":"product","link":"https:\/\/joutia.shop\/en\/product\/patamiyar-coque-antichoc-avec-poignee-et-support-pour-samsung-galaxy-tab-a11-plus-2025-a9-plus-11-2023-avec-protecteur-decran-jaune\/","title":{"rendered":"Patamiyar Coque antichoc avec poign\u00e9e et support pour Samsung Galaxy Tab A11+ Plus 2025\/A9+ Plus 11&Prime; 2023 avec protecteur d&rsquo;\u00e9cran, jaune"},"content":{"rendered":"<h2>Patamiyar Coque antichoc avec poign\u00e9e et support pour Samsung Galaxy Tab A11+ Plus 2025\/A9+ Plus 11&Prime; 2023 avec protecteur d&rsquo;\u00e9cran, jaune<\/h2>\n<p>Le produit <strong>Patamiyar Coque antichoc avec poign\u00e9e et support pour Samsung Galaxy Tab A11+ Plus 2025\/A9+ Plus 11&Prime; 2023 avec protecteur d&rsquo;\u00e9cran, jaune<\/strong> est con\u00e7u pour offrir performance et fiabilit\u00e9.<\/p>\n<p>Ce produit est id\u00e9al pour une utilisation quotidienne et r\u00e9pond parfaitement aux besoins des utilisateurs recherchant qualit\u00e9 et efficacit\u00e9.<\/p>\n<h3>Caract\u00e9ristiques principales<\/h3>\n<ul>\n<li>Conception robuste<\/li>\n<li>Utilisation simple<\/li>\n<li>Performance fiable<\/li>\n<\/ul>","protected":false},"excerpt":{"rendered":"<p>Patamiyar Coque antichoc avec poign\u00e9e et support pour Samsung Galaxy Tab A11+ Plus 2025\/A9+ Plus 11&Prime; 2023 avec protecteur d&rsquo;\u00e9cran, jaune &#8211; produit de qualit\u00e9 con\u00e7u pour un usage quotidien.<\/p>","protected":false},"featured_media":75964,"comment_status":"open","ping_status":"closed","template":"","meta":[],"product_brand":[],"product_cat":[305],"product_tag":[333],"class_list":{"0":"post-77115","1":"product","2":"type-product","3":"status-publish","4":"has-post-thumbnail","6":"product_cat-informatique","7":"product_tag-ecran-pc","9":"first","10":"instock","11":"shipping-taxable","12":"product-type-external"},"_links":{"self":[{"href":"https:\/\/joutia.shop\/en\/wp-json\/wp\/v2\/product\/77115","targetHints":{"allow":["GET"]}}],"collection":[{"href":"https:\/\/joutia.shop\/en\/wp-json\/wp\/v2\/product"}],"about":[{"href":"https:\/\/joutia.shop\/en\/wp-json\/wp\/v2\/types\/product"}],"replies":[{"embeddable":true,"href":"https:\/\/joutia.shop\/en\/wp-json\/wp\/v2\/comments?post=77115"}],"wp:featuredmedia":[{"embeddable":true,"href":"https:\/\/joutia.shop\/en\/wp-json\/wp\/v2\/media\/75964"}],"wp:attachment":[{"href":"https:\/\/joutia.shop\/en\/wp-json\/wp\/v2\/media?parent=77115"}],"wp:term":[{"taxonomy":"product_brand","embeddable":true,"href":"https:\/\/joutia.shop\/en\/wp-json\/wp\/v2\/product_brand?post=77115"},{"taxonomy":"product_cat","embeddable":true,"href":"https:\/\/joutia.shop\/en\/wp-json\/wp\/v2\/product_cat?post=77115"},{"taxonomy":"product_tag","embeddable":true,"href":"https:\/\/joutia.shop\/en\/wp-json\/wp\/v2\/product_tag?post=77115"}],"curies":[{"name":"wp","href":"https:\/\/api.w.org\/{rel}","templated":true}]}}