{"id":77109,"date":"2026-03-12T22:58:41","date_gmt":"2026-03-12T22:58:41","guid":{"rendered":"https:\/\/joutia.shop\/?post_type=product&#038;p=77109"},"modified":"2026-03-12T22:58:43","modified_gmt":"2026-03-12T22:58:43","slug":"moniteur-pour-photographe-sw242q-benq-24-pouces-2k-1610-compatible-macbook-windows-99-adobe-rgb-98-p3-etalonnage-materiel-usb-c-90-w-certification-antireflet-tuv-lut-3d-16-bits-hdr10","status":"publish","type":"product","link":"https:\/\/joutia.shop\/en\/product\/moniteur-pour-photographe-sw242q-benq-24-pouces-2k-1610-compatible-macbook-windows-99-adobe-rgb-98-p3-etalonnage-materiel-usb-c-90-w-certification-antireflet-tuv-lut-3d-16-bits-hdr10\/","title":{"rendered":"Moniteur pour Photographe SW242Q BenQ 24 Pouces 2K 16:10 Compatible MacBook\/Windows, 99% Adobe RGB, 98% P3, \u00c9talonnage Mat\u00e9riel, USB-C 90 W, Certification Antireflet TUV, LUT 3D 16 Bits, HDR10"},"content":{"rendered":"<h2>Moniteur pour Photographe SW242Q BenQ 24 Pouces 2K 16:10 Compatible MacBook\/Windows, 99% Adobe RGB, 98% P3, \u00c9talonnage Mat\u00e9riel, USB-C 90 W, Certification Antireflet TUV, LUT 3D 16 Bits, HDR10<\/h2>\n<p>Le produit <strong>Moniteur pour Photographe SW242Q BenQ 24 Pouces 2K 16:10 Compatible MacBook\/Windows, 99% Adobe RGB, 98% P3, \u00c9talonnage Mat\u00e9riel, USB-C 90 W, Certification Antireflet TUV, LUT 3D 16 Bits, HDR10<\/strong> est con\u00e7u pour offrir performance et fiabilit\u00e9.<\/p>\n<p>Ce produit est id\u00e9al pour une utilisation quotidienne et r\u00e9pond parfaitement aux besoins des utilisateurs recherchant qualit\u00e9 et efficacit\u00e9.<\/p>\n<h3>Caract\u00e9ristiques principales<\/h3>\n<ul>\n<li>Conception robuste<\/li>\n<li>Utilisation simple<\/li>\n<li>Performance fiable<\/li>\n<\/ul>","protected":false},"excerpt":{"rendered":"<p>Moniteur pour Photographe SW242Q BenQ 24 Pouces 2K 16:10 Compatible MacBook\/Windows, 99% Adobe RGB, 98% P3, \u00c9talonnage Mat\u00e9riel, USB-C 90 W, Certification Antireflet TUV, LUT 3D 16 Bits, HDR10 &#8211; produit de qualit\u00e9 con\u00e7u pour un usage quotidien.<\/p>","protected":false},"featured_media":76283,"comment_status":"open","ping_status":"closed","template":"","meta":[],"product_brand":[],"product_cat":[305],"product_tag":[333],"class_list":{"0":"post-77109","1":"product","2":"type-product","3":"status-publish","4":"has-post-thumbnail","6":"product_cat-informatique","7":"product_tag-ecran-pc","9":"first","10":"instock","11":"shipping-taxable","12":"product-type-external"},"_links":{"self":[{"href":"https:\/\/joutia.shop\/en\/wp-json\/wp\/v2\/product\/77109","targetHints":{"allow":["GET"]}}],"collection":[{"href":"https:\/\/joutia.shop\/en\/wp-json\/wp\/v2\/product"}],"about":[{"href":"https:\/\/joutia.shop\/en\/wp-json\/wp\/v2\/types\/product"}],"replies":[{"embeddable":true,"href":"https:\/\/joutia.shop\/en\/wp-json\/wp\/v2\/comments?post=77109"}],"wp:featuredmedia":[{"embeddable":true,"href":"https:\/\/joutia.shop\/en\/wp-json\/wp\/v2\/media\/76283"}],"wp:attachment":[{"href":"https:\/\/joutia.shop\/en\/wp-json\/wp\/v2\/media?parent=77109"}],"wp:term":[{"taxonomy":"product_brand","embeddable":true,"href":"https:\/\/joutia.shop\/en\/wp-json\/wp\/v2\/product_brand?post=77109"},{"taxonomy":"product_cat","embeddable":true,"href":"https:\/\/joutia.shop\/en\/wp-json\/wp\/v2\/product_cat?post=77109"},{"taxonomy":"product_tag","embeddable":true,"href":"https:\/\/joutia.shop\/en\/wp-json\/wp\/v2\/product_tag?post=77109"}],"curies":[{"name":"wp","href":"https:\/\/api.w.org\/{rel}","templated":true}]}}