{"id":77108,"date":"2026-03-12T22:58:41","date_gmt":"2026-03-12T22:58:41","guid":{"rendered":"https:\/\/joutia.shop\/?post_type=product&#038;p=77108"},"modified":"2026-03-12T22:58:43","modified_gmt":"2026-03-12T22:58:43","slug":"etui-pour-tablette-enfant-2021-10-poids-leger-resistant-aux-chocs-avec-film-protecteur-decran-poignee-support-incompatible-avec-les-tablettes-samsung-ipad-10-rose","status":"publish","type":"product","link":"https:\/\/joutia.shop\/en\/product\/etui-pour-tablette-enfant-2021-10-poids-leger-resistant-aux-chocs-avec-film-protecteur-decran-poignee-support-incompatible-avec-les-tablettes-samsung-ipad-10-rose\/","title":{"rendered":"\u00c9tui pour tablette enfant 2021 10&Prime; \u2013 Poids l\u00e9ger, r\u00e9sistant aux chocs \u2013 Avec film protecteur d&rsquo;\u00e9cran, poign\u00e9e, support, incompatible avec les tablettes Samsung iPad 10&Prime; \u2013 Rose"},"content":{"rendered":"<h2>\u00c9tui pour tablette enfant 2021 10&Prime; \u2013 Poids l\u00e9ger, r\u00e9sistant aux chocs \u2013 Avec film protecteur d&rsquo;\u00e9cran, poign\u00e9e, support, incompatible avec les tablettes Samsung iPad 10&Prime; \u2013 Rose<\/h2>\n<p>Le produit <strong>\u00c9tui pour tablette enfant 2021 10&Prime; \u2013 Poids l\u00e9ger, r\u00e9sistant aux chocs \u2013 Avec film protecteur d&rsquo;\u00e9cran, poign\u00e9e, support, incompatible avec les tablettes Samsung iPad 10&Prime; \u2013 Rose<\/strong> est con\u00e7u pour offrir performance et fiabilit\u00e9.<\/p>\n<p>Ce produit est id\u00e9al pour une utilisation quotidienne et r\u00e9pond parfaitement aux besoins des utilisateurs recherchant qualit\u00e9 et efficacit\u00e9.<\/p>\n<h3>Caract\u00e9ristiques principales<\/h3>\n<ul>\n<li>Conception robuste<\/li>\n<li>Utilisation simple<\/li>\n<li>Performance fiable<\/li>\n<\/ul>","protected":false},"excerpt":{"rendered":"<p>\u00c9tui pour tablette enfant 2021 10&Prime; \u2013 Poids l\u00e9ger, r\u00e9sistant aux chocs \u2013 Avec film protecteur d&rsquo;\u00e9cran, poign\u00e9e, support, incompatible avec les tablettes Samsung iPad 10&Prime; \u2013 Rose &#8211; produit de qualit\u00e9 con\u00e7u pour un usage quotidien.<\/p>","protected":false},"featured_media":76038,"comment_status":"open","ping_status":"closed","template":"","meta":[],"product_brand":[],"product_cat":[305],"product_tag":[333],"class_list":{"0":"post-77108","1":"product","2":"type-product","3":"status-publish","4":"has-post-thumbnail","6":"product_cat-informatique","7":"product_tag-ecran-pc","9":"first","10":"instock","11":"shipping-taxable","12":"product-type-external"},"_links":{"self":[{"href":"https:\/\/joutia.shop\/en\/wp-json\/wp\/v2\/product\/77108","targetHints":{"allow":["GET"]}}],"collection":[{"href":"https:\/\/joutia.shop\/en\/wp-json\/wp\/v2\/product"}],"about":[{"href":"https:\/\/joutia.shop\/en\/wp-json\/wp\/v2\/types\/product"}],"replies":[{"embeddable":true,"href":"https:\/\/joutia.shop\/en\/wp-json\/wp\/v2\/comments?post=77108"}],"wp:featuredmedia":[{"embeddable":true,"href":"https:\/\/joutia.shop\/en\/wp-json\/wp\/v2\/media\/76038"}],"wp:attachment":[{"href":"https:\/\/joutia.shop\/en\/wp-json\/wp\/v2\/media?parent=77108"}],"wp:term":[{"taxonomy":"product_brand","embeddable":true,"href":"https:\/\/joutia.shop\/en\/wp-json\/wp\/v2\/product_brand?post=77108"},{"taxonomy":"product_cat","embeddable":true,"href":"https:\/\/joutia.shop\/en\/wp-json\/wp\/v2\/product_cat?post=77108"},{"taxonomy":"product_tag","embeddable":true,"href":"https:\/\/joutia.shop\/en\/wp-json\/wp\/v2\/product_tag?post=77108"}],"curies":[{"name":"wp","href":"https:\/\/api.w.org\/{rel}","templated":true}]}}