{"id":77106,"date":"2026-03-12T22:58:40","date_gmt":"2026-03-12T22:58:40","guid":{"rendered":"https:\/\/joutia.shop\/?post_type=product&#038;p=77106"},"modified":"2026-03-12T22:58:42","modified_gmt":"2026-03-12T22:58:42","slug":"lg-ultragear-27gr75q-b-ecran-pc-gaming-27-dalle-ips-resolution-qhd-2560x1440-1ms-gtg-165hz-hdr-10-srgb-99-amd-freesync-premium-compatible-nvidia-g-sync-inclinable-reglable-en-haut","status":"publish","type":"product","link":"https:\/\/joutia.shop\/en\/product\/lg-ultragear-27gr75q-b-ecran-pc-gaming-27-dalle-ips-resolution-qhd-2560x1440-1ms-gtg-165hz-hdr-10-srgb-99-amd-freesync-premium-compatible-nvidia-g-sync-inclinable-reglable-en-haut\/","title":{"rendered":"LG Ultragear\u2122 27GR75Q-B Ecran PC Gaming 27&Prime; &#8211; Dalle IPS r\u00e9solution QHD (2560&#215;1440), 1ms GtG 165Hz, HDR 10, sRGB 99%, AMD FreeSync Premium, Compatible NVIDIA G-Sync, inclinable, r\u00e9glable en Hauteur"},"content":{"rendered":"<h2>LG Ultragear\u2122 27GR75Q-B Ecran PC Gaming 27&Prime; &#8211; Dalle IPS r\u00e9solution QHD (2560&#215;1440), 1ms GtG 165Hz, HDR 10, sRGB 99%, AMD FreeSync Premium, Compatible NVIDIA G-Sync, inclinable, r\u00e9glable en Hauteur<\/h2>\n<p>Le produit <strong>LG Ultragear\u2122 27GR75Q-B Ecran PC Gaming 27&Prime; &#8211; Dalle IPS r\u00e9solution QHD (2560&#215;1440), 1ms GtG 165Hz, HDR 10, sRGB 99%, AMD FreeSync Premium, Compatible NVIDIA G-Sync, inclinable, r\u00e9glable en Hauteur<\/strong> est con\u00e7u pour offrir performance et fiabilit\u00e9.<\/p>\n<p>Ce produit est id\u00e9al pour une utilisation quotidienne et r\u00e9pond parfaitement aux besoins des utilisateurs recherchant qualit\u00e9 et efficacit\u00e9.<\/p>\n<h3>Caract\u00e9ristiques principales<\/h3>\n<ul>\n<li>Conception robuste<\/li>\n<li>Utilisation simple<\/li>\n<li>Performance fiable<\/li>\n<\/ul>","protected":false},"excerpt":{"rendered":"<p>LG Ultragear\u2122 27GR75Q-B Ecran PC Gaming 27&Prime; &#8211; Dalle IPS r\u00e9solution QHD (2560&#215;1440), 1ms GtG 165Hz, HDR 10, sRGB 99%, AMD FreeSync Premium, Compatible NVIDIA G-Sync, inclinable, r\u00e9glable en Hauteur &#8211; produit de qualit\u00e9 con\u00e7u pour un usage quotidien.<\/p>","protected":false},"featured_media":75325,"comment_status":"open","ping_status":"closed","template":"","meta":[],"product_brand":[],"product_cat":[305],"product_tag":[333],"class_list":{"0":"post-77106","1":"product","2":"type-product","3":"status-publish","4":"has-post-thumbnail","6":"product_cat-informatique","7":"product_tag-ecran-pc","9":"first","10":"instock","11":"shipping-taxable","12":"product-type-external"},"_links":{"self":[{"href":"https:\/\/joutia.shop\/en\/wp-json\/wp\/v2\/product\/77106","targetHints":{"allow":["GET"]}}],"collection":[{"href":"https:\/\/joutia.shop\/en\/wp-json\/wp\/v2\/product"}],"about":[{"href":"https:\/\/joutia.shop\/en\/wp-json\/wp\/v2\/types\/product"}],"replies":[{"embeddable":true,"href":"https:\/\/joutia.shop\/en\/wp-json\/wp\/v2\/comments?post=77106"}],"wp:featuredmedia":[{"embeddable":true,"href":"https:\/\/joutia.shop\/en\/wp-json\/wp\/v2\/media\/75325"}],"wp:attachment":[{"href":"https:\/\/joutia.shop\/en\/wp-json\/wp\/v2\/media?parent=77106"}],"wp:term":[{"taxonomy":"product_brand","embeddable":true,"href":"https:\/\/joutia.shop\/en\/wp-json\/wp\/v2\/product_brand?post=77106"},{"taxonomy":"product_cat","embeddable":true,"href":"https:\/\/joutia.shop\/en\/wp-json\/wp\/v2\/product_cat?post=77106"},{"taxonomy":"product_tag","embeddable":true,"href":"https:\/\/joutia.shop\/en\/wp-json\/wp\/v2\/product_tag?post=77106"}],"curies":[{"name":"wp","href":"https:\/\/api.w.org\/{rel}","templated":true}]}}