{"id":77103,"date":"2026-03-12T22:58:35","date_gmt":"2026-03-12T22:58:35","guid":{"rendered":"https:\/\/joutia.shop\/?post_type=product&#038;p=77103"},"modified":"2026-03-12T22:58:38","modified_gmt":"2026-03-12T22:58:38","slug":"ergotron-bras-hx-hd-gaming-support-mono-ecran-pour-moniteurs-incurves-1000r-jusqua-49-pouces-127-191kg-vesa-pivot-hd-noir-mat-45-647-224","status":"publish","type":"product","link":"https:\/\/joutia.shop\/en\/product\/ergotron-bras-hx-hd-gaming-support-mono-ecran-pour-moniteurs-incurves-1000r-jusqua-49-pouces-127-191kg-vesa-pivot-hd-noir-mat-45-647-224\/","title":{"rendered":"Ergotron &#8211; Bras HX HD gaming : support mono-\u00e9cran, pour moniteurs incurv\u00e9s 1000R jusqu&rsquo;\u00e0 49 pouces, 12,7-19,1kg, VESA \u2013 Pivot HD, Noir mat. (45-647-224)"},"content":{"rendered":"<h2>Ergotron &#8211; Bras HX HD gaming : support mono-\u00e9cran, pour moniteurs incurv\u00e9s 1000R jusqu&rsquo;\u00e0 49 pouces, 12,7-19,1kg, VESA \u2013 Pivot HD, Noir mat. (45-647-224)<\/h2>\n<p>Le produit <strong>Ergotron &#8211; Bras HX HD gaming : support mono-\u00e9cran, pour moniteurs incurv\u00e9s 1000R jusqu&rsquo;\u00e0 49 pouces, 12,7-19,1kg, VESA \u2013 Pivot HD, Noir mat. (45-647-224)<\/strong> est con\u00e7u pour offrir performance et fiabilit\u00e9.<\/p>\n<p>Ce produit est id\u00e9al pour une utilisation quotidienne et r\u00e9pond parfaitement aux besoins des utilisateurs recherchant qualit\u00e9 et efficacit\u00e9.<\/p>\n<h3>Caract\u00e9ristiques principales<\/h3>\n<ul>\n<li>Conception robuste<\/li>\n<li>Utilisation simple<\/li>\n<li>Performance fiable<\/li>\n<\/ul>","protected":false},"excerpt":{"rendered":"<p>Ergotron &#8211; Bras HX HD gaming : support mono-\u00e9cran, pour moniteurs incurv\u00e9s 1000R jusqu&rsquo;\u00e0 49 pouces, 12,7-19,1kg, VESA \u2013 Pivot HD, Noir mat. (45-647-224) &#8211; produit de qualit\u00e9 con\u00e7u pour un usage quotidien.<\/p>","protected":false},"featured_media":75564,"comment_status":"open","ping_status":"closed","template":"","meta":[],"product_brand":[],"product_cat":[305],"product_tag":[333],"class_list":{"0":"post-77103","1":"product","2":"type-product","3":"status-publish","4":"has-post-thumbnail","6":"product_cat-informatique","7":"product_tag-ecran-pc","9":"first","10":"instock","11":"shipping-taxable","12":"product-type-external"},"_links":{"self":[{"href":"https:\/\/joutia.shop\/en\/wp-json\/wp\/v2\/product\/77103","targetHints":{"allow":["GET"]}}],"collection":[{"href":"https:\/\/joutia.shop\/en\/wp-json\/wp\/v2\/product"}],"about":[{"href":"https:\/\/joutia.shop\/en\/wp-json\/wp\/v2\/types\/product"}],"replies":[{"embeddable":true,"href":"https:\/\/joutia.shop\/en\/wp-json\/wp\/v2\/comments?post=77103"}],"wp:featuredmedia":[{"embeddable":true,"href":"https:\/\/joutia.shop\/en\/wp-json\/wp\/v2\/media\/75564"}],"wp:attachment":[{"href":"https:\/\/joutia.shop\/en\/wp-json\/wp\/v2\/media?parent=77103"}],"wp:term":[{"taxonomy":"product_brand","embeddable":true,"href":"https:\/\/joutia.shop\/en\/wp-json\/wp\/v2\/product_brand?post=77103"},{"taxonomy":"product_cat","embeddable":true,"href":"https:\/\/joutia.shop\/en\/wp-json\/wp\/v2\/product_cat?post=77103"},{"taxonomy":"product_tag","embeddable":true,"href":"https:\/\/joutia.shop\/en\/wp-json\/wp\/v2\/product_tag?post=77103"}],"curies":[{"name":"wp","href":"https:\/\/api.w.org\/{rel}","templated":true}]}}