{"id":77085,"date":"2026-03-12T22:58:34","date_gmt":"2026-03-12T22:58:34","guid":{"rendered":"https:\/\/joutia.shop\/?post_type=product&#038;p=77085"},"modified":"2026-03-12T22:58:36","modified_gmt":"2026-03-12T22:58:36","slug":"tecurs-clavier-gaming-mecanique-75-iso-fr-sans-fil-hot-swap-gasket-mount-rgb-mk209-clavier-gamer-azerty-avec-knob-tri-mode-keyboard-tkl-pbt-keycaps-son-creamy-red-switch-pour-pc-mac-ps4-ps5-2","status":"publish","type":"product","link":"https:\/\/joutia.shop\/en\/product\/tecurs-clavier-gaming-mecanique-75-iso-fr-sans-fil-hot-swap-gasket-mount-rgb-mk209-clavier-gamer-azerty-avec-knob-tri-mode-keyboard-tkl-pbt-keycaps-son-creamy-red-switch-pour-pc-mac-ps4-ps5-2\/","title":{"rendered":"TECURS Clavier Gaming M\u00e9canique- 75% ISO-FR sans Fil Hot-Swap, Gasket Mount, RGB, MK209 Clavier Gamer AZERTY avec Knob, Tri Mode Keyboard TKL, PBT Keycaps, Son Creamy, Red Switch pour PC\/Mac\/PS4\/PS5"},"content":{"rendered":"<h2>TECURS Clavier Gaming M\u00e9canique- 75% ISO-FR sans Fil Hot-Swap, Gasket Mount, RGB, MK209 Clavier Gamer AZERTY avec Knob, Tri Mode Keyboard TKL, PBT Keycaps, Son Creamy, Red Switch pour PC\/Mac\/PS4\/PS5<\/h2>\n<p>Le produit <strong>TECURS Clavier Gaming M\u00e9canique- 75% ISO-FR sans Fil Hot-Swap, Gasket Mount, RGB, MK209 Clavier Gamer AZERTY avec Knob, Tri Mode Keyboard TKL, PBT Keycaps, Son Creamy, Red Switch pour PC\/Mac\/PS4\/PS5<\/strong> est con\u00e7u pour offrir performance et fiabilit\u00e9.<\/p>\n<p>Ce produit est id\u00e9al pour une utilisation quotidienne et r\u00e9pond parfaitement aux besoins des utilisateurs recherchant qualit\u00e9 et efficacit\u00e9.<\/p>\n<h3>Caract\u00e9ristiques principales<\/h3>\n<ul>\n<li>Conception robuste<\/li>\n<li>Utilisation simple<\/li>\n<li>Performance fiable<\/li>\n<\/ul>","protected":false},"excerpt":{"rendered":"<p>TECURS Clavier Gaming M\u00e9canique- 75% ISO-FR sans Fil Hot-Swap, Gasket Mount, RGB, MK209 Clavier Gamer AZERTY avec Knob, Tri Mode Keyboard TKL, PBT Keycaps, Son Creamy, Red Switch pour PC\/Mac\/PS4\/PS5 &#8211; produit de qualit\u00e9 con\u00e7u pour un usage quotidien.<\/p>","protected":false},"featured_media":75320,"comment_status":"open","ping_status":"closed","template":"","meta":[],"product_brand":[],"product_cat":[329],"product_tag":[332],"class_list":{"0":"post-77085","1":"product","2":"type-product","3":"status-publish","4":"has-post-thumbnail","6":"product_cat-gaming","7":"product_tag-clavier-gaming","9":"first","10":"instock","11":"shipping-taxable","12":"product-type-external"},"_links":{"self":[{"href":"https:\/\/joutia.shop\/en\/wp-json\/wp\/v2\/product\/77085","targetHints":{"allow":["GET"]}}],"collection":[{"href":"https:\/\/joutia.shop\/en\/wp-json\/wp\/v2\/product"}],"about":[{"href":"https:\/\/joutia.shop\/en\/wp-json\/wp\/v2\/types\/product"}],"replies":[{"embeddable":true,"href":"https:\/\/joutia.shop\/en\/wp-json\/wp\/v2\/comments?post=77085"}],"wp:featuredmedia":[{"embeddable":true,"href":"https:\/\/joutia.shop\/en\/wp-json\/wp\/v2\/media\/75320"}],"wp:attachment":[{"href":"https:\/\/joutia.shop\/en\/wp-json\/wp\/v2\/media?parent=77085"}],"wp:term":[{"taxonomy":"product_brand","embeddable":true,"href":"https:\/\/joutia.shop\/en\/wp-json\/wp\/v2\/product_brand?post=77085"},{"taxonomy":"product_cat","embeddable":true,"href":"https:\/\/joutia.shop\/en\/wp-json\/wp\/v2\/product_cat?post=77085"},{"taxonomy":"product_tag","embeddable":true,"href":"https:\/\/joutia.shop\/en\/wp-json\/wp\/v2\/product_tag?post=77085"}],"curies":[{"name":"wp","href":"https:\/\/api.w.org\/{rel}","templated":true}]}}