{"id":77079,"date":"2026-03-12T22:58:33","date_gmt":"2026-03-12T22:58:33","guid":{"rendered":"https:\/\/joutia.shop\/?post_type=product&#038;p=77079"},"modified":"2026-03-12T22:58:35","modified_gmt":"2026-03-12T22:58:35","slug":"corsair-k70-pro-mini-wireless-rgb-60-clavier-mecanique-gaming-technologie-wireless-ultrarapide-inferieure-a-1-ms-switchs-cherry-mx-red-amovibles-jeux-de-touches-a-double-injection-pbt-noir","status":"publish","type":"product","link":"https:\/\/joutia.shop\/en\/product\/corsair-k70-pro-mini-wireless-rgb-60-clavier-mecanique-gaming-technologie-wireless-ultrarapide-inferieure-a-1-ms-switchs-cherry-mx-red-amovibles-jeux-de-touches-a-double-injection-pbt-noir\/","title":{"rendered":"Corsair K70 Pro Mini Wireless RGB 60% Clavier m\u00e9canique Gaming (Technologie Wireless ultrarapide inf\u00e9rieure \u00e0 1 ms, Switchs Cherry MX Red Amovibles, Jeux de Touches \u00e0 Double Injection PBT) Noir"},"content":{"rendered":"<h2>Corsair K70 Pro Mini Wireless RGB 60% Clavier m\u00e9canique Gaming (Technologie Wireless ultrarapide inf\u00e9rieure \u00e0 1 ms, Switchs Cherry MX Red Amovibles, Jeux de Touches \u00e0 Double Injection PBT) Noir<\/h2>\n<p>Le produit <strong>Corsair K70 Pro Mini Wireless RGB 60% Clavier m\u00e9canique Gaming (Technologie Wireless ultrarapide inf\u00e9rieure \u00e0 1 ms, Switchs Cherry MX Red Amovibles, Jeux de Touches \u00e0 Double Injection PBT) Noir<\/strong> est con\u00e7u pour offrir performance et fiabilit\u00e9.<\/p>\n<p>Ce produit est id\u00e9al pour une utilisation quotidienne et r\u00e9pond parfaitement aux besoins des utilisateurs recherchant qualit\u00e9 et efficacit\u00e9.<\/p>\n<h3>Caract\u00e9ristiques principales<\/h3>\n<ul>\n<li>Conception robuste<\/li>\n<li>Utilisation simple<\/li>\n<li>Performance fiable<\/li>\n<\/ul>","protected":false},"excerpt":{"rendered":"<p>Corsair K70 Pro Mini Wireless RGB 60% Clavier m\u00e9canique Gaming (Technologie Wireless ultrarapide inf\u00e9rieure \u00e0 1 ms, Switchs Cherry MX Red Amovibles, Jeux de Touches \u00e0 Double Injection PBT) Noir &#8211; produit de qualit\u00e9 con\u00e7u pour un usage quotidien.<\/p>","protected":false},"featured_media":75749,"comment_status":"open","ping_status":"closed","template":"","meta":[],"product_brand":[],"product_cat":[329],"product_tag":[332],"class_list":{"0":"post-77079","1":"product","2":"type-product","3":"status-publish","4":"has-post-thumbnail","6":"product_cat-gaming","7":"product_tag-clavier-gaming","9":"first","10":"instock","11":"shipping-taxable","12":"product-type-external"},"_links":{"self":[{"href":"https:\/\/joutia.shop\/en\/wp-json\/wp\/v2\/product\/77079","targetHints":{"allow":["GET"]}}],"collection":[{"href":"https:\/\/joutia.shop\/en\/wp-json\/wp\/v2\/product"}],"about":[{"href":"https:\/\/joutia.shop\/en\/wp-json\/wp\/v2\/types\/product"}],"replies":[{"embeddable":true,"href":"https:\/\/joutia.shop\/en\/wp-json\/wp\/v2\/comments?post=77079"}],"wp:featuredmedia":[{"embeddable":true,"href":"https:\/\/joutia.shop\/en\/wp-json\/wp\/v2\/media\/75749"}],"wp:attachment":[{"href":"https:\/\/joutia.shop\/en\/wp-json\/wp\/v2\/media?parent=77079"}],"wp:term":[{"taxonomy":"product_brand","embeddable":true,"href":"https:\/\/joutia.shop\/en\/wp-json\/wp\/v2\/product_brand?post=77079"},{"taxonomy":"product_cat","embeddable":true,"href":"https:\/\/joutia.shop\/en\/wp-json\/wp\/v2\/product_cat?post=77079"},{"taxonomy":"product_tag","embeddable":true,"href":"https:\/\/joutia.shop\/en\/wp-json\/wp\/v2\/product_tag?post=77079"}],"curies":[{"name":"wp","href":"https:\/\/api.w.org\/{rel}","templated":true}]}}