{"id":77077,"date":"2026-03-12T22:58:33","date_gmt":"2026-03-12T22:58:33","guid":{"rendered":"https:\/\/joutia.shop\/?post_type=product&#038;p=77077"},"modified":"2026-03-12T22:58:35","modified_gmt":"2026-03-12T22:58:35","slug":"epomaker-he68-lite-clavier-gaming-a-effet-hall-8k-sondagebalayage-128k-actionnement-reglable-0-01mm-latence-0-125ms-5-couches-insonorisantes-touche-snap-socd-a-rvb-filaireblanc","status":"publish","type":"product","link":"https:\/\/joutia.shop\/en\/product\/epomaker-he68-lite-clavier-gaming-a-effet-hall-8k-sondagebalayage-128k-actionnement-reglable-0-01mm-latence-0-125ms-5-couches-insonorisantes-touche-snap-socd-a-rvb-filaireblanc\/","title":{"rendered":"EPOMAKER HE68 Lite Clavier Gaming \u00e0 Effet Hall, 8K Sondage&#038;Balayage 128K, Actionnement R\u00e9glable 0.01mm, Latence 0.125ms, 5 Couches Insonorisantes, Touche Snap, SOCD, A-RVB, Filaire(Blanc)"},"content":{"rendered":"<h2>EPOMAKER HE68 Lite Clavier Gaming \u00e0 Effet Hall, 8K Sondage&#038;Balayage 128K, Actionnement R\u00e9glable 0.01mm, Latence 0.125ms, 5 Couches Insonorisantes, Touche Snap, SOCD, A-RVB, Filaire(Blanc)<\/h2>\n<p>Le produit <strong>EPOMAKER HE68 Lite Clavier Gaming \u00e0 Effet Hall, 8K Sondage&#038;Balayage 128K, Actionnement R\u00e9glable 0.01mm, Latence 0.125ms, 5 Couches Insonorisantes, Touche Snap, SOCD, A-RVB, Filaire(Blanc)<\/strong> est con\u00e7u pour offrir performance et fiabilit\u00e9.<\/p>\n<p>Ce produit est id\u00e9al pour une utilisation quotidienne et r\u00e9pond parfaitement aux besoins des utilisateurs recherchant qualit\u00e9 et efficacit\u00e9.<\/p>\n<h3>Caract\u00e9ristiques principales<\/h3>\n<ul>\n<li>Conception robuste<\/li>\n<li>Utilisation simple<\/li>\n<li>Performance fiable<\/li>\n<\/ul>","protected":false},"excerpt":{"rendered":"<p>EPOMAKER HE68 Lite Clavier Gaming \u00e0 Effet Hall, 8K Sondage&#038;Balayage 128K, Actionnement R\u00e9glable 0.01mm, Latence 0.125ms, 5 Couches Insonorisantes, Touche Snap, SOCD, A-RVB, Filaire(Blanc) &#8211; produit de qualit\u00e9 con\u00e7u pour un usage quotidien.<\/p>","protected":false},"featured_media":75494,"comment_status":"open","ping_status":"closed","template":"","meta":[],"product_brand":[],"product_cat":[329],"product_tag":[332],"class_list":{"0":"post-77077","1":"product","2":"type-product","3":"status-publish","4":"has-post-thumbnail","6":"product_cat-gaming","7":"product_tag-clavier-gaming","9":"first","10":"instock","11":"shipping-taxable","12":"product-type-external"},"_links":{"self":[{"href":"https:\/\/joutia.shop\/en\/wp-json\/wp\/v2\/product\/77077","targetHints":{"allow":["GET"]}}],"collection":[{"href":"https:\/\/joutia.shop\/en\/wp-json\/wp\/v2\/product"}],"about":[{"href":"https:\/\/joutia.shop\/en\/wp-json\/wp\/v2\/types\/product"}],"replies":[{"embeddable":true,"href":"https:\/\/joutia.shop\/en\/wp-json\/wp\/v2\/comments?post=77077"}],"wp:featuredmedia":[{"embeddable":true,"href":"https:\/\/joutia.shop\/en\/wp-json\/wp\/v2\/media\/75494"}],"wp:attachment":[{"href":"https:\/\/joutia.shop\/en\/wp-json\/wp\/v2\/media?parent=77077"}],"wp:term":[{"taxonomy":"product_brand","embeddable":true,"href":"https:\/\/joutia.shop\/en\/wp-json\/wp\/v2\/product_brand?post=77077"},{"taxonomy":"product_cat","embeddable":true,"href":"https:\/\/joutia.shop\/en\/wp-json\/wp\/v2\/product_cat?post=77077"},{"taxonomy":"product_tag","embeddable":true,"href":"https:\/\/joutia.shop\/en\/wp-json\/wp\/v2\/product_tag?post=77077"}],"curies":[{"name":"wp","href":"https:\/\/api.w.org\/{rel}","templated":true}]}}