{"id":77071,"date":"2026-03-12T22:58:27","date_gmt":"2026-03-12T22:58:27","guid":{"rendered":"https:\/\/joutia.shop\/?post_type=product&#038;p=77071"},"modified":"2026-03-12T22:58:30","modified_gmt":"2026-03-12T22:58:30","slug":"steelseries-apex-pro-tkl-gen-3-clavier-gaming-hypermagnetic-omnipoint-3-0-actionnement-ajustable-declenchement-rapide-prereglages-prets-a-jouer-toucher-rapide-socd-oled-fr-layout-azerty","status":"publish","type":"product","link":"https:\/\/joutia.shop\/en\/product\/steelseries-apex-pro-tkl-gen-3-clavier-gaming-hypermagnetic-omnipoint-3-0-actionnement-ajustable-declenchement-rapide-prereglages-prets-a-jouer-toucher-rapide-socd-oled-fr-layout-azerty\/","title":{"rendered":"SteelSeries Apex Pro TKL Gen 3 &#8211; Clavier Gaming-HyperMagnetic &#8211; OmniPoint 3.0 &#8211; Actionnement Ajustable &#8211; D\u00e9clenchement Rapide-Pr\u00e9r\u00e9glages pr\u00eats \u00e0 Jouer &#8211; Toucher Rapide\/SOCD &#8211; OLED -FR Layout AZERTY"},"content":{"rendered":"<h2>SteelSeries Apex Pro TKL Gen 3 &#8211; Clavier Gaming-HyperMagnetic &#8211; OmniPoint 3.0 &#8211; Actionnement Ajustable &#8211; D\u00e9clenchement Rapide-Pr\u00e9r\u00e9glages pr\u00eats \u00e0 Jouer &#8211; Toucher Rapide\/SOCD &#8211; OLED -FR Layout AZERTY<\/h2>\n<p>Le produit <strong>SteelSeries Apex Pro TKL Gen 3 &#8211; Clavier Gaming-HyperMagnetic &#8211; OmniPoint 3.0 &#8211; Actionnement Ajustable &#8211; D\u00e9clenchement Rapide-Pr\u00e9r\u00e9glages pr\u00eats \u00e0 Jouer &#8211; Toucher Rapide\/SOCD &#8211; OLED -FR Layout AZERTY<\/strong> est con\u00e7u pour offrir performance et fiabilit\u00e9.<\/p>\n<p>Ce produit est id\u00e9al pour une utilisation quotidienne et r\u00e9pond parfaitement aux besoins des utilisateurs recherchant qualit\u00e9 et efficacit\u00e9.<\/p>\n<h3>Caract\u00e9ristiques principales<\/h3>\n<ul>\n<li>Conception robuste<\/li>\n<li>Utilisation simple<\/li>\n<li>Performance fiable<\/li>\n<\/ul>","protected":false},"excerpt":{"rendered":"<p>SteelSeries Apex Pro TKL Gen 3 &#8211; Clavier Gaming-HyperMagnetic &#8211; OmniPoint 3.0 &#8211; Actionnement Ajustable &#8211; D\u00e9clenchement Rapide-Pr\u00e9r\u00e9glages pr\u00eats \u00e0 Jouer &#8211; Toucher Rapide\/SOCD &#8211; OLED -FR Layout AZERTY &#8211; produit de qualit\u00e9 con\u00e7u pour un usage quotidien.<\/p>","protected":false},"featured_media":75524,"comment_status":"open","ping_status":"closed","template":"","meta":[],"product_brand":[],"product_cat":[329],"product_tag":[332],"class_list":{"0":"post-77071","1":"product","2":"type-product","3":"status-publish","4":"has-post-thumbnail","6":"product_cat-gaming","7":"product_tag-clavier-gaming","9":"first","10":"instock","11":"shipping-taxable","12":"product-type-external"},"_links":{"self":[{"href":"https:\/\/joutia.shop\/en\/wp-json\/wp\/v2\/product\/77071","targetHints":{"allow":["GET"]}}],"collection":[{"href":"https:\/\/joutia.shop\/en\/wp-json\/wp\/v2\/product"}],"about":[{"href":"https:\/\/joutia.shop\/en\/wp-json\/wp\/v2\/types\/product"}],"replies":[{"embeddable":true,"href":"https:\/\/joutia.shop\/en\/wp-json\/wp\/v2\/comments?post=77071"}],"wp:featuredmedia":[{"embeddable":true,"href":"https:\/\/joutia.shop\/en\/wp-json\/wp\/v2\/media\/75524"}],"wp:attachment":[{"href":"https:\/\/joutia.shop\/en\/wp-json\/wp\/v2\/media?parent=77071"}],"wp:term":[{"taxonomy":"product_brand","embeddable":true,"href":"https:\/\/joutia.shop\/en\/wp-json\/wp\/v2\/product_brand?post=77071"},{"taxonomy":"product_cat","embeddable":true,"href":"https:\/\/joutia.shop\/en\/wp-json\/wp\/v2\/product_cat?post=77071"},{"taxonomy":"product_tag","embeddable":true,"href":"https:\/\/joutia.shop\/en\/wp-json\/wp\/v2\/product_tag?post=77071"}],"curies":[{"name":"wp","href":"https:\/\/api.w.org\/{rel}","templated":true}]}}