{"id":77067,"date":"2026-03-12T22:58:27","date_gmt":"2026-03-12T22:58:27","guid":{"rendered":"https:\/\/joutia.shop\/?post_type=product&#038;p=77067"},"modified":"2026-03-12T22:58:30","modified_gmt":"2026-03-12T22:58:30","slug":"dierya-clavier-gamer-mecanique-60-cable-avec-interrupteur-rouget68se-clavier-gaming-led-retroeclaire-type-c-mechanical-keyboard-compact-68-touches-anti-ghosting-us-layoutblanc","status":"publish","type":"product","link":"https:\/\/joutia.shop\/en\/product\/dierya-clavier-gamer-mecanique-60-cable-avec-interrupteur-rouget68se-clavier-gaming-led-retroeclaire-type-c-mechanical-keyboard-compact-68-touches-anti-ghosting-us-layoutblanc\/","title":{"rendered":"Dierya Clavier Gamer M\u00e9canique 60% C\u00e2bl\u00e9 avec Interrupteur Rouge,T68SE Clavier Gaming LED R\u00e9tro\u00e9clair\u00e9 Type-c Mechanical Keyboard Compact 68 Touches Anti-ghosting-US Layout,Blanc"},"content":{"rendered":"<h2>Dierya Clavier Gamer M\u00e9canique 60% C\u00e2bl\u00e9 avec Interrupteur Rouge,T68SE Clavier Gaming LED R\u00e9tro\u00e9clair\u00e9 Type-c Mechanical Keyboard Compact 68 Touches Anti-ghosting-US Layout,Blanc<\/h2>\n<p>Le produit <strong>Dierya Clavier Gamer M\u00e9canique 60% C\u00e2bl\u00e9 avec Interrupteur Rouge,T68SE Clavier Gaming LED R\u00e9tro\u00e9clair\u00e9 Type-c Mechanical Keyboard Compact 68 Touches Anti-ghosting-US Layout,Blanc<\/strong> est con\u00e7u pour offrir performance et fiabilit\u00e9.<\/p>\n<p>Ce produit est id\u00e9al pour une utilisation quotidienne et r\u00e9pond parfaitement aux besoins des utilisateurs recherchant qualit\u00e9 et efficacit\u00e9.<\/p>\n<h3>Caract\u00e9ristiques principales<\/h3>\n<ul>\n<li>Conception robuste<\/li>\n<li>Utilisation simple<\/li>\n<li>Performance fiable<\/li>\n<\/ul>","protected":false},"excerpt":{"rendered":"<p>Dierya Clavier Gamer M\u00e9canique 60% C\u00e2bl\u00e9 avec Interrupteur Rouge,T68SE Clavier Gaming LED R\u00e9tro\u00e9clair\u00e9 Type-c Mechanical Keyboard Compact 68 Touches Anti-ghosting-US Layout,Blanc &#8211; produit de qualit\u00e9 con\u00e7u pour un usage quotidien.<\/p>","protected":false},"featured_media":76175,"comment_status":"open","ping_status":"closed","template":"","meta":[],"product_brand":[],"product_cat":[329],"product_tag":[332],"class_list":{"0":"post-77067","1":"product","2":"type-product","3":"status-publish","4":"has-post-thumbnail","6":"product_cat-gaming","7":"product_tag-clavier-gaming","9":"first","10":"instock","11":"shipping-taxable","12":"product-type-external"},"_links":{"self":[{"href":"https:\/\/joutia.shop\/en\/wp-json\/wp\/v2\/product\/77067","targetHints":{"allow":["GET"]}}],"collection":[{"href":"https:\/\/joutia.shop\/en\/wp-json\/wp\/v2\/product"}],"about":[{"href":"https:\/\/joutia.shop\/en\/wp-json\/wp\/v2\/types\/product"}],"replies":[{"embeddable":true,"href":"https:\/\/joutia.shop\/en\/wp-json\/wp\/v2\/comments?post=77067"}],"wp:featuredmedia":[{"embeddable":true,"href":"https:\/\/joutia.shop\/en\/wp-json\/wp\/v2\/media\/76175"}],"wp:attachment":[{"href":"https:\/\/joutia.shop\/en\/wp-json\/wp\/v2\/media?parent=77067"}],"wp:term":[{"taxonomy":"product_brand","embeddable":true,"href":"https:\/\/joutia.shop\/en\/wp-json\/wp\/v2\/product_brand?post=77067"},{"taxonomy":"product_cat","embeddable":true,"href":"https:\/\/joutia.shop\/en\/wp-json\/wp\/v2\/product_cat?post=77067"},{"taxonomy":"product_tag","embeddable":true,"href":"https:\/\/joutia.shop\/en\/wp-json\/wp\/v2\/product_tag?post=77067"}],"curies":[{"name":"wp","href":"https:\/\/api.w.org\/{rel}","templated":true}]}}