{"id":77055,"date":"2026-03-12T22:58:27","date_gmt":"2026-03-12T22:58:27","guid":{"rendered":"https:\/\/joutia.shop\/?post_type=product&#038;p=77055"},"modified":"2026-03-12T22:58:29","modified_gmt":"2026-03-12T22:58:29","slug":"epomaker-aula-f75-iso-fr-clavier-mecanique-sans-fil-azerty-75-clavier-gaming-francais-avec-bouton-rotatif-rvb-hot-swap-montage-gasket-son-cremeux-bt-2-4ghz-filaire","status":"publish","type":"product","link":"https:\/\/joutia.shop\/en\/product\/epomaker-aula-f75-iso-fr-clavier-mecanique-sans-fil-azerty-75-clavier-gaming-francais-avec-bouton-rotatif-rvb-hot-swap-montage-gasket-son-cremeux-bt-2-4ghz-filaire\/","title":{"rendered":"EPOMAKER Aula F75 ISO-FR Clavier M\u00e9canique sans Fil, AZERTY 75%, Clavier Gaming Fran\u00e7ais avec Bouton Rotatif, RVB, Hot-Swap, Montage Gasket, Son Cr\u00e9meux, BT\/2.4Ghz\/Filaire"},"content":{"rendered":"<h2>EPOMAKER Aula F75 ISO-FR Clavier M\u00e9canique sans Fil, AZERTY 75%, Clavier Gaming Fran\u00e7ais avec Bouton Rotatif, RVB, Hot-Swap, Montage Gasket, Son Cr\u00e9meux, BT\/2.4Ghz\/Filaire<\/h2>\n<p>Le produit <strong>EPOMAKER Aula F75 ISO-FR Clavier M\u00e9canique sans Fil, AZERTY 75%, Clavier Gaming Fran\u00e7ais avec Bouton Rotatif, RVB, Hot-Swap, Montage Gasket, Son Cr\u00e9meux, BT\/2.4Ghz\/Filaire<\/strong> est con\u00e7u pour offrir performance et fiabilit\u00e9.<\/p>\n<p>Ce produit est id\u00e9al pour une utilisation quotidienne et r\u00e9pond parfaitement aux besoins des utilisateurs recherchant qualit\u00e9 et efficacit\u00e9.<\/p>\n<h3>Caract\u00e9ristiques principales<\/h3>\n<ul>\n<li>Conception robuste<\/li>\n<li>Utilisation simple<\/li>\n<li>Performance fiable<\/li>\n<\/ul>","protected":false},"excerpt":{"rendered":"<p>EPOMAKER Aula F75 ISO-FR Clavier M\u00e9canique sans Fil, AZERTY 75%, Clavier Gaming Fran\u00e7ais avec Bouton Rotatif, RVB, Hot-Swap, Montage Gasket, Son Cr\u00e9meux, BT\/2.4Ghz\/Filaire &#8211; produit de qualit\u00e9 con\u00e7u pour un usage quotidien.<\/p>","protected":false},"featured_media":75759,"comment_status":"open","ping_status":"closed","template":"","meta":[],"product_brand":[],"product_cat":[329],"product_tag":[332],"class_list":{"0":"post-77055","1":"product","2":"type-product","3":"status-publish","4":"has-post-thumbnail","6":"product_cat-gaming","7":"product_tag-clavier-gaming","9":"first","10":"instock","11":"shipping-taxable","12":"product-type-external"},"_links":{"self":[{"href":"https:\/\/joutia.shop\/en\/wp-json\/wp\/v2\/product\/77055","targetHints":{"allow":["GET"]}}],"collection":[{"href":"https:\/\/joutia.shop\/en\/wp-json\/wp\/v2\/product"}],"about":[{"href":"https:\/\/joutia.shop\/en\/wp-json\/wp\/v2\/types\/product"}],"replies":[{"embeddable":true,"href":"https:\/\/joutia.shop\/en\/wp-json\/wp\/v2\/comments?post=77055"}],"wp:featuredmedia":[{"embeddable":true,"href":"https:\/\/joutia.shop\/en\/wp-json\/wp\/v2\/media\/75759"}],"wp:attachment":[{"href":"https:\/\/joutia.shop\/en\/wp-json\/wp\/v2\/media?parent=77055"}],"wp:term":[{"taxonomy":"product_brand","embeddable":true,"href":"https:\/\/joutia.shop\/en\/wp-json\/wp\/v2\/product_brand?post=77055"},{"taxonomy":"product_cat","embeddable":true,"href":"https:\/\/joutia.shop\/en\/wp-json\/wp\/v2\/product_cat?post=77055"},{"taxonomy":"product_tag","embeddable":true,"href":"https:\/\/joutia.shop\/en\/wp-json\/wp\/v2\/product_tag?post=77055"}],"curies":[{"name":"wp","href":"https:\/\/api.w.org\/{rel}","templated":true}]}}