{"id":77043,"date":"2026-03-12T22:58:21","date_gmt":"2026-03-12T22:58:21","guid":{"rendered":"https:\/\/joutia.shop\/?post_type=product&#038;p=77043"},"modified":"2026-03-12T22:58:25","modified_gmt":"2026-03-12T22:58:25","slug":"mchose-l7-pro-souris-gamer-sans-fil-ultra-legere-39g-souris-gaming-e-sport-avec-26k-dpi-dual-8k-hz-polling-rate-optical-switches-recepteur-sans-fil-8k-personnalise-usb-c-filaire-pc-mac-blanc-2","status":"publish","type":"product","link":"https:\/\/joutia.shop\/en\/product\/mchose-l7-pro-souris-gamer-sans-fil-ultra-legere-39g-souris-gaming-e-sport-avec-26k-dpi-dual-8k-hz-polling-rate-optical-switches-recepteur-sans-fil-8k-personnalise-usb-c-filaire-pc-mac-blanc-2\/","title":{"rendered":"MCHOSE L7 Pro Souris Gamer sans Fil Ultra-L\u00e9g\u00e8re 39g, Souris Gaming E-Sport avec 26K DPI, Dual 8K Hz Polling Rate, Optical Switches, R\u00e9cepteur sans Fil 8K Personnalis\u00e9, USB-C Filaire, PC\/Mac, Blanc"},"content":{"rendered":"<h2>MCHOSE L7 Pro Souris Gamer sans Fil Ultra-L\u00e9g\u00e8re 39g, Souris Gaming E-Sport avec 26K DPI, Dual 8K Hz Polling Rate, Optical Switches, R\u00e9cepteur sans Fil 8K Personnalis\u00e9, USB-C Filaire, PC\/Mac, Blanc<\/h2>\n<p>Le produit <strong>MCHOSE L7 Pro Souris Gamer sans Fil Ultra-L\u00e9g\u00e8re 39g, Souris Gaming E-Sport avec 26K DPI, Dual 8K Hz Polling Rate, Optical Switches, R\u00e9cepteur sans Fil 8K Personnalis\u00e9, USB-C Filaire, PC\/Mac, Blanc<\/strong> est con\u00e7u pour offrir performance et fiabilit\u00e9.<\/p>\n<p>Ce produit est id\u00e9al pour une utilisation quotidienne et r\u00e9pond parfaitement aux besoins des utilisateurs recherchant qualit\u00e9 et efficacit\u00e9.<\/p>\n<h3>Caract\u00e9ristiques principales<\/h3>\n<ul>\n<li>Conception robuste<\/li>\n<li>Utilisation simple<\/li>\n<li>Performance fiable<\/li>\n<\/ul>","protected":false},"excerpt":{"rendered":"<p>MCHOSE L7 Pro Souris Gamer sans Fil Ultra-L\u00e9g\u00e8re 39g, Souris Gaming E-Sport avec 26K DPI, Dual 8K Hz Polling Rate, Optical Switches, R\u00e9cepteur sans Fil 8K Personnalis\u00e9, USB-C Filaire, PC\/Mac, Blanc &#8211; produit de qualit\u00e9 con\u00e7u pour un usage quotidien.<\/p>","protected":false},"featured_media":76288,"comment_status":"open","ping_status":"closed","template":"","meta":[],"product_brand":[],"product_cat":[329],"product_tag":[331],"class_list":{"0":"post-77043","1":"product","2":"type-product","3":"status-publish","4":"has-post-thumbnail","6":"product_cat-gaming","7":"product_tag-souris-gaming","9":"first","10":"instock","11":"shipping-taxable","12":"product-type-external"},"_links":{"self":[{"href":"https:\/\/joutia.shop\/en\/wp-json\/wp\/v2\/product\/77043","targetHints":{"allow":["GET"]}}],"collection":[{"href":"https:\/\/joutia.shop\/en\/wp-json\/wp\/v2\/product"}],"about":[{"href":"https:\/\/joutia.shop\/en\/wp-json\/wp\/v2\/types\/product"}],"replies":[{"embeddable":true,"href":"https:\/\/joutia.shop\/en\/wp-json\/wp\/v2\/comments?post=77043"}],"wp:featuredmedia":[{"embeddable":true,"href":"https:\/\/joutia.shop\/en\/wp-json\/wp\/v2\/media\/76288"}],"wp:attachment":[{"href":"https:\/\/joutia.shop\/en\/wp-json\/wp\/v2\/media?parent=77043"}],"wp:term":[{"taxonomy":"product_brand","embeddable":true,"href":"https:\/\/joutia.shop\/en\/wp-json\/wp\/v2\/product_brand?post=77043"},{"taxonomy":"product_cat","embeddable":true,"href":"https:\/\/joutia.shop\/en\/wp-json\/wp\/v2\/product_cat?post=77043"},{"taxonomy":"product_tag","embeddable":true,"href":"https:\/\/joutia.shop\/en\/wp-json\/wp\/v2\/product_tag?post=77043"}],"curies":[{"name":"wp","href":"https:\/\/api.w.org\/{rel}","templated":true}]}}