{"id":77036,"date":"2026-03-12T22:58:20","date_gmt":"2026-03-12T22:58:20","guid":{"rendered":"https:\/\/joutia.shop\/?post_type=product&#038;p=77036"},"modified":"2026-03-12T22:58:24","modified_gmt":"2026-03-12T22:58:24","slug":"dierya-x-tmkb-m1se-souris-gamer-pour-pc-avec-capteur-optique-12800-dpi-gaming-mouse-6-boutons-programmables-rgb-personnalisable-ergonomique-souris-filaire-ordinateur-blanc","status":"publish","type":"product","link":"https:\/\/joutia.shop\/en\/product\/dierya-x-tmkb-m1se-souris-gamer-pour-pc-avec-capteur-optique-12800-dpi-gaming-mouse-6-boutons-programmables-rgb-personnalisable-ergonomique-souris-filaire-ordinateur-blanc\/","title":{"rendered":"Dierya \u00d7 TMKB M1SE Souris Gamer pour PC, avec capteur Optique 12800 DPI Gaming Mouse, 6 Boutons programmables, RGB Personnalisable, Ergonomique Souris Filaire Ordinateur &#8211; Blanc"},"content":{"rendered":"<h2>Dierya \u00d7 TMKB M1SE Souris Gamer pour PC, avec capteur Optique 12800 DPI Gaming Mouse, 6 Boutons programmables, RGB Personnalisable, Ergonomique Souris Filaire Ordinateur &#8211; Blanc<\/h2>\n<p>Le produit <strong>Dierya \u00d7 TMKB M1SE Souris Gamer pour PC, avec capteur Optique 12800 DPI Gaming Mouse, 6 Boutons programmables, RGB Personnalisable, Ergonomique Souris Filaire Ordinateur &#8211; Blanc<\/strong> est con\u00e7u pour offrir performance et fiabilit\u00e9.<\/p>\n<p>Ce produit est id\u00e9al pour une utilisation quotidienne et r\u00e9pond parfaitement aux besoins des utilisateurs recherchant qualit\u00e9 et efficacit\u00e9.<\/p>\n<h3>Caract\u00e9ristiques principales<\/h3>\n<ul>\n<li>Conception robuste<\/li>\n<li>Utilisation simple<\/li>\n<li>Performance fiable<\/li>\n<\/ul>","protected":false},"excerpt":{"rendered":"<p>Dierya \u00d7 TMKB M1SE Souris Gamer pour PC, avec capteur Optique 12800 DPI Gaming Mouse, 6 Boutons programmables, RGB Personnalisable, Ergonomique Souris Filaire Ordinateur &#8211; Blanc &#8211; produit de qualit\u00e9 con\u00e7u pour un usage quotidien.<\/p>","protected":false},"featured_media":75423,"comment_status":"open","ping_status":"closed","template":"","meta":[],"product_brand":[],"product_cat":[329],"product_tag":[331],"class_list":{"0":"post-77036","1":"product","2":"type-product","3":"status-publish","4":"has-post-thumbnail","6":"product_cat-gaming","7":"product_tag-souris-gaming","9":"first","10":"instock","11":"shipping-taxable","12":"product-type-external"},"_links":{"self":[{"href":"https:\/\/joutia.shop\/en\/wp-json\/wp\/v2\/product\/77036","targetHints":{"allow":["GET"]}}],"collection":[{"href":"https:\/\/joutia.shop\/en\/wp-json\/wp\/v2\/product"}],"about":[{"href":"https:\/\/joutia.shop\/en\/wp-json\/wp\/v2\/types\/product"}],"replies":[{"embeddable":true,"href":"https:\/\/joutia.shop\/en\/wp-json\/wp\/v2\/comments?post=77036"}],"wp:featuredmedia":[{"embeddable":true,"href":"https:\/\/joutia.shop\/en\/wp-json\/wp\/v2\/media\/75423"}],"wp:attachment":[{"href":"https:\/\/joutia.shop\/en\/wp-json\/wp\/v2\/media?parent=77036"}],"wp:term":[{"taxonomy":"product_brand","embeddable":true,"href":"https:\/\/joutia.shop\/en\/wp-json\/wp\/v2\/product_brand?post=77036"},{"taxonomy":"product_cat","embeddable":true,"href":"https:\/\/joutia.shop\/en\/wp-json\/wp\/v2\/product_cat?post=77036"},{"taxonomy":"product_tag","embeddable":true,"href":"https:\/\/joutia.shop\/en\/wp-json\/wp\/v2\/product_tag?post=77036"}],"curies":[{"name":"wp","href":"https:\/\/api.w.org\/{rel}","templated":true}]}}