{"id":77029,"date":"2026-03-12T22:58:20","date_gmt":"2026-03-12T22:58:20","guid":{"rendered":"https:\/\/joutia.shop\/?post_type=product&#038;p=77029"},"modified":"2026-03-12T22:58:23","modified_gmt":"2026-03-12T22:58:23","slug":"glorious-gaming-model-o-wireless-souris-de-jeu-sans-fil-superlegere-design-nid-dabeille-69-g-rgb-ambidextre-sans-fil-24-ghz-sans-latence-jusqua-71-h-de-batterie-noir-mat","status":"publish","type":"product","link":"https:\/\/joutia.shop\/en\/product\/glorious-gaming-model-o-wireless-souris-de-jeu-sans-fil-superlegere-design-nid-dabeille-69-g-rgb-ambidextre-sans-fil-24-ghz-sans-latence-jusqua-71-h-de-batterie-noir-mat\/","title":{"rendered":"GLORIOUS Gaming Model O Wireless Souris de Jeu sans Fil &#8211; Superl\u00e9g\u00e8re, Design nid d\u2019Abeille 69 g, RGB, ambidextre, sans Fil 2,4 GHz sans Latence, Jusqu\u2019\u00e0 71 h de Batterie &#8211; Noir Mat"},"content":{"rendered":"<h2>GLORIOUS Gaming Model O Wireless Souris de Jeu sans Fil &#8211; Superl\u00e9g\u00e8re, Design nid d\u2019Abeille 69 g, RGB, ambidextre, sans Fil 2,4 GHz sans Latence, Jusqu\u2019\u00e0 71 h de Batterie &#8211; Noir Mat<\/h2>\n<p>Le produit <strong>GLORIOUS Gaming Model O Wireless Souris de Jeu sans Fil &#8211; Superl\u00e9g\u00e8re, Design nid d\u2019Abeille 69 g, RGB, ambidextre, sans Fil 2,4 GHz sans Latence, Jusqu\u2019\u00e0 71 h de Batterie &#8211; Noir Mat<\/strong> est con\u00e7u pour offrir performance et fiabilit\u00e9.<\/p>\n<p>Ce produit est id\u00e9al pour une utilisation quotidienne et r\u00e9pond parfaitement aux besoins des utilisateurs recherchant qualit\u00e9 et efficacit\u00e9.<\/p>\n<h3>Caract\u00e9ristiques principales<\/h3>\n<ul>\n<li>Conception robuste<\/li>\n<li>Utilisation simple<\/li>\n<li>Performance fiable<\/li>\n<\/ul>","protected":false},"excerpt":{"rendered":"<p>GLORIOUS Gaming Model O Wireless Souris de Jeu sans Fil &#8211; Superl\u00e9g\u00e8re, Design nid d\u2019Abeille 69 g, RGB, ambidextre, sans Fil 2,4 GHz sans Latence, Jusqu\u2019\u00e0 71 h de Batterie &#8211; Noir Mat &#8211; produit de qualit\u00e9 con\u00e7u pour un usage quotidien.<\/p>","protected":false},"featured_media":76064,"comment_status":"open","ping_status":"closed","template":"","meta":[],"product_brand":[],"product_cat":[329],"product_tag":[331],"class_list":{"0":"post-77029","1":"product","2":"type-product","3":"status-publish","4":"has-post-thumbnail","6":"product_cat-gaming","7":"product_tag-souris-gaming","9":"first","10":"instock","11":"shipping-taxable","12":"product-type-external"},"_links":{"self":[{"href":"https:\/\/joutia.shop\/en\/wp-json\/wp\/v2\/product\/77029","targetHints":{"allow":["GET"]}}],"collection":[{"href":"https:\/\/joutia.shop\/en\/wp-json\/wp\/v2\/product"}],"about":[{"href":"https:\/\/joutia.shop\/en\/wp-json\/wp\/v2\/types\/product"}],"replies":[{"embeddable":true,"href":"https:\/\/joutia.shop\/en\/wp-json\/wp\/v2\/comments?post=77029"}],"wp:featuredmedia":[{"embeddable":true,"href":"https:\/\/joutia.shop\/en\/wp-json\/wp\/v2\/media\/76064"}],"wp:attachment":[{"href":"https:\/\/joutia.shop\/en\/wp-json\/wp\/v2\/media?parent=77029"}],"wp:term":[{"taxonomy":"product_brand","embeddable":true,"href":"https:\/\/joutia.shop\/en\/wp-json\/wp\/v2\/product_brand?post=77029"},{"taxonomy":"product_cat","embeddable":true,"href":"https:\/\/joutia.shop\/en\/wp-json\/wp\/v2\/product_cat?post=77029"},{"taxonomy":"product_tag","embeddable":true,"href":"https:\/\/joutia.shop\/en\/wp-json\/wp\/v2\/product_tag?post=77029"}],"curies":[{"name":"wp","href":"https:\/\/api.w.org\/{rel}","templated":true}]}}