{"id":76995,"date":"2026-03-12T22:58:13","date_gmt":"2026-03-12T22:58:13","guid":{"rendered":"https:\/\/joutia.shop\/?post_type=product&#038;p=76995"},"modified":"2026-03-12T22:58:15","modified_gmt":"2026-03-12T22:58:15","slug":"logitech-g502-lightspeed-souris-sans-fil-capteur-gaming-hero-25k-25-600-ppp-rgb-ultra-leger-11-boutons-programmables-batterie-longue-duree-powerplay-compatible-pc-eu-packaging-noire","status":"publish","type":"product","link":"https:\/\/joutia.shop\/en\/product\/logitech-g502-lightspeed-souris-sans-fil-capteur-gaming-hero-25k-25-600-ppp-rgb-ultra-leger-11-boutons-programmables-batterie-longue-duree-powerplay-compatible-pc-eu-packaging-noire\/","title":{"rendered":"Logitech G502 LIGHTSPEED Souris sans Fil, Capteur Gaming HERO 25K, 25 600 PPP, RGB, Ultra-L\u00e9ger, 11 Boutons Programmables, Batterie Longue Dur\u00e9e, POWERPLAY-compatible, PC, EU Packaging &#8211; Noire"},"content":{"rendered":"<h2>Logitech G502 LIGHTSPEED Souris sans Fil, Capteur Gaming HERO 25K, 25 600 PPP, RGB, Ultra-L\u00e9ger, 11 Boutons Programmables, Batterie Longue Dur\u00e9e, POWERPLAY-compatible, PC, EU Packaging &#8211; Noire<\/h2>\n<p>Le produit <strong>Logitech G502 LIGHTSPEED Souris sans Fil, Capteur Gaming HERO 25K, 25 600 PPP, RGB, Ultra-L\u00e9ger, 11 Boutons Programmables, Batterie Longue Dur\u00e9e, POWERPLAY-compatible, PC, EU Packaging &#8211; Noire<\/strong> est con\u00e7u pour offrir performance et fiabilit\u00e9.<\/p>\n<p>Ce produit est id\u00e9al pour une utilisation quotidienne et r\u00e9pond parfaitement aux besoins des utilisateurs recherchant qualit\u00e9 et efficacit\u00e9.<\/p>\n<h3>Caract\u00e9ristiques principales<\/h3>\n<ul>\n<li>Conception robuste<\/li>\n<li>Utilisation simple<\/li>\n<li>Performance fiable<\/li>\n<\/ul>","protected":false},"excerpt":{"rendered":"<p>Logitech G502 LIGHTSPEED Souris sans Fil, Capteur Gaming HERO 25K, 25 600 PPP, RGB, Ultra-L\u00e9ger, 11 Boutons Programmables, Batterie Longue Dur\u00e9e, POWERPLAY-compatible, PC, EU Packaging &#8211; Noire &#8211; produit de qualit\u00e9 con\u00e7u pour un usage quotidien.<\/p>","protected":false},"featured_media":76002,"comment_status":"open","ping_status":"closed","template":"","meta":[],"product_brand":[],"product_cat":[329],"product_tag":[331],"class_list":{"0":"post-76995","1":"product","2":"type-product","3":"status-publish","4":"has-post-thumbnail","6":"product_cat-gaming","7":"product_tag-souris-gaming","9":"first","10":"instock","11":"shipping-taxable","12":"product-type-external"},"_links":{"self":[{"href":"https:\/\/joutia.shop\/en\/wp-json\/wp\/v2\/product\/76995","targetHints":{"allow":["GET"]}}],"collection":[{"href":"https:\/\/joutia.shop\/en\/wp-json\/wp\/v2\/product"}],"about":[{"href":"https:\/\/joutia.shop\/en\/wp-json\/wp\/v2\/types\/product"}],"replies":[{"embeddable":true,"href":"https:\/\/joutia.shop\/en\/wp-json\/wp\/v2\/comments?post=76995"}],"wp:featuredmedia":[{"embeddable":true,"href":"https:\/\/joutia.shop\/en\/wp-json\/wp\/v2\/media\/76002"}],"wp:attachment":[{"href":"https:\/\/joutia.shop\/en\/wp-json\/wp\/v2\/media?parent=76995"}],"wp:term":[{"taxonomy":"product_brand","embeddable":true,"href":"https:\/\/joutia.shop\/en\/wp-json\/wp\/v2\/product_brand?post=76995"},{"taxonomy":"product_cat","embeddable":true,"href":"https:\/\/joutia.shop\/en\/wp-json\/wp\/v2\/product_cat?post=76995"},{"taxonomy":"product_tag","embeddable":true,"href":"https:\/\/joutia.shop\/en\/wp-json\/wp\/v2\/product_tag?post=76995"}],"curies":[{"name":"wp","href":"https:\/\/api.w.org\/{rel}","templated":true}]}}