{"id":76994,"date":"2026-03-12T22:58:13","date_gmt":"2026-03-12T22:58:13","guid":{"rendered":"https:\/\/joutia.shop\/?post_type=product&#038;p=76994"},"modified":"2026-03-12T22:58:14","modified_gmt":"2026-03-12T22:58:14","slug":"redragon-m711w-cobra-white-souris-gaming-blanche-capteur-optique-pixart-p3325-de-10-000-dpi-eclairage-rgb-memoire-integree-interrupteurs-20-mill-clics-pc-windows-compatible","status":"publish","type":"product","link":"https:\/\/joutia.shop\/en\/product\/redragon-m711w-cobra-white-souris-gaming-blanche-capteur-optique-pixart-p3325-de-10-000-dpi-eclairage-rgb-memoire-integree-interrupteurs-20-mill-clics-pc-windows-compatible\/","title":{"rendered":"Redragon M711W Cobra White Souris Gaming Blanche, capteur Optique Pixart P3325 de 10.000 DPI, \u00e9clairage RGB, m\u00e9moire int\u00e9gr\u00e9e, interrupteurs 20 Mill clics &#8211; PC Windows Compatible"},"content":{"rendered":"<h2>Redragon M711W Cobra White Souris Gaming Blanche, capteur Optique Pixart P3325 de 10.000 DPI, \u00e9clairage RGB, m\u00e9moire int\u00e9gr\u00e9e, interrupteurs 20 Mill clics &#8211; PC Windows Compatible<\/h2>\n<p>Le produit <strong>Redragon M711W Cobra White Souris Gaming Blanche, capteur Optique Pixart P3325 de 10.000 DPI, \u00e9clairage RGB, m\u00e9moire int\u00e9gr\u00e9e, interrupteurs 20 Mill clics &#8211; PC Windows Compatible<\/strong> est con\u00e7u pour offrir performance et fiabilit\u00e9.<\/p>\n<p>Ce produit est id\u00e9al pour une utilisation quotidienne et r\u00e9pond parfaitement aux besoins des utilisateurs recherchant qualit\u00e9 et efficacit\u00e9.<\/p>\n<h3>Caract\u00e9ristiques principales<\/h3>\n<ul>\n<li>Conception robuste<\/li>\n<li>Utilisation simple<\/li>\n<li>Performance fiable<\/li>\n<\/ul>","protected":false},"excerpt":{"rendered":"<p>Redragon M711W Cobra White Souris Gaming Blanche, capteur Optique Pixart P3325 de 10.000 DPI, \u00e9clairage RGB, m\u00e9moire int\u00e9gr\u00e9e, interrupteurs 20 Mill clics &#8211; PC Windows Compatible &#8211; produit de qualit\u00e9 con\u00e7u pour un usage quotidien.<\/p>","protected":false},"featured_media":76120,"comment_status":"open","ping_status":"closed","template":"","meta":[],"product_brand":[],"product_cat":[329],"product_tag":[331],"class_list":{"0":"post-76994","1":"product","2":"type-product","3":"status-publish","4":"has-post-thumbnail","6":"product_cat-gaming","7":"product_tag-souris-gaming","9":"first","10":"instock","11":"shipping-taxable","12":"product-type-external"},"_links":{"self":[{"href":"https:\/\/joutia.shop\/en\/wp-json\/wp\/v2\/product\/76994","targetHints":{"allow":["GET"]}}],"collection":[{"href":"https:\/\/joutia.shop\/en\/wp-json\/wp\/v2\/product"}],"about":[{"href":"https:\/\/joutia.shop\/en\/wp-json\/wp\/v2\/types\/product"}],"replies":[{"embeddable":true,"href":"https:\/\/joutia.shop\/en\/wp-json\/wp\/v2\/comments?post=76994"}],"wp:featuredmedia":[{"embeddable":true,"href":"https:\/\/joutia.shop\/en\/wp-json\/wp\/v2\/media\/76120"}],"wp:attachment":[{"href":"https:\/\/joutia.shop\/en\/wp-json\/wp\/v2\/media?parent=76994"}],"wp:term":[{"taxonomy":"product_brand","embeddable":true,"href":"https:\/\/joutia.shop\/en\/wp-json\/wp\/v2\/product_brand?post=76994"},{"taxonomy":"product_cat","embeddable":true,"href":"https:\/\/joutia.shop\/en\/wp-json\/wp\/v2\/product_cat?post=76994"},{"taxonomy":"product_tag","embeddable":true,"href":"https:\/\/joutia.shop\/en\/wp-json\/wp\/v2\/product_tag?post=76994"}],"curies":[{"name":"wp","href":"https:\/\/api.w.org\/{rel}","templated":true}]}}