{"id":76990,"date":"2026-03-12T22:58:12","date_gmt":"2026-03-12T22:58:12","guid":{"rendered":"https:\/\/joutia.shop\/?post_type=product&#038;p=76990"},"modified":"2026-03-12T22:58:14","modified_gmt":"2026-03-12T22:58:14","slug":"razer-kraken-v4-x-casque-gaming-filaire-pilotes-40mm-micro-cardioide-coussins-en-mousse-a-memoire-de-forme-eclairage-rvb-chroma-cable-de-type-c-type-a-pour-pc-mac-ps5-nintendo-switch","status":"publish","type":"product","link":"https:\/\/joutia.shop\/en\/product\/razer-kraken-v4-x-casque-gaming-filaire-pilotes-40mm-micro-cardioide-coussins-en-mousse-a-memoire-de-forme-eclairage-rvb-chroma-cable-de-type-c-type-a-pour-pc-mac-ps5-nintendo-switch\/","title":{"rendered":"Razer Kraken V4 X Casque Gaming Filaire : Pilotes 40mm &#8211; Micro cardio\u00efde &#8211; Coussins en mousse \u00e0 m\u00e9moire de forme &#8211; \u00c9clairage RVB Chroma &#8211; C\u00e2ble de type C &#038; Type A &#8211; Pour PC, Mac, PS5, Nintendo Switch,"},"content":{"rendered":"<h2>Razer Kraken V4 X Casque Gaming Filaire : Pilotes 40mm &#8211; Micro cardio\u00efde &#8211; Coussins en mousse \u00e0 m\u00e9moire de forme &#8211; \u00c9clairage RVB Chroma &#8211; C\u00e2ble de type C &#038; Type A &#8211; Pour PC, Mac, PS5, Nintendo Switch,<\/h2>\n<p>Le produit <strong>Razer Kraken V4 X Casque Gaming Filaire : Pilotes 40mm &#8211; Micro cardio\u00efde &#8211; Coussins en mousse \u00e0 m\u00e9moire de forme &#8211; \u00c9clairage RVB Chroma &#8211; C\u00e2ble de type C &#038; Type A &#8211; Pour PC, Mac, PS5, Nintendo Switch,<\/strong> est con\u00e7u pour offrir performance et fiabilit\u00e9.<\/p>\n<p>Ce produit est id\u00e9al pour une utilisation quotidienne et r\u00e9pond parfaitement aux besoins des utilisateurs recherchant qualit\u00e9 et efficacit\u00e9.<\/p>\n<h3>Caract\u00e9ristiques principales<\/h3>\n<ul>\n<li>Conception robuste<\/li>\n<li>Utilisation simple<\/li>\n<li>Performance fiable<\/li>\n<\/ul>","protected":false},"excerpt":{"rendered":"<p>Razer Kraken V4 X Casque Gaming Filaire : Pilotes 40mm &#8211; Micro cardio\u00efde &#8211; Coussins en mousse \u00e0 m\u00e9moire de forme &#8211; \u00c9clairage RVB Chroma &#8211; C\u00e2ble de type C &#038; Type A &#8211; Pour PC, Mac, PS5, Nintendo Switch, &#8211; produit de qualit\u00e9 con\u00e7u pour un usage quotidien.<\/p>","protected":false},"featured_media":75596,"comment_status":"open","ping_status":"closed","template":"","meta":[],"product_brand":[],"product_cat":[329],"product_tag":[330],"class_list":{"0":"post-76990","1":"product","2":"type-product","3":"status-publish","4":"has-post-thumbnail","6":"product_cat-gaming","7":"product_tag-casque-gaming","9":"first","10":"instock","11":"shipping-taxable","12":"product-type-external"},"_links":{"self":[{"href":"https:\/\/joutia.shop\/en\/wp-json\/wp\/v2\/product\/76990","targetHints":{"allow":["GET"]}}],"collection":[{"href":"https:\/\/joutia.shop\/en\/wp-json\/wp\/v2\/product"}],"about":[{"href":"https:\/\/joutia.shop\/en\/wp-json\/wp\/v2\/types\/product"}],"replies":[{"embeddable":true,"href":"https:\/\/joutia.shop\/en\/wp-json\/wp\/v2\/comments?post=76990"}],"wp:featuredmedia":[{"embeddable":true,"href":"https:\/\/joutia.shop\/en\/wp-json\/wp\/v2\/media\/75596"}],"wp:attachment":[{"href":"https:\/\/joutia.shop\/en\/wp-json\/wp\/v2\/media?parent=76990"}],"wp:term":[{"taxonomy":"product_brand","embeddable":true,"href":"https:\/\/joutia.shop\/en\/wp-json\/wp\/v2\/product_brand?post=76990"},{"taxonomy":"product_cat","embeddable":true,"href":"https:\/\/joutia.shop\/en\/wp-json\/wp\/v2\/product_cat?post=76990"},{"taxonomy":"product_tag","embeddable":true,"href":"https:\/\/joutia.shop\/en\/wp-json\/wp\/v2\/product_tag?post=76990"}],"curies":[{"name":"wp","href":"https:\/\/api.w.org\/{rel}","templated":true}]}}