{"id":76989,"date":"2026-03-12T22:58:12","date_gmt":"2026-03-12T22:58:12","guid":{"rendered":"https:\/\/joutia.shop\/?post_type=product&#038;p=76989"},"modified":"2026-03-12T22:58:14","modified_gmt":"2026-03-12T22:58:14","slug":"casque-gamer-casque-gaming-avec-micro-reducteur-de-bruit-stereo-bass-rgb-lumiere-3-5mm-jack-compatible-avec-ps4-ps5-pc-laptop-mac-xbox-switch","status":"publish","type":"product","link":"https:\/\/joutia.shop\/en\/product\/casque-gamer-casque-gaming-avec-micro-reducteur-de-bruit-stereo-bass-rgb-lumiere-3-5mm-jack-compatible-avec-ps4-ps5-pc-laptop-mac-xbox-switch\/","title":{"rendered":"Casque Gamer Casque Gaming avec Micro R\u00e9ducteur de Bruit, St\u00e9r\u00e9o Bass, RGB Lumi\u00e8re, 3.5mm Jack Compatible avec PS4\/PS5\/PC\/Laptop\/Mac\/Xbox\/Switch"},"content":{"rendered":"<h2>Casque Gamer Casque Gaming avec Micro R\u00e9ducteur de Bruit, St\u00e9r\u00e9o Bass, RGB Lumi\u00e8re, 3.5mm Jack Compatible avec PS4\/PS5\/PC\/Laptop\/Mac\/Xbox\/Switch<\/h2>\n<p>Le produit <strong>Casque Gamer Casque Gaming avec Micro R\u00e9ducteur de Bruit, St\u00e9r\u00e9o Bass, RGB Lumi\u00e8re, 3.5mm Jack Compatible avec PS4\/PS5\/PC\/Laptop\/Mac\/Xbox\/Switch<\/strong> est con\u00e7u pour offrir performance et fiabilit\u00e9.<\/p>\n<p>Ce produit est id\u00e9al pour une utilisation quotidienne et r\u00e9pond parfaitement aux besoins des utilisateurs recherchant qualit\u00e9 et efficacit\u00e9.<\/p>\n<h3>Caract\u00e9ristiques principales<\/h3>\n<ul>\n<li>Conception robuste<\/li>\n<li>Utilisation simple<\/li>\n<li>Performance fiable<\/li>\n<\/ul>","protected":false},"excerpt":{"rendered":"<p>Casque Gamer Casque Gaming avec Micro R\u00e9ducteur de Bruit, St\u00e9r\u00e9o Bass, RGB Lumi\u00e8re, 3.5mm Jack Compatible avec PS4\/PS5\/PC\/Laptop\/Mac\/Xbox\/Switch &#8211; produit de qualit\u00e9 con\u00e7u pour un usage quotidien.<\/p>","protected":false},"featured_media":75567,"comment_status":"open","ping_status":"closed","template":"","meta":[],"product_brand":[],"product_cat":[329],"product_tag":[330],"class_list":{"0":"post-76989","1":"product","2":"type-product","3":"status-publish","4":"has-post-thumbnail","6":"product_cat-gaming","7":"product_tag-casque-gaming","9":"first","10":"instock","11":"shipping-taxable","12":"product-type-external"},"_links":{"self":[{"href":"https:\/\/joutia.shop\/en\/wp-json\/wp\/v2\/product\/76989","targetHints":{"allow":["GET"]}}],"collection":[{"href":"https:\/\/joutia.shop\/en\/wp-json\/wp\/v2\/product"}],"about":[{"href":"https:\/\/joutia.shop\/en\/wp-json\/wp\/v2\/types\/product"}],"replies":[{"embeddable":true,"href":"https:\/\/joutia.shop\/en\/wp-json\/wp\/v2\/comments?post=76989"}],"wp:featuredmedia":[{"embeddable":true,"href":"https:\/\/joutia.shop\/en\/wp-json\/wp\/v2\/media\/75567"}],"wp:attachment":[{"href":"https:\/\/joutia.shop\/en\/wp-json\/wp\/v2\/media?parent=76989"}],"wp:term":[{"taxonomy":"product_brand","embeddable":true,"href":"https:\/\/joutia.shop\/en\/wp-json\/wp\/v2\/product_brand?post=76989"},{"taxonomy":"product_cat","embeddable":true,"href":"https:\/\/joutia.shop\/en\/wp-json\/wp\/v2\/product_cat?post=76989"},{"taxonomy":"product_tag","embeddable":true,"href":"https:\/\/joutia.shop\/en\/wp-json\/wp\/v2\/product_tag?post=76989"}],"curies":[{"name":"wp","href":"https:\/\/api.w.org\/{rel}","templated":true}]}}