{"id":76986,"date":"2026-03-12T22:58:12","date_gmt":"2026-03-12T22:58:12","guid":{"rendered":"https:\/\/joutia.shop\/?post_type=product&#038;p=76986"},"modified":"2026-03-12T22:58:14","modified_gmt":"2026-03-12T22:58:14","slug":"hyperx-hx-hscr-gm-cloud-revolver-casque-gaming-pour-pc-ps4-mac","status":"publish","type":"product","link":"https:\/\/joutia.shop\/en\/product\/hyperx-hx-hscr-gm-cloud-revolver-casque-gaming-pour-pc-ps4-mac\/","title":{"rendered":"HyperX HX-HSCR-GM Cloud Revolver &#8211; Casque Gaming pour PC\/PS4\/Mac"},"content":{"rendered":"<h2>HyperX HX-HSCR-GM Cloud Revolver &#8211; Casque Gaming pour PC\/PS4\/Mac<\/h2>\n<p>Le produit <strong>HyperX HX-HSCR-GM Cloud Revolver &#8211; Casque Gaming pour PC\/PS4\/Mac<\/strong> est con\u00e7u pour offrir performance et fiabilit\u00e9.<\/p>\n<p>Ce produit est id\u00e9al pour une utilisation quotidienne et r\u00e9pond parfaitement aux besoins des utilisateurs recherchant qualit\u00e9 et efficacit\u00e9.<\/p>\n<h3>Caract\u00e9ristiques principales<\/h3>\n<ul>\n<li>Conception robuste<\/li>\n<li>Utilisation simple<\/li>\n<li>Performance fiable<\/li>\n<\/ul>","protected":false},"excerpt":{"rendered":"<p>HyperX HX-HSCR-GM Cloud Revolver &#8211; Casque Gaming pour PC\/PS4\/Mac &#8211; produit de qualit\u00e9 con\u00e7u pour un usage quotidien.<\/p>","protected":false},"featured_media":75511,"comment_status":"open","ping_status":"closed","template":"","meta":[],"product_brand":[],"product_cat":[329],"product_tag":[330],"class_list":{"0":"post-76986","1":"product","2":"type-product","3":"status-publish","4":"has-post-thumbnail","6":"product_cat-gaming","7":"product_tag-casque-gaming","9":"first","10":"instock","11":"shipping-taxable","12":"product-type-external"},"_links":{"self":[{"href":"https:\/\/joutia.shop\/en\/wp-json\/wp\/v2\/product\/76986","targetHints":{"allow":["GET"]}}],"collection":[{"href":"https:\/\/joutia.shop\/en\/wp-json\/wp\/v2\/product"}],"about":[{"href":"https:\/\/joutia.shop\/en\/wp-json\/wp\/v2\/types\/product"}],"replies":[{"embeddable":true,"href":"https:\/\/joutia.shop\/en\/wp-json\/wp\/v2\/comments?post=76986"}],"wp:featuredmedia":[{"embeddable":true,"href":"https:\/\/joutia.shop\/en\/wp-json\/wp\/v2\/media\/75511"}],"wp:attachment":[{"href":"https:\/\/joutia.shop\/en\/wp-json\/wp\/v2\/media?parent=76986"}],"wp:term":[{"taxonomy":"product_brand","embeddable":true,"href":"https:\/\/joutia.shop\/en\/wp-json\/wp\/v2\/product_brand?post=76986"},{"taxonomy":"product_cat","embeddable":true,"href":"https:\/\/joutia.shop\/en\/wp-json\/wp\/v2\/product_cat?post=76986"},{"taxonomy":"product_tag","embeddable":true,"href":"https:\/\/joutia.shop\/en\/wp-json\/wp\/v2\/product_tag?post=76986"}],"curies":[{"name":"wp","href":"https:\/\/api.w.org\/{rel}","templated":true}]}}