{"id":76984,"date":"2026-03-12T22:58:12","date_gmt":"2026-03-12T22:58:12","guid":{"rendered":"https:\/\/joutia.shop\/?post_type=product&#038;p=76984"},"modified":"2026-03-12T22:58:14","modified_gmt":"2026-03-12T22:58:14","slug":"turtle-beach-recon-70-playstation-console-blanche-casque-de-gaming-multiplateforme-pour-ps5-ps4-ps4-pro-xbox-series-x-xbox-series-s-et-xbox-one-pc-et-appareils-mobiles-avec-prise-35-mm","status":"publish","type":"product","link":"https:\/\/joutia.shop\/en\/product\/turtle-beach-recon-70-playstation-console-blanche-casque-de-gaming-multiplateforme-pour-ps5-ps4-ps4-pro-xbox-series-x-xbox-series-s-et-xbox-one-pc-et-appareils-mobiles-avec-prise-35-mm\/","title":{"rendered":"Turtle Beach Recon 70 PlayStation Console Blanche Casque de gaming multiplateforme pour PS5, PS4, PS4 Pro, Xbox Series X, Xbox Series S et Xbox One, PC et Appareils Mobiles avec prise 3,5 mm"},"content":{"rendered":"<h2>Turtle Beach Recon 70 PlayStation Console Blanche Casque de gaming multiplateforme pour PS5, PS4, PS4 Pro, Xbox Series X, Xbox Series S et Xbox One, PC et Appareils Mobiles avec prise 3,5 mm<\/h2>\n<p>Le produit <strong>Turtle Beach Recon 70 PlayStation Console Blanche Casque de gaming multiplateforme pour PS5, PS4, PS4 Pro, Xbox Series X, Xbox Series S et Xbox One, PC et Appareils Mobiles avec prise 3,5 mm<\/strong> est con\u00e7u pour offrir performance et fiabilit\u00e9.<\/p>\n<p>Ce produit est id\u00e9al pour une utilisation quotidienne et r\u00e9pond parfaitement aux besoins des utilisateurs recherchant qualit\u00e9 et efficacit\u00e9.<\/p>\n<h3>Caract\u00e9ristiques principales<\/h3>\n<ul>\n<li>Conception robuste<\/li>\n<li>Utilisation simple<\/li>\n<li>Performance fiable<\/li>\n<\/ul>","protected":false},"excerpt":{"rendered":"<p>Turtle Beach Recon 70 PlayStation Console Blanche Casque de gaming multiplateforme pour PS5, PS4, PS4 Pro, Xbox Series X, Xbox Series S et Xbox One, PC et Appareils Mobiles avec prise 3,5 mm &#8211; produit de qualit\u00e9 con\u00e7u pour un usage quotidien.<\/p>","protected":false},"featured_media":76244,"comment_status":"open","ping_status":"closed","template":"","meta":[],"product_brand":[],"product_cat":[329],"product_tag":[330],"class_list":{"0":"post-76984","1":"product","2":"type-product","3":"status-publish","4":"has-post-thumbnail","6":"product_cat-gaming","7":"product_tag-casque-gaming","9":"first","10":"instock","11":"shipping-taxable","12":"product-type-external"},"_links":{"self":[{"href":"https:\/\/joutia.shop\/en\/wp-json\/wp\/v2\/product\/76984","targetHints":{"allow":["GET"]}}],"collection":[{"href":"https:\/\/joutia.shop\/en\/wp-json\/wp\/v2\/product"}],"about":[{"href":"https:\/\/joutia.shop\/en\/wp-json\/wp\/v2\/types\/product"}],"replies":[{"embeddable":true,"href":"https:\/\/joutia.shop\/en\/wp-json\/wp\/v2\/comments?post=76984"}],"wp:featuredmedia":[{"embeddable":true,"href":"https:\/\/joutia.shop\/en\/wp-json\/wp\/v2\/media\/76244"}],"wp:attachment":[{"href":"https:\/\/joutia.shop\/en\/wp-json\/wp\/v2\/media?parent=76984"}],"wp:term":[{"taxonomy":"product_brand","embeddable":true,"href":"https:\/\/joutia.shop\/en\/wp-json\/wp\/v2\/product_brand?post=76984"},{"taxonomy":"product_cat","embeddable":true,"href":"https:\/\/joutia.shop\/en\/wp-json\/wp\/v2\/product_cat?post=76984"},{"taxonomy":"product_tag","embeddable":true,"href":"https:\/\/joutia.shop\/en\/wp-json\/wp\/v2\/product_tag?post=76984"}],"curies":[{"name":"wp","href":"https:\/\/api.w.org\/{rel}","templated":true}]}}