{"id":76976,"date":"2026-03-12T22:58:07","date_gmt":"2026-03-12T22:58:07","guid":{"rendered":"https:\/\/joutia.shop\/?post_type=product&#038;p=76976"},"modified":"2026-03-12T22:58:11","modified_gmt":"2026-03-12T22:58:11","slug":"tatybo-casque-gaming-pour-ps5-casque-gamer-3d-son-surround-avec-microphone-antibruit-ultraleger-250g-haut-parleur-50-mm-casque-avec-prise-jack-35-mm-pour-ps4-pc-xbox-switch-violet-et-blanc","status":"publish","type":"product","link":"https:\/\/joutia.shop\/en\/product\/tatybo-casque-gaming-pour-ps5-casque-gamer-3d-son-surround-avec-microphone-antibruit-ultraleger-250g-haut-parleur-50-mm-casque-avec-prise-jack-35-mm-pour-ps4-pc-xbox-switch-violet-et-blanc\/","title":{"rendered":"Tatybo Casque Gaming pour Ps5, Casque Gamer 3D Son Surround avec Microphone Antibruit, Ultral\u00e9ger 250g, Haut-Parleur 50 mm, Casque avec Prise Jack 3,5 MM pour Ps4 Pc Xbox Switch (Violet et Blanc)"},"content":{"rendered":"<h2>Tatybo Casque Gaming pour Ps5, Casque Gamer 3D Son Surround avec Microphone Antibruit, Ultral\u00e9ger 250g, Haut-Parleur 50 mm, Casque avec Prise Jack 3,5 MM pour Ps4 Pc Xbox Switch (Violet et Blanc)<\/h2>\n<p>Le produit <strong>Tatybo Casque Gaming pour Ps5, Casque Gamer 3D Son Surround avec Microphone Antibruit, Ultral\u00e9ger 250g, Haut-Parleur 50 mm, Casque avec Prise Jack 3,5 MM pour Ps4 Pc Xbox Switch (Violet et Blanc)<\/strong> est con\u00e7u pour offrir performance et fiabilit\u00e9.<\/p>\n<p>Ce produit est id\u00e9al pour une utilisation quotidienne et r\u00e9pond parfaitement aux besoins des utilisateurs recherchant qualit\u00e9 et efficacit\u00e9.<\/p>\n<h3>Caract\u00e9ristiques principales<\/h3>\n<ul>\n<li>Conception robuste<\/li>\n<li>Utilisation simple<\/li>\n<li>Performance fiable<\/li>\n<\/ul>","protected":false},"excerpt":{"rendered":"<p>Tatybo Casque Gaming pour Ps5, Casque Gamer 3D Son Surround avec Microphone Antibruit, Ultral\u00e9ger 250g, Haut-Parleur 50 mm, Casque avec Prise Jack 3,5 MM pour Ps4 Pc Xbox Switch (Violet et Blanc) &#8211; produit de qualit\u00e9 con\u00e7u pour un usage quotidien.<\/p>","protected":false},"featured_media":76107,"comment_status":"open","ping_status":"closed","template":"","meta":[],"product_brand":[],"product_cat":[329],"product_tag":[330],"class_list":{"0":"post-76976","1":"product","2":"type-product","3":"status-publish","4":"has-post-thumbnail","6":"product_cat-gaming","7":"product_tag-casque-gaming","9":"first","10":"instock","11":"shipping-taxable","12":"product-type-external"},"_links":{"self":[{"href":"https:\/\/joutia.shop\/en\/wp-json\/wp\/v2\/product\/76976","targetHints":{"allow":["GET"]}}],"collection":[{"href":"https:\/\/joutia.shop\/en\/wp-json\/wp\/v2\/product"}],"about":[{"href":"https:\/\/joutia.shop\/en\/wp-json\/wp\/v2\/types\/product"}],"replies":[{"embeddable":true,"href":"https:\/\/joutia.shop\/en\/wp-json\/wp\/v2\/comments?post=76976"}],"wp:featuredmedia":[{"embeddable":true,"href":"https:\/\/joutia.shop\/en\/wp-json\/wp\/v2\/media\/76107"}],"wp:attachment":[{"href":"https:\/\/joutia.shop\/en\/wp-json\/wp\/v2\/media?parent=76976"}],"wp:term":[{"taxonomy":"product_brand","embeddable":true,"href":"https:\/\/joutia.shop\/en\/wp-json\/wp\/v2\/product_brand?post=76976"},{"taxonomy":"product_cat","embeddable":true,"href":"https:\/\/joutia.shop\/en\/wp-json\/wp\/v2\/product_cat?post=76976"},{"taxonomy":"product_tag","embeddable":true,"href":"https:\/\/joutia.shop\/en\/wp-json\/wp\/v2\/product_tag?post=76976"}],"curies":[{"name":"wp","href":"https:\/\/api.w.org\/{rel}","templated":true}]}}