{"id":76961,"date":"2026-03-12T22:58:06","date_gmt":"2026-03-12T22:58:06","guid":{"rendered":"https:\/\/joutia.shop\/?post_type=product&#038;p=76961"},"modified":"2026-03-12T22:58:09","modified_gmt":"2026-03-12T22:58:09","slug":"ozeino-casque-gaming-pour-ps5-pc-ps4-casque-gamer-pour-micro-rgb-7-couleurs-transducteurs-50mm-stereo-basse-micro-anti-bruit-reglable-compatible-avec-switch-xbox-series-x-s-bleu-noir","status":"publish","type":"product","link":"https:\/\/joutia.shop\/en\/product\/ozeino-casque-gaming-pour-ps5-pc-ps4-casque-gamer-pour-micro-rgb-7-couleurs-transducteurs-50mm-stereo-basse-micro-anti-bruit-reglable-compatible-avec-switch-xbox-series-x-s-bleu-noir\/","title":{"rendered":"Ozeino Casque Gaming pour Ps5 PC Ps4, Casque Gamer pour Micro RGB 7 Couleurs Transducteurs 50mm St\u00e9r\u00e9o Basse Micro Anti-Bruit R\u00e9glable Compatible avec Switch Xbox Series X &#038; S-Bleu Noir"},"content":{"rendered":"<h2>Ozeino Casque Gaming pour Ps5 PC Ps4, Casque Gamer pour Micro RGB 7 Couleurs Transducteurs 50mm St\u00e9r\u00e9o Basse Micro Anti-Bruit R\u00e9glable Compatible avec Switch Xbox Series X &#038; S-Bleu Noir<\/h2>\n<p>Le produit <strong>Ozeino Casque Gaming pour Ps5 PC Ps4, Casque Gamer pour Micro RGB 7 Couleurs Transducteurs 50mm St\u00e9r\u00e9o Basse Micro Anti-Bruit R\u00e9glable Compatible avec Switch Xbox Series X &#038; S-Bleu Noir<\/strong> est con\u00e7u pour offrir performance et fiabilit\u00e9.<\/p>\n<p>Ce produit est id\u00e9al pour une utilisation quotidienne et r\u00e9pond parfaitement aux besoins des utilisateurs recherchant qualit\u00e9 et efficacit\u00e9.<\/p>\n<h3>Caract\u00e9ristiques principales<\/h3>\n<ul>\n<li>Conception robuste<\/li>\n<li>Utilisation simple<\/li>\n<li>Performance fiable<\/li>\n<\/ul>","protected":false},"excerpt":{"rendered":"<p>Ozeino Casque Gaming pour Ps5 PC Ps4, Casque Gamer pour Micro RGB 7 Couleurs Transducteurs 50mm St\u00e9r\u00e9o Basse Micro Anti-Bruit R\u00e9glable Compatible avec Switch Xbox Series X &#038; S-Bleu Noir &#8211; produit de qualit\u00e9 con\u00e7u pour un usage quotidien.<\/p>","protected":false},"featured_media":75774,"comment_status":"open","ping_status":"closed","template":"","meta":[],"product_brand":[],"product_cat":[329],"product_tag":[330],"class_list":{"0":"post-76961","1":"product","2":"type-product","3":"status-publish","4":"has-post-thumbnail","6":"product_cat-gaming","7":"product_tag-casque-gaming","9":"first","10":"instock","11":"shipping-taxable","12":"product-type-external"},"_links":{"self":[{"href":"https:\/\/joutia.shop\/en\/wp-json\/wp\/v2\/product\/76961","targetHints":{"allow":["GET"]}}],"collection":[{"href":"https:\/\/joutia.shop\/en\/wp-json\/wp\/v2\/product"}],"about":[{"href":"https:\/\/joutia.shop\/en\/wp-json\/wp\/v2\/types\/product"}],"replies":[{"embeddable":true,"href":"https:\/\/joutia.shop\/en\/wp-json\/wp\/v2\/comments?post=76961"}],"wp:featuredmedia":[{"embeddable":true,"href":"https:\/\/joutia.shop\/en\/wp-json\/wp\/v2\/media\/75774"}],"wp:attachment":[{"href":"https:\/\/joutia.shop\/en\/wp-json\/wp\/v2\/media?parent=76961"}],"wp:term":[{"taxonomy":"product_brand","embeddable":true,"href":"https:\/\/joutia.shop\/en\/wp-json\/wp\/v2\/product_brand?post=76961"},{"taxonomy":"product_cat","embeddable":true,"href":"https:\/\/joutia.shop\/en\/wp-json\/wp\/v2\/product_cat?post=76961"},{"taxonomy":"product_tag","embeddable":true,"href":"https:\/\/joutia.shop\/en\/wp-json\/wp\/v2\/product_tag?post=76961"}],"curies":[{"name":"wp","href":"https:\/\/api.w.org\/{rel}","templated":true}]}}