{"id":76956,"date":"2026-03-12T22:58:06","date_gmt":"2026-03-12T22:58:06","guid":{"rendered":"https:\/\/joutia.shop\/?post_type=product&#038;p=76956"},"modified":"2026-03-12T22:58:08","modified_gmt":"2026-03-12T22:58:08","slug":"steelseries-arctis-nova-5p-casque-gaming-ps5-sans-fil-haut-parleurs-magnetiques-neodyme-100-profils-audio-batterie-60h-24ghz-ou-bt-micro-clearcast-gen-2-x-pour-ps4-5-pc-switch-mobile","status":"publish","type":"product","link":"https:\/\/joutia.shop\/en\/product\/steelseries-arctis-nova-5p-casque-gaming-ps5-sans-fil-haut-parleurs-magnetiques-neodyme-100-profils-audio-batterie-60h-24ghz-ou-bt-micro-clearcast-gen-2-x-pour-ps4-5-pc-switch-mobile\/","title":{"rendered":"SteelSeries Arctis Nova 5P Casque Gaming PS5 Sans Fil &#8211; Haut-parleurs magn\u00e9tiques n\u00e9odyme &#8211; 100+ profils audio &#8211; Batterie 60h &#8211; 2,4GHz ou BT &#8211; Micro ClearCast Gen 2.X &#8211; Pour PS4\/5, PC, Switch, Mobile"},"content":{"rendered":"<h2>SteelSeries Arctis Nova 5P Casque Gaming PS5 Sans Fil &#8211; Haut-parleurs magn\u00e9tiques n\u00e9odyme &#8211; 100+ profils audio &#8211; Batterie 60h &#8211; 2,4GHz ou BT &#8211; Micro ClearCast Gen 2.X &#8211; Pour PS4\/5, PC, Switch, Mobile<\/h2>\n<p>Le produit <strong>SteelSeries Arctis Nova 5P Casque Gaming PS5 Sans Fil &#8211; Haut-parleurs magn\u00e9tiques n\u00e9odyme &#8211; 100+ profils audio &#8211; Batterie 60h &#8211; 2,4GHz ou BT &#8211; Micro ClearCast Gen 2.X &#8211; Pour PS4\/5, PC, Switch, Mobile<\/strong> est con\u00e7u pour offrir performance et fiabilit\u00e9.<\/p>\n<p>Ce produit est id\u00e9al pour une utilisation quotidienne et r\u00e9pond parfaitement aux besoins des utilisateurs recherchant qualit\u00e9 et efficacit\u00e9.<\/p>\n<h3>Caract\u00e9ristiques principales<\/h3>\n<ul>\n<li>Conception robuste<\/li>\n<li>Utilisation simple<\/li>\n<li>Performance fiable<\/li>\n<\/ul>","protected":false},"excerpt":{"rendered":"<p>SteelSeries Arctis Nova 5P Casque Gaming PS5 Sans Fil &#8211; Haut-parleurs magn\u00e9tiques n\u00e9odyme &#8211; 100+ profils audio &#8211; Batterie 60h &#8211; 2,4GHz ou BT &#8211; Micro ClearCast Gen 2.X &#8211; Pour PS4\/5, PC, Switch, Mobile &#8211; produit de qualit\u00e9 con\u00e7u pour un usage quotidien.<\/p>","protected":false},"featured_media":76266,"comment_status":"open","ping_status":"closed","template":"","meta":[],"product_brand":[],"product_cat":[329],"product_tag":[330],"class_list":{"0":"post-76956","1":"product","2":"type-product","3":"status-publish","4":"has-post-thumbnail","6":"product_cat-gaming","7":"product_tag-casque-gaming","9":"first","10":"instock","11":"shipping-taxable","12":"product-type-external"},"_links":{"self":[{"href":"https:\/\/joutia.shop\/en\/wp-json\/wp\/v2\/product\/76956","targetHints":{"allow":["GET"]}}],"collection":[{"href":"https:\/\/joutia.shop\/en\/wp-json\/wp\/v2\/product"}],"about":[{"href":"https:\/\/joutia.shop\/en\/wp-json\/wp\/v2\/types\/product"}],"replies":[{"embeddable":true,"href":"https:\/\/joutia.shop\/en\/wp-json\/wp\/v2\/comments?post=76956"}],"wp:featuredmedia":[{"embeddable":true,"href":"https:\/\/joutia.shop\/en\/wp-json\/wp\/v2\/media\/76266"}],"wp:attachment":[{"href":"https:\/\/joutia.shop\/en\/wp-json\/wp\/v2\/media?parent=76956"}],"wp:term":[{"taxonomy":"product_brand","embeddable":true,"href":"https:\/\/joutia.shop\/en\/wp-json\/wp\/v2\/product_brand?post=76956"},{"taxonomy":"product_cat","embeddable":true,"href":"https:\/\/joutia.shop\/en\/wp-json\/wp\/v2\/product_cat?post=76956"},{"taxonomy":"product_tag","embeddable":true,"href":"https:\/\/joutia.shop\/en\/wp-json\/wp\/v2\/product_tag?post=76956"}],"curies":[{"name":"wp","href":"https:\/\/api.w.org\/{rel}","templated":true}]}}