{"id":76944,"date":"2026-03-12T22:58:00","date_gmt":"2026-03-12T22:58:00","guid":{"rendered":"https:\/\/joutia.shop\/?post_type=product&#038;p=76944"},"modified":"2026-03-12T22:58:03","modified_gmt":"2026-03-12T22:58:03","slug":"redragon-lamia-2-h320-rgb-casque-de-gaming-usb-avec-microphone-support-inclus-casques-puissants-7-1-virtuel-casque-de-jeu-pc-compatible","status":"publish","type":"product","link":"https:\/\/joutia.shop\/en\/product\/redragon-lamia-2-h320-rgb-casque-de-gaming-usb-avec-microphone-support-inclus-casques-puissants-7-1-virtuel-casque-de-jeu-pc-compatible\/","title":{"rendered":"Redragon Lamia 2 H320 RGB Casque de Gaming USB avec Microphone, Support Inclus, Casques puissants, 7.1 virtuel, Casque de Jeu, PC Compatible"},"content":{"rendered":"<h2>Redragon Lamia 2 H320 RGB Casque de Gaming USB avec Microphone, Support Inclus, Casques puissants, 7.1 virtuel, Casque de Jeu, PC Compatible<\/h2>\n<p>Le produit <strong>Redragon Lamia 2 H320 RGB Casque de Gaming USB avec Microphone, Support Inclus, Casques puissants, 7.1 virtuel, Casque de Jeu, PC Compatible<\/strong> est con\u00e7u pour offrir performance et fiabilit\u00e9.<\/p>\n<p>Ce produit est id\u00e9al pour une utilisation quotidienne et r\u00e9pond parfaitement aux besoins des utilisateurs recherchant qualit\u00e9 et efficacit\u00e9.<\/p>\n<h3>Caract\u00e9ristiques principales<\/h3>\n<ul>\n<li>Conception robuste<\/li>\n<li>Utilisation simple<\/li>\n<li>Performance fiable<\/li>\n<\/ul>","protected":false},"excerpt":{"rendered":"<p>Redragon Lamia 2 H320 RGB Casque de Gaming USB avec Microphone, Support Inclus, Casques puissants, 7.1 virtuel, Casque de Jeu, PC Compatible &#8211; produit de qualit\u00e9 con\u00e7u pour un usage quotidien.<\/p>","protected":false},"featured_media":76277,"comment_status":"open","ping_status":"closed","template":"","meta":[],"product_brand":[],"product_cat":[329],"product_tag":[330],"class_list":{"0":"post-76944","1":"product","2":"type-product","3":"status-publish","4":"has-post-thumbnail","6":"product_cat-gaming","7":"product_tag-casque-gaming","9":"first","10":"instock","11":"shipping-taxable","12":"product-type-external"},"_links":{"self":[{"href":"https:\/\/joutia.shop\/en\/wp-json\/wp\/v2\/product\/76944","targetHints":{"allow":["GET"]}}],"collection":[{"href":"https:\/\/joutia.shop\/en\/wp-json\/wp\/v2\/product"}],"about":[{"href":"https:\/\/joutia.shop\/en\/wp-json\/wp\/v2\/types\/product"}],"replies":[{"embeddable":true,"href":"https:\/\/joutia.shop\/en\/wp-json\/wp\/v2\/comments?post=76944"}],"wp:featuredmedia":[{"embeddable":true,"href":"https:\/\/joutia.shop\/en\/wp-json\/wp\/v2\/media\/76277"}],"wp:attachment":[{"href":"https:\/\/joutia.shop\/en\/wp-json\/wp\/v2\/media?parent=76944"}],"wp:term":[{"taxonomy":"product_brand","embeddable":true,"href":"https:\/\/joutia.shop\/en\/wp-json\/wp\/v2\/product_brand?post=76944"},{"taxonomy":"product_cat","embeddable":true,"href":"https:\/\/joutia.shop\/en\/wp-json\/wp\/v2\/product_cat?post=76944"},{"taxonomy":"product_tag","embeddable":true,"href":"https:\/\/joutia.shop\/en\/wp-json\/wp\/v2\/product_tag?post=76944"}],"curies":[{"name":"wp","href":"https:\/\/api.w.org\/{rel}","templated":true}]}}