{"id":76937,"date":"2026-03-12T22:58:00","date_gmt":"2026-03-12T22:58:00","guid":{"rendered":"https:\/\/joutia.shop\/?post_type=product&#038;p=76937"},"modified":"2026-03-12T22:58:02","modified_gmt":"2026-03-12T22:58:02","slug":"ruxingx-montre-connectee-femme-127-smartwatch-avec-appel-bluetooth-220-cadrans-fonction-feminine-sommeil-frequence-cardiaque-spo2-podometre-126-modes-sport-ip68-calories-android-ios-noir-or-cadeau","status":"publish","type":"product","link":"https:\/\/joutia.shop\/en\/product\/ruxingx-montre-connectee-femme-127-smartwatch-avec-appel-bluetooth-220-cadrans-fonction-feminine-sommeil-frequence-cardiaque-spo2-podometre-126-modes-sport-ip68-calories-android-ios-noir-or-cadeau\/","title":{"rendered":"RUXINGX Montre Connect\u00e9e Femme, 1,27&Prime; Smartwatch avec Appel Bluetooth, 220 Cadrans Fonction F\u00e9minine Sommeil Fr\u00e9quence Cardiaque SpO2 Podom\u00e8tre 126 Modes Sport IP68 Calories Android iOS Noir Or Cadeau"},"content":{"rendered":"<h2>RUXINGX Montre Connect\u00e9e Femme, 1,27&Prime; Smartwatch avec Appel Bluetooth, 220 Cadrans Fonction F\u00e9minine Sommeil Fr\u00e9quence Cardiaque SpO2 Podom\u00e8tre 126 Modes Sport IP68 Calories Android iOS Noir Or Cadeau<\/h2>\n<p>Le produit <strong>RUXINGX Montre Connect\u00e9e Femme, 1,27&Prime; Smartwatch avec Appel Bluetooth, 220 Cadrans Fonction F\u00e9minine Sommeil Fr\u00e9quence Cardiaque SpO2 Podom\u00e8tre 126 Modes Sport IP68 Calories Android iOS Noir Or Cadeau<\/strong> est con\u00e7u pour offrir performance et fiabilit\u00e9.<\/p>\n<p>Ce produit est id\u00e9al pour une utilisation quotidienne et r\u00e9pond parfaitement aux besoins des utilisateurs recherchant qualit\u00e9 et efficacit\u00e9.<\/p>\n<h3>Caract\u00e9ristiques principales<\/h3>\n<ul>\n<li>Conception robuste<\/li>\n<li>Utilisation simple<\/li>\n<li>Performance fiable<\/li>\n<\/ul>","protected":false},"excerpt":{"rendered":"<p>RUXINGX Montre Connect\u00e9e Femme, 1,27&Prime; Smartwatch avec Appel Bluetooth, 220 Cadrans Fonction F\u00e9minine Sommeil Fr\u00e9quence Cardiaque SpO2 Podom\u00e8tre 126 Modes Sport IP68 Calories Android iOS Noir Or Cadeau &#8211; produit de qualit\u00e9 con\u00e7u pour un usage quotidien.<\/p>","protected":false},"featured_media":75944,"comment_status":"open","ping_status":"closed","template":"","meta":[],"product_brand":[],"product_cat":[327],"product_tag":[328],"class_list":{"0":"post-76937","1":"product","2":"type-product","3":"status-publish","4":"has-post-thumbnail","6":"product_cat-montres","7":"product_tag-montre-connectee","9":"first","10":"instock","11":"shipping-taxable","12":"product-type-external"},"_links":{"self":[{"href":"https:\/\/joutia.shop\/en\/wp-json\/wp\/v2\/product\/76937","targetHints":{"allow":["GET"]}}],"collection":[{"href":"https:\/\/joutia.shop\/en\/wp-json\/wp\/v2\/product"}],"about":[{"href":"https:\/\/joutia.shop\/en\/wp-json\/wp\/v2\/types\/product"}],"replies":[{"embeddable":true,"href":"https:\/\/joutia.shop\/en\/wp-json\/wp\/v2\/comments?post=76937"}],"wp:featuredmedia":[{"embeddable":true,"href":"https:\/\/joutia.shop\/en\/wp-json\/wp\/v2\/media\/75944"}],"wp:attachment":[{"href":"https:\/\/joutia.shop\/en\/wp-json\/wp\/v2\/media?parent=76937"}],"wp:term":[{"taxonomy":"product_brand","embeddable":true,"href":"https:\/\/joutia.shop\/en\/wp-json\/wp\/v2\/product_brand?post=76937"},{"taxonomy":"product_cat","embeddable":true,"href":"https:\/\/joutia.shop\/en\/wp-json\/wp\/v2\/product_cat?post=76937"},{"taxonomy":"product_tag","embeddable":true,"href":"https:\/\/joutia.shop\/en\/wp-json\/wp\/v2\/product_tag?post=76937"}],"curies":[{"name":"wp","href":"https:\/\/api.w.org\/{rel}","templated":true}]}}