{"id":76921,"date":"2026-03-12T22:57:54","date_gmt":"2026-03-12T22:57:54","guid":{"rendered":"https:\/\/joutia.shop\/?post_type=product&#038;p=76921"},"modified":"2026-03-12T22:57:57","modified_gmt":"2026-03-12T22:57:57","slug":"montre-connectee-femme-sport-smartwatch-1-83-fitness-smart-watch-avec-appel-bluetooth-100-sport-mode-podometre-moniteur-de-sante-tension-arterielle-spo2-montres-intelligente-pour-andriod-et-ios","status":"publish","type":"product","link":"https:\/\/joutia.shop\/en\/product\/montre-connectee-femme-sport-smartwatch-1-83-fitness-smart-watch-avec-appel-bluetooth-100-sport-mode-podometre-moniteur-de-sante-tension-arterielle-spo2-montres-intelligente-pour-andriod-et-ios\/","title":{"rendered":"Montre Connect\u00e9e Femme Sport Smartwatch: 1.83&Prime; Fitness Smart Watch avec Appel Bluetooth 100+ Sport Mode Podometre Moniteur de Sante Tension Arterielle SpO2 Montres Intelligente pour Andriod et iOS"},"content":{"rendered":"<h2>Montre Connect\u00e9e Femme Sport Smartwatch: 1.83&Prime; Fitness Smart Watch avec Appel Bluetooth 100+ Sport Mode Podometre Moniteur de Sante Tension Arterielle SpO2 Montres Intelligente pour Andriod et iOS<\/h2>\n<p>Le produit <strong>Montre Connect\u00e9e Femme Sport Smartwatch: 1.83&Prime; Fitness Smart Watch avec Appel Bluetooth 100+ Sport Mode Podometre Moniteur de Sante Tension Arterielle SpO2 Montres Intelligente pour Andriod et iOS<\/strong> est con\u00e7u pour offrir performance et fiabilit\u00e9.<\/p>\n<p>Ce produit est id\u00e9al pour une utilisation quotidienne et r\u00e9pond parfaitement aux besoins des utilisateurs recherchant qualit\u00e9 et efficacit\u00e9.<\/p>\n<h3>Caract\u00e9ristiques principales<\/h3>\n<ul>\n<li>Conception robuste<\/li>\n<li>Utilisation simple<\/li>\n<li>Performance fiable<\/li>\n<\/ul>","protected":false},"excerpt":{"rendered":"<p>Montre Connect\u00e9e Femme Sport Smartwatch: 1.83&Prime; Fitness Smart Watch avec Appel Bluetooth 100+ Sport Mode Podometre Moniteur de Sante Tension Arterielle SpO2 Montres Intelligente pour Andriod et iOS &#8211; produit de qualit\u00e9 con\u00e7u pour un usage quotidien.<\/p>","protected":false},"featured_media":75368,"comment_status":"open","ping_status":"closed","template":"","meta":[],"product_brand":[],"product_cat":[327],"product_tag":[328],"class_list":{"0":"post-76921","1":"product","2":"type-product","3":"status-publish","4":"has-post-thumbnail","6":"product_cat-montres","7":"product_tag-montre-connectee","9":"first","10":"instock","11":"shipping-taxable","12":"product-type-external"},"_links":{"self":[{"href":"https:\/\/joutia.shop\/en\/wp-json\/wp\/v2\/product\/76921","targetHints":{"allow":["GET"]}}],"collection":[{"href":"https:\/\/joutia.shop\/en\/wp-json\/wp\/v2\/product"}],"about":[{"href":"https:\/\/joutia.shop\/en\/wp-json\/wp\/v2\/types\/product"}],"replies":[{"embeddable":true,"href":"https:\/\/joutia.shop\/en\/wp-json\/wp\/v2\/comments?post=76921"}],"wp:featuredmedia":[{"embeddable":true,"href":"https:\/\/joutia.shop\/en\/wp-json\/wp\/v2\/media\/75368"}],"wp:attachment":[{"href":"https:\/\/joutia.shop\/en\/wp-json\/wp\/v2\/media?parent=76921"}],"wp:term":[{"taxonomy":"product_brand","embeddable":true,"href":"https:\/\/joutia.shop\/en\/wp-json\/wp\/v2\/product_brand?post=76921"},{"taxonomy":"product_cat","embeddable":true,"href":"https:\/\/joutia.shop\/en\/wp-json\/wp\/v2\/product_cat?post=76921"},{"taxonomy":"product_tag","embeddable":true,"href":"https:\/\/joutia.shop\/en\/wp-json\/wp\/v2\/product_tag?post=76921"}],"curies":[{"name":"wp","href":"https:\/\/api.w.org\/{rel}","templated":true}]}}