{"id":76898,"date":"2026-03-12T22:57:53","date_gmt":"2026-03-12T22:57:53","guid":{"rendered":"https:\/\/joutia.shop\/?post_type=product&#038;p=76898"},"modified":"2026-03-12T22:57:55","modified_gmt":"2026-03-12T22:57:55","slug":"cascho-montre-connectee-femme-avec-appel-bluetooth1-85-hd-smartwatch-femme-avec-frequence-cardiaque-sommeil-spo2-120-modes-sportifs-ip68-etanche-fitness-tracker-montre-pour-android-ios-or-rose","status":"publish","type":"product","link":"https:\/\/joutia.shop\/en\/product\/cascho-montre-connectee-femme-avec-appel-bluetooth1-85-hd-smartwatch-femme-avec-frequence-cardiaque-sommeil-spo2-120-modes-sportifs-ip68-etanche-fitness-tracker-montre-pour-android-ios-or-rose\/","title":{"rendered":"CASCHO Montre Connect\u00e9e Femme avec Appel Bluetooth,1.85&Prime; HD Smartwatch Femme avec Fr\u00e9quence Cardiaque\/Sommeil\/SpO2, 120+ Modes Sportifs, IP68 \u00c9tanche Fitness Tracker, Montre pour Android iOS Or Rose"},"content":{"rendered":"<h2>CASCHO Montre Connect\u00e9e Femme avec Appel Bluetooth,1.85&Prime; HD Smartwatch Femme avec Fr\u00e9quence Cardiaque\/Sommeil\/SpO2, 120+ Modes Sportifs, IP68 \u00c9tanche Fitness Tracker, Montre pour Android iOS Or Rose<\/h2>\n<p>Le produit <strong>CASCHO Montre Connect\u00e9e Femme avec Appel Bluetooth,1.85&Prime; HD Smartwatch Femme avec Fr\u00e9quence Cardiaque\/Sommeil\/SpO2, 120+ Modes Sportifs, IP68 \u00c9tanche Fitness Tracker, Montre pour Android iOS Or Rose<\/strong> est con\u00e7u pour offrir performance et fiabilit\u00e9.<\/p>\n<p>Ce produit est id\u00e9al pour une utilisation quotidienne et r\u00e9pond parfaitement aux besoins des utilisateurs recherchant qualit\u00e9 et efficacit\u00e9.<\/p>\n<h3>Caract\u00e9ristiques principales<\/h3>\n<ul>\n<li>Conception robuste<\/li>\n<li>Utilisation simple<\/li>\n<li>Performance fiable<\/li>\n<\/ul>","protected":false},"excerpt":{"rendered":"<p>CASCHO Montre Connect\u00e9e Femme avec Appel Bluetooth,1.85&Prime; HD Smartwatch Femme avec Fr\u00e9quence Cardiaque\/Sommeil\/SpO2, 120+ Modes Sportifs, IP68 \u00c9tanche Fitness Tracker, Montre pour Android iOS Or Rose &#8211; produit de qualit\u00e9 con\u00e7u pour un usage quotidien.<\/p>","protected":false},"featured_media":75626,"comment_status":"open","ping_status":"closed","template":"","meta":[],"product_brand":[],"product_cat":[327],"product_tag":[328],"class_list":{"0":"post-76898","1":"product","2":"type-product","3":"status-publish","4":"has-post-thumbnail","6":"product_cat-montres","7":"product_tag-montre-connectee","9":"first","10":"instock","11":"shipping-taxable","12":"product-type-external"},"_links":{"self":[{"href":"https:\/\/joutia.shop\/en\/wp-json\/wp\/v2\/product\/76898","targetHints":{"allow":["GET"]}}],"collection":[{"href":"https:\/\/joutia.shop\/en\/wp-json\/wp\/v2\/product"}],"about":[{"href":"https:\/\/joutia.shop\/en\/wp-json\/wp\/v2\/types\/product"}],"replies":[{"embeddable":true,"href":"https:\/\/joutia.shop\/en\/wp-json\/wp\/v2\/comments?post=76898"}],"wp:featuredmedia":[{"embeddable":true,"href":"https:\/\/joutia.shop\/en\/wp-json\/wp\/v2\/media\/75626"}],"wp:attachment":[{"href":"https:\/\/joutia.shop\/en\/wp-json\/wp\/v2\/media?parent=76898"}],"wp:term":[{"taxonomy":"product_brand","embeddable":true,"href":"https:\/\/joutia.shop\/en\/wp-json\/wp\/v2\/product_brand?post=76898"},{"taxonomy":"product_cat","embeddable":true,"href":"https:\/\/joutia.shop\/en\/wp-json\/wp\/v2\/product_cat?post=76898"},{"taxonomy":"product_tag","embeddable":true,"href":"https:\/\/joutia.shop\/en\/wp-json\/wp\/v2\/product_tag?post=76898"}],"curies":[{"name":"wp","href":"https:\/\/api.w.org\/{rel}","templated":true}]}}