{"id":76737,"date":"2026-03-12T22:57:13","date_gmt":"2026-03-12T22:57:13","guid":{"rendered":"https:\/\/joutia.shop\/?post_type=product&#038;p=76737"},"modified":"2026-03-12T22:57:17","modified_gmt":"2026-03-12T22:57:17","slug":"la-fille-sacrifiable-un-thriller-a-suspense-della-dark-fbi-livre-9","status":"publish","type":"product","link":"https:\/\/joutia.shop\/en\/product\/la-fille-sacrifiable-un-thriller-a-suspense-della-dark-fbi-livre-9\/","title":{"rendered":"La fille, sacrifiable (Un Thriller \u00e0 Suspense d\u2019Ella Dark, FBI \u2013 Livre 9)"},"content":{"rendered":"<h2>La fille, sacrifiable (Un Thriller \u00e0 Suspense d\u2019Ella Dark, FBI \u2013 Livre 9)<\/h2>\n<p>Le produit <strong>La fille, sacrifiable (Un Thriller \u00e0 Suspense d\u2019Ella Dark, FBI \u2013 Livre 9)<\/strong> est con\u00e7u pour offrir performance et fiabilit\u00e9.<\/p>\n<p>Ce produit est id\u00e9al pour une utilisation quotidienne et r\u00e9pond parfaitement aux besoins des utilisateurs recherchant qualit\u00e9 et efficacit\u00e9.<\/p>\n<h3>Caract\u00e9ristiques principales<\/h3>\n<ul>\n<li>Conception robuste<\/li>\n<li>Utilisation simple<\/li>\n<li>Performance fiable<\/li>\n<\/ul>","protected":false},"excerpt":{"rendered":"<p>La fille, sacrifiable (Un Thriller \u00e0 Suspense d\u2019Ella Dark, FBI \u2013 Livre 9) &#8211; produit de qualit\u00e9 con\u00e7u pour un usage quotidien.<\/p>","protected":false},"featured_media":75856,"comment_status":"open","ping_status":"closed","template":"","meta":[],"product_brand":[],"product_cat":[320],"product_tag":[321],"class_list":{"0":"post-76737","1":"product","2":"type-product","3":"status-publish","4":"has-post-thumbnail","6":"product_cat-livres","7":"product_tag-livre","9":"first","10":"instock","11":"shipping-taxable","12":"product-type-external"},"_links":{"self":[{"href":"https:\/\/joutia.shop\/en\/wp-json\/wp\/v2\/product\/76737","targetHints":{"allow":["GET"]}}],"collection":[{"href":"https:\/\/joutia.shop\/en\/wp-json\/wp\/v2\/product"}],"about":[{"href":"https:\/\/joutia.shop\/en\/wp-json\/wp\/v2\/types\/product"}],"replies":[{"embeddable":true,"href":"https:\/\/joutia.shop\/en\/wp-json\/wp\/v2\/comments?post=76737"}],"wp:featuredmedia":[{"embeddable":true,"href":"https:\/\/joutia.shop\/en\/wp-json\/wp\/v2\/media\/75856"}],"wp:attachment":[{"href":"https:\/\/joutia.shop\/en\/wp-json\/wp\/v2\/media?parent=76737"}],"wp:term":[{"taxonomy":"product_brand","embeddable":true,"href":"https:\/\/joutia.shop\/en\/wp-json\/wp\/v2\/product_brand?post=76737"},{"taxonomy":"product_cat","embeddable":true,"href":"https:\/\/joutia.shop\/en\/wp-json\/wp\/v2\/product_cat?post=76737"},{"taxonomy":"product_tag","embeddable":true,"href":"https:\/\/joutia.shop\/en\/wp-json\/wp\/v2\/product_tag?post=76737"}],"curies":[{"name":"wp","href":"https:\/\/api.w.org\/{rel}","templated":true}]}}