{"id":76726,"date":"2026-03-12T22:57:12","date_gmt":"2026-03-12T22:57:12","guid":{"rendered":"https:\/\/joutia.shop\/?post_type=product&#038;p=76726"},"modified":"2026-03-12T22:57:15","modified_gmt":"2026-03-12T22:57:15","slug":"ne-cesse-jamais-de-rever-des-histoires-inspirantes-de-garcons-uniques-et-formidables-sur-le-courage-la-confiance-en-soi-et-le-potentiel-que-recelent-tous-nos-reves","status":"publish","type":"product","link":"https:\/\/joutia.shop\/en\/product\/ne-cesse-jamais-de-rever-des-histoires-inspirantes-de-garcons-uniques-et-formidables-sur-le-courage-la-confiance-en-soi-et-le-potentiel-que-recelent-tous-nos-reves\/","title":{"rendered":"Ne Cesse Jamais de R\u00eaver: Des histoires inspirantes de gar\u00e7ons uniques et formidables sur le courage, la confiance en soi et le potentiel que rec\u00e8lent tous nos r\u00eaves"},"content":{"rendered":"<h2>Ne Cesse Jamais de R\u00eaver: Des histoires inspirantes de gar\u00e7ons uniques et formidables sur le courage, la confiance en soi et le potentiel que rec\u00e8lent tous nos r\u00eaves<\/h2>\n<p>Le produit <strong>Ne Cesse Jamais de R\u00eaver: Des histoires inspirantes de gar\u00e7ons uniques et formidables sur le courage, la confiance en soi et le potentiel que rec\u00e8lent tous nos r\u00eaves<\/strong> est con\u00e7u pour offrir performance et fiabilit\u00e9.<\/p>\n<p>Ce produit est id\u00e9al pour une utilisation quotidienne et r\u00e9pond parfaitement aux besoins des utilisateurs recherchant qualit\u00e9 et efficacit\u00e9.<\/p>\n<h3>Caract\u00e9ristiques principales<\/h3>\n<ul>\n<li>Conception robuste<\/li>\n<li>Utilisation simple<\/li>\n<li>Performance fiable<\/li>\n<\/ul>","protected":false},"excerpt":{"rendered":"<p>Ne Cesse Jamais de R\u00eaver: Des histoires inspirantes de gar\u00e7ons uniques et formidables sur le courage, la confiance en soi et le potentiel que rec\u00e8lent tous nos r\u00eaves &#8211; produit de qualit\u00e9 con\u00e7u pour un usage quotidien.<\/p>","protected":false},"featured_media":75428,"comment_status":"open","ping_status":"closed","template":"","meta":[],"product_brand":[],"product_cat":[320],"product_tag":[321],"class_list":{"0":"post-76726","1":"product","2":"type-product","3":"status-publish","4":"has-post-thumbnail","6":"product_cat-livres","7":"product_tag-livre","9":"first","10":"instock","11":"shipping-taxable","12":"product-type-external"},"_links":{"self":[{"href":"https:\/\/joutia.shop\/en\/wp-json\/wp\/v2\/product\/76726","targetHints":{"allow":["GET"]}}],"collection":[{"href":"https:\/\/joutia.shop\/en\/wp-json\/wp\/v2\/product"}],"about":[{"href":"https:\/\/joutia.shop\/en\/wp-json\/wp\/v2\/types\/product"}],"replies":[{"embeddable":true,"href":"https:\/\/joutia.shop\/en\/wp-json\/wp\/v2\/comments?post=76726"}],"wp:featuredmedia":[{"embeddable":true,"href":"https:\/\/joutia.shop\/en\/wp-json\/wp\/v2\/media\/75428"}],"wp:attachment":[{"href":"https:\/\/joutia.shop\/en\/wp-json\/wp\/v2\/media?parent=76726"}],"wp:term":[{"taxonomy":"product_brand","embeddable":true,"href":"https:\/\/joutia.shop\/en\/wp-json\/wp\/v2\/product_brand?post=76726"},{"taxonomy":"product_cat","embeddable":true,"href":"https:\/\/joutia.shop\/en\/wp-json\/wp\/v2\/product_cat?post=76726"},{"taxonomy":"product_tag","embeddable":true,"href":"https:\/\/joutia.shop\/en\/wp-json\/wp\/v2\/product_tag?post=76726"}],"curies":[{"name":"wp","href":"https:\/\/api.w.org\/{rel}","templated":true}]}}