{"id":76724,"date":"2026-03-12T22:57:11","date_gmt":"2026-03-12T22:57:11","guid":{"rendered":"https:\/\/joutia.shop\/?post_type=product&#038;p=76724"},"modified":"2026-03-12T22:57:15","modified_gmt":"2026-03-12T22:57:15","slug":"la-gentillesse-me-rend-plus-fort-un-livre-pour-enfant-sur-la-magie-de-la-gentillesse-de-lempathie-et-du-respect","status":"publish","type":"product","link":"https:\/\/joutia.shop\/en\/product\/la-gentillesse-me-rend-plus-fort-un-livre-pour-enfant-sur-la-magie-de-la-gentillesse-de-lempathie-et-du-respect\/","title":{"rendered":"La Gentillesse me Rend Plus Fort: un livre pour enfant sur la Magie de la Gentillesse, de l\u2019Empathie et du Respect"},"content":{"rendered":"<h2>La Gentillesse me Rend Plus Fort: un livre pour enfant sur la Magie de la Gentillesse, de l\u2019Empathie et du Respect<\/h2>\n<p>Le produit <strong>La Gentillesse me Rend Plus Fort: un livre pour enfant sur la Magie de la Gentillesse, de l\u2019Empathie et du Respect<\/strong> est con\u00e7u pour offrir performance et fiabilit\u00e9.<\/p>\n<p>Ce produit est id\u00e9al pour une utilisation quotidienne et r\u00e9pond parfaitement aux besoins des utilisateurs recherchant qualit\u00e9 et efficacit\u00e9.<\/p>\n<h3>Caract\u00e9ristiques principales<\/h3>\n<ul>\n<li>Conception robuste<\/li>\n<li>Utilisation simple<\/li>\n<li>Performance fiable<\/li>\n<\/ul>","protected":false},"excerpt":{"rendered":"<p>La Gentillesse me Rend Plus Fort: un livre pour enfant sur la Magie de la Gentillesse, de l\u2019Empathie et du Respect &#8211; produit de qualit\u00e9 con\u00e7u pour un usage quotidien.<\/p>","protected":false},"featured_media":75958,"comment_status":"open","ping_status":"closed","template":"","meta":[],"product_brand":[],"product_cat":[320],"product_tag":[321],"class_list":{"0":"post-76724","1":"product","2":"type-product","3":"status-publish","4":"has-post-thumbnail","6":"product_cat-livres","7":"product_tag-livre","9":"first","10":"instock","11":"shipping-taxable","12":"product-type-external"},"_links":{"self":[{"href":"https:\/\/joutia.shop\/en\/wp-json\/wp\/v2\/product\/76724","targetHints":{"allow":["GET"]}}],"collection":[{"href":"https:\/\/joutia.shop\/en\/wp-json\/wp\/v2\/product"}],"about":[{"href":"https:\/\/joutia.shop\/en\/wp-json\/wp\/v2\/types\/product"}],"replies":[{"embeddable":true,"href":"https:\/\/joutia.shop\/en\/wp-json\/wp\/v2\/comments?post=76724"}],"wp:featuredmedia":[{"embeddable":true,"href":"https:\/\/joutia.shop\/en\/wp-json\/wp\/v2\/media\/75958"}],"wp:attachment":[{"href":"https:\/\/joutia.shop\/en\/wp-json\/wp\/v2\/media?parent=76724"}],"wp:term":[{"taxonomy":"product_brand","embeddable":true,"href":"https:\/\/joutia.shop\/en\/wp-json\/wp\/v2\/product_brand?post=76724"},{"taxonomy":"product_cat","embeddable":true,"href":"https:\/\/joutia.shop\/en\/wp-json\/wp\/v2\/product_cat?post=76724"},{"taxonomy":"product_tag","embeddable":true,"href":"https:\/\/joutia.shop\/en\/wp-json\/wp\/v2\/product_tag?post=76724"}],"curies":[{"name":"wp","href":"https:\/\/api.w.org\/{rel}","templated":true}]}}