{"id":76723,"date":"2026-03-12T22:57:11","date_gmt":"2026-03-12T22:57:11","guid":{"rendered":"https:\/\/joutia.shop\/?post_type=product&#038;p=76723"},"modified":"2026-03-12T22:57:15","modified_gmt":"2026-03-12T22:57:15","slug":"the-vendetta-defense-a-riveting-legal-thriller-where-a-gutsy-lawyer-risks-her-life-to-win-justice-rosato-associates-book-6-english-edition","status":"publish","type":"product","link":"https:\/\/joutia.shop\/en\/product\/the-vendetta-defense-a-riveting-legal-thriller-where-a-gutsy-lawyer-risks-her-life-to-win-justice-rosato-associates-book-6-english-edition\/","title":{"rendered":"The Vendetta Defense: A Riveting Legal Thriller Where a Gutsy Lawyer Risks Her Life to Win Justice (Rosato &#038; Associates Book 6) (English Edition)"},"content":{"rendered":"<h2>The Vendetta Defense: A Riveting Legal Thriller Where a Gutsy Lawyer Risks Her Life to Win Justice (Rosato &#038; Associates Book 6) (English Edition)<\/h2>\n<p>Le produit <strong>The Vendetta Defense: A Riveting Legal Thriller Where a Gutsy Lawyer Risks Her Life to Win Justice (Rosato &#038; Associates Book 6) (English Edition)<\/strong> est con\u00e7u pour offrir performance et fiabilit\u00e9.<\/p>\n<p>Ce produit est id\u00e9al pour une utilisation quotidienne et r\u00e9pond parfaitement aux besoins des utilisateurs recherchant qualit\u00e9 et efficacit\u00e9.<\/p>\n<h3>Caract\u00e9ristiques principales<\/h3>\n<ul>\n<li>Conception robuste<\/li>\n<li>Utilisation simple<\/li>\n<li>Performance fiable<\/li>\n<\/ul>","protected":false},"excerpt":{"rendered":"<p>The Vendetta Defense: A Riveting Legal Thriller Where a Gutsy Lawyer Risks Her Life to Win Justice (Rosato &#038; Associates Book 6) (English Edition) &#8211; produit de qualit\u00e9 con\u00e7u pour un usage quotidien.<\/p>","protected":false},"featured_media":75396,"comment_status":"open","ping_status":"closed","template":"","meta":[],"product_brand":[],"product_cat":[320],"product_tag":[321],"class_list":{"0":"post-76723","1":"product","2":"type-product","3":"status-publish","4":"has-post-thumbnail","6":"product_cat-livres","7":"product_tag-livre","9":"first","10":"instock","11":"shipping-taxable","12":"product-type-external"},"_links":{"self":[{"href":"https:\/\/joutia.shop\/en\/wp-json\/wp\/v2\/product\/76723","targetHints":{"allow":["GET"]}}],"collection":[{"href":"https:\/\/joutia.shop\/en\/wp-json\/wp\/v2\/product"}],"about":[{"href":"https:\/\/joutia.shop\/en\/wp-json\/wp\/v2\/types\/product"}],"replies":[{"embeddable":true,"href":"https:\/\/joutia.shop\/en\/wp-json\/wp\/v2\/comments?post=76723"}],"wp:featuredmedia":[{"embeddable":true,"href":"https:\/\/joutia.shop\/en\/wp-json\/wp\/v2\/media\/75396"}],"wp:attachment":[{"href":"https:\/\/joutia.shop\/en\/wp-json\/wp\/v2\/media?parent=76723"}],"wp:term":[{"taxonomy":"product_brand","embeddable":true,"href":"https:\/\/joutia.shop\/en\/wp-json\/wp\/v2\/product_brand?post=76723"},{"taxonomy":"product_cat","embeddable":true,"href":"https:\/\/joutia.shop\/en\/wp-json\/wp\/v2\/product_cat?post=76723"},{"taxonomy":"product_tag","embeddable":true,"href":"https:\/\/joutia.shop\/en\/wp-json\/wp\/v2\/product_tag?post=76723"}],"curies":[{"name":"wp","href":"https:\/\/api.w.org\/{rel}","templated":true}]}}