{"id":76718,"date":"2026-03-12T22:57:10","date_gmt":"2026-03-12T22:57:10","guid":{"rendered":"https:\/\/joutia.shop\/?post_type=product&#038;p=76718"},"modified":"2026-03-12T22:57:14","modified_gmt":"2026-03-12T22:57:14","slug":"sais-tu-que-tu-es-genial-un-livre-dimages-pour-les-enfants-qui-montre-quils-sont-doues-quils-ont-du-talent-et-sont-exceptionnels-chacun-a-leur-facon","status":"publish","type":"product","link":"https:\/\/joutia.shop\/en\/product\/sais-tu-que-tu-es-genial-un-livre-dimages-pour-les-enfants-qui-montre-quils-sont-doues-quils-ont-du-talent-et-sont-exceptionnels-chacun-a-leur-facon\/","title":{"rendered":"Sais-tu que tu es g\u00e9nial ?: Un livre d&rsquo;images pour les enfants qui montre qu&rsquo;ils sont dou\u00e9s, qu&rsquo;ils ont du talent et sont exceptionnels, chacun \u00e0 leur fa\u00e7on !"},"content":{"rendered":"<h2>Sais-tu que tu es g\u00e9nial ?: Un livre d&rsquo;images pour les enfants qui montre qu&rsquo;ils sont dou\u00e9s, qu&rsquo;ils ont du talent et sont exceptionnels, chacun \u00e0 leur fa\u00e7on !<\/h2>\n<p>Le produit <strong>Sais-tu que tu es g\u00e9nial ?: Un livre d&rsquo;images pour les enfants qui montre qu&rsquo;ils sont dou\u00e9s, qu&rsquo;ils ont du talent et sont exceptionnels, chacun \u00e0 leur fa\u00e7on !<\/strong> est con\u00e7u pour offrir performance et fiabilit\u00e9.<\/p>\n<p>Ce produit est id\u00e9al pour une utilisation quotidienne et r\u00e9pond parfaitement aux besoins des utilisateurs recherchant qualit\u00e9 et efficacit\u00e9.<\/p>\n<h3>Caract\u00e9ristiques principales<\/h3>\n<ul>\n<li>Conception robuste<\/li>\n<li>Utilisation simple<\/li>\n<li>Performance fiable<\/li>\n<\/ul>","protected":false},"excerpt":{"rendered":"<p>Sais-tu que tu es g\u00e9nial ?: Un livre d&rsquo;images pour les enfants qui montre qu&rsquo;ils sont dou\u00e9s, qu&rsquo;ils ont du talent et sont exceptionnels, chacun \u00e0 leur fa\u00e7on ! &#8211; produit de qualit\u00e9 con\u00e7u pour un usage quotidien.<\/p>","protected":false},"featured_media":76132,"comment_status":"open","ping_status":"closed","template":"","meta":[],"product_brand":[],"product_cat":[320],"product_tag":[321],"class_list":{"0":"post-76718","1":"product","2":"type-product","3":"status-publish","4":"has-post-thumbnail","6":"product_cat-livres","7":"product_tag-livre","9":"first","10":"instock","11":"shipping-taxable","12":"product-type-external"},"_links":{"self":[{"href":"https:\/\/joutia.shop\/en\/wp-json\/wp\/v2\/product\/76718","targetHints":{"allow":["GET"]}}],"collection":[{"href":"https:\/\/joutia.shop\/en\/wp-json\/wp\/v2\/product"}],"about":[{"href":"https:\/\/joutia.shop\/en\/wp-json\/wp\/v2\/types\/product"}],"replies":[{"embeddable":true,"href":"https:\/\/joutia.shop\/en\/wp-json\/wp\/v2\/comments?post=76718"}],"wp:featuredmedia":[{"embeddable":true,"href":"https:\/\/joutia.shop\/en\/wp-json\/wp\/v2\/media\/76132"}],"wp:attachment":[{"href":"https:\/\/joutia.shop\/en\/wp-json\/wp\/v2\/media?parent=76718"}],"wp:term":[{"taxonomy":"product_brand","embeddable":true,"href":"https:\/\/joutia.shop\/en\/wp-json\/wp\/v2\/product_brand?post=76718"},{"taxonomy":"product_cat","embeddable":true,"href":"https:\/\/joutia.shop\/en\/wp-json\/wp\/v2\/product_cat?post=76718"},{"taxonomy":"product_tag","embeddable":true,"href":"https:\/\/joutia.shop\/en\/wp-json\/wp\/v2\/product_tag?post=76718"}],"curies":[{"name":"wp","href":"https:\/\/api.w.org\/{rel}","templated":true}]}}