{"id":76689,"date":"2026-03-12T22:57:02","date_gmt":"2026-03-12T22:57:02","guid":{"rendered":"https:\/\/joutia.shop\/?post_type=product&#038;p=76689"},"modified":"2026-03-12T22:57:04","modified_gmt":"2026-03-12T22:57:04","slug":"lexibook-console-de-jeux-portable-compact-cyber-arcade-250-jeux-jeu-video-enfant-adolescent-ecran-lcd-a-piles-noir-bleu-vert-jl2377","status":"publish","type":"product","link":"https:\/\/joutia.shop\/en\/product\/lexibook-console-de-jeux-portable-compact-cyber-arcade-250-jeux-jeu-video-enfant-adolescent-ecran-lcd-a-piles-noir-bleu-vert-jl2377\/","title":{"rendered":"Lexibook, Console de Jeux Portable Compact Cyber Arcade\u00ae, 250 Jeux, Jeu vid\u00e9o Enfant Adolescent, \u00e9cran LCD, \u00e0 Piles, Noir\/Bleu\/Vert, JL2377"},"content":{"rendered":"<h2>Lexibook, Console de Jeux Portable Compact Cyber Arcade\u00ae, 250 Jeux, Jeu vid\u00e9o Enfant Adolescent, \u00e9cran LCD, \u00e0 Piles, Noir\/Bleu\/Vert, JL2377<\/h2>\n<p>Le produit <strong>Lexibook, Console de Jeux Portable Compact Cyber Arcade\u00ae, 250 Jeux, Jeu vid\u00e9o Enfant Adolescent, \u00e9cran LCD, \u00e0 Piles, Noir\/Bleu\/Vert, JL2377<\/strong> est con\u00e7u pour offrir performance et fiabilit\u00e9.<\/p>\n<p>Ce produit est id\u00e9al pour une utilisation quotidienne et r\u00e9pond parfaitement aux besoins des utilisateurs recherchant qualit\u00e9 et efficacit\u00e9.<\/p>\n<h3>Caract\u00e9ristiques principales<\/h3>\n<ul>\n<li>Conception robuste<\/li>\n<li>Utilisation simple<\/li>\n<li>Performance fiable<\/li>\n<\/ul>","protected":false},"excerpt":{"rendered":"<p>Lexibook, Console de Jeux Portable Compact Cyber Arcade\u00ae, 250 Jeux, Jeu vid\u00e9o Enfant Adolescent, \u00e9cran LCD, \u00e0 Piles, Noir\/Bleu\/Vert, JL2377 &#8211; produit de qualit\u00e9 con\u00e7u pour un usage quotidien.<\/p>","protected":false},"featured_media":76148,"comment_status":"open","ping_status":"closed","template":"","meta":[],"product_brand":[],"product_cat":[318],"product_tag":[319],"class_list":{"0":"post-76689","1":"product","2":"type-product","3":"status-publish","4":"has-post-thumbnail","6":"product_cat-jeux-video","7":"product_tag-console-jeux","9":"first","10":"instock","11":"shipping-taxable","12":"product-type-external"},"_links":{"self":[{"href":"https:\/\/joutia.shop\/en\/wp-json\/wp\/v2\/product\/76689","targetHints":{"allow":["GET"]}}],"collection":[{"href":"https:\/\/joutia.shop\/en\/wp-json\/wp\/v2\/product"}],"about":[{"href":"https:\/\/joutia.shop\/en\/wp-json\/wp\/v2\/types\/product"}],"replies":[{"embeddable":true,"href":"https:\/\/joutia.shop\/en\/wp-json\/wp\/v2\/comments?post=76689"}],"wp:featuredmedia":[{"embeddable":true,"href":"https:\/\/joutia.shop\/en\/wp-json\/wp\/v2\/media\/76148"}],"wp:attachment":[{"href":"https:\/\/joutia.shop\/en\/wp-json\/wp\/v2\/media?parent=76689"}],"wp:term":[{"taxonomy":"product_brand","embeddable":true,"href":"https:\/\/joutia.shop\/en\/wp-json\/wp\/v2\/product_brand?post=76689"},{"taxonomy":"product_cat","embeddable":true,"href":"https:\/\/joutia.shop\/en\/wp-json\/wp\/v2\/product_cat?post=76689"},{"taxonomy":"product_tag","embeddable":true,"href":"https:\/\/joutia.shop\/en\/wp-json\/wp\/v2\/product_tag?post=76689"}],"curies":[{"name":"wp","href":"https:\/\/api.w.org\/{rel}","templated":true}]}}