{"id":76682,"date":"2026-03-12T22:56:57","date_gmt":"2026-03-12T22:56:57","guid":{"rendered":"https:\/\/joutia.shop\/?post_type=product&#038;p=76682"},"modified":"2026-03-12T22:57:01","modified_gmt":"2026-03-12T22:57:01","slug":"console-darcade-avec-29800-jeux-retro-originaux-et-jeux-3d-avec-led-a-couleur-changeante-systeme-audio-et-joysticks-ovales","status":"publish","type":"product","link":"https:\/\/joutia.shop\/en\/product\/console-darcade-avec-29800-jeux-retro-originaux-et-jeux-3d-avec-led-a-couleur-changeante-systeme-audio-et-joysticks-ovales\/","title":{"rendered":"Console d&rsquo;arcade avec 29800 Jeux r\u00e9tro Originaux et Jeux 3D, avec LED \u00e0 Couleur Changeante, syst\u00e8me Audio et joysticks ovales"},"content":{"rendered":"<h2>Console d&rsquo;arcade avec 29800 Jeux r\u00e9tro Originaux et Jeux 3D, avec LED \u00e0 Couleur Changeante, syst\u00e8me Audio et joysticks ovales<\/h2>\n<p>Le produit <strong>Console d&rsquo;arcade avec 29800 Jeux r\u00e9tro Originaux et Jeux 3D, avec LED \u00e0 Couleur Changeante, syst\u00e8me Audio et joysticks ovales<\/strong> est con\u00e7u pour offrir performance et fiabilit\u00e9.<\/p>\n<p>Ce produit est id\u00e9al pour une utilisation quotidienne et r\u00e9pond parfaitement aux besoins des utilisateurs recherchant qualit\u00e9 et efficacit\u00e9.<\/p>\n<h3>Caract\u00e9ristiques principales<\/h3>\n<ul>\n<li>Conception robuste<\/li>\n<li>Utilisation simple<\/li>\n<li>Performance fiable<\/li>\n<\/ul>","protected":false},"excerpt":{"rendered":"<p>Console d&rsquo;arcade avec 29800 Jeux r\u00e9tro Originaux et Jeux 3D, avec LED \u00e0 Couleur Changeante, syst\u00e8me Audio et joysticks ovales &#8211; produit de qualit\u00e9 con\u00e7u pour un usage quotidien.<\/p>","protected":false},"featured_media":75587,"comment_status":"open","ping_status":"closed","template":"","meta":[],"product_brand":[],"product_cat":[318],"product_tag":[319],"class_list":{"0":"post-76682","1":"product","2":"type-product","3":"status-publish","4":"has-post-thumbnail","6":"product_cat-jeux-video","7":"product_tag-console-jeux","9":"first","10":"instock","11":"shipping-taxable","12":"product-type-external"},"_links":{"self":[{"href":"https:\/\/joutia.shop\/en\/wp-json\/wp\/v2\/product\/76682","targetHints":{"allow":["GET"]}}],"collection":[{"href":"https:\/\/joutia.shop\/en\/wp-json\/wp\/v2\/product"}],"about":[{"href":"https:\/\/joutia.shop\/en\/wp-json\/wp\/v2\/types\/product"}],"replies":[{"embeddable":true,"href":"https:\/\/joutia.shop\/en\/wp-json\/wp\/v2\/comments?post=76682"}],"wp:featuredmedia":[{"embeddable":true,"href":"https:\/\/joutia.shop\/en\/wp-json\/wp\/v2\/media\/75587"}],"wp:attachment":[{"href":"https:\/\/joutia.shop\/en\/wp-json\/wp\/v2\/media?parent=76682"}],"wp:term":[{"taxonomy":"product_brand","embeddable":true,"href":"https:\/\/joutia.shop\/en\/wp-json\/wp\/v2\/product_brand?post=76682"},{"taxonomy":"product_cat","embeddable":true,"href":"https:\/\/joutia.shop\/en\/wp-json\/wp\/v2\/product_cat?post=76682"},{"taxonomy":"product_tag","embeddable":true,"href":"https:\/\/joutia.shop\/en\/wp-json\/wp\/v2\/product_tag?post=76682"}],"curies":[{"name":"wp","href":"https:\/\/api.w.org\/{rel}","templated":true}]}}