{"id":76680,"date":"2026-03-12T22:56:57","date_gmt":"2026-03-12T22:56:57","guid":{"rendered":"https:\/\/joutia.shop\/?post_type=product&#038;p=76680"},"modified":"2026-03-12T22:57:01","modified_gmt":"2026-03-12T22:57:01","slug":"jeux-portables-32-bits-pour-enfants-139-jeux-video-integres-ecran-ips-de-30-rechargeable-console-de-jeu-darcade-portable-jouets-electroniques-pour-garcons-et-filles-cadeau","status":"publish","type":"product","link":"https:\/\/joutia.shop\/en\/product\/jeux-portables-32-bits-pour-enfants-139-jeux-video-integres-ecran-ips-de-30-rechargeable-console-de-jeu-darcade-portable-jouets-electroniques-pour-garcons-et-filles-cadeau\/","title":{"rendered":"Jeux portables 32 bits pour enfants &#8211; 139 jeux vid\u00e9o int\u00e9gr\u00e9s &#8211; \u00c9cran IPS de 3,0&Prime; rechargeable &#8211; Console de jeu d&rsquo;arcade portable &#8211; Jouets \u00e9lectroniques pour gar\u00e7ons et filles &#8211; Cadeau"},"content":{"rendered":"<h2>Jeux portables 32 bits pour enfants &#8211; 139 jeux vid\u00e9o int\u00e9gr\u00e9s &#8211; \u00c9cran IPS de 3,0&Prime; rechargeable &#8211; Console de jeu d&rsquo;arcade portable &#8211; Jouets \u00e9lectroniques pour gar\u00e7ons et filles &#8211; Cadeau<\/h2>\n<p>Le produit <strong>Jeux portables 32 bits pour enfants &#8211; 139 jeux vid\u00e9o int\u00e9gr\u00e9s &#8211; \u00c9cran IPS de 3,0&Prime; rechargeable &#8211; Console de jeu d&rsquo;arcade portable &#8211; Jouets \u00e9lectroniques pour gar\u00e7ons et filles &#8211; Cadeau<\/strong> est con\u00e7u pour offrir performance et fiabilit\u00e9.<\/p>\n<p>Ce produit est id\u00e9al pour une utilisation quotidienne et r\u00e9pond parfaitement aux besoins des utilisateurs recherchant qualit\u00e9 et efficacit\u00e9.<\/p>\n<h3>Caract\u00e9ristiques principales<\/h3>\n<ul>\n<li>Conception robuste<\/li>\n<li>Utilisation simple<\/li>\n<li>Performance fiable<\/li>\n<\/ul>","protected":false},"excerpt":{"rendered":"<p>Jeux portables 32 bits pour enfants &#8211; 139 jeux vid\u00e9o int\u00e9gr\u00e9s &#8211; \u00c9cran IPS de 3,0&Prime; rechargeable &#8211; Console de jeu d&rsquo;arcade portable &#8211; Jouets \u00e9lectroniques pour gar\u00e7ons et filles &#8211; Cadeau &#8211; produit de qualit\u00e9 con\u00e7u pour un usage quotidien.<\/p>","protected":false},"featured_media":76282,"comment_status":"open","ping_status":"closed","template":"","meta":[],"product_brand":[],"product_cat":[318],"product_tag":[319],"class_list":{"0":"post-76680","1":"product","2":"type-product","3":"status-publish","4":"has-post-thumbnail","6":"product_cat-jeux-video","7":"product_tag-console-jeux","9":"first","10":"instock","11":"shipping-taxable","12":"product-type-external"},"_links":{"self":[{"href":"https:\/\/joutia.shop\/en\/wp-json\/wp\/v2\/product\/76680","targetHints":{"allow":["GET"]}}],"collection":[{"href":"https:\/\/joutia.shop\/en\/wp-json\/wp\/v2\/product"}],"about":[{"href":"https:\/\/joutia.shop\/en\/wp-json\/wp\/v2\/types\/product"}],"replies":[{"embeddable":true,"href":"https:\/\/joutia.shop\/en\/wp-json\/wp\/v2\/comments?post=76680"}],"wp:featuredmedia":[{"embeddable":true,"href":"https:\/\/joutia.shop\/en\/wp-json\/wp\/v2\/media\/76282"}],"wp:attachment":[{"href":"https:\/\/joutia.shop\/en\/wp-json\/wp\/v2\/media?parent=76680"}],"wp:term":[{"taxonomy":"product_brand","embeddable":true,"href":"https:\/\/joutia.shop\/en\/wp-json\/wp\/v2\/product_brand?post=76680"},{"taxonomy":"product_cat","embeddable":true,"href":"https:\/\/joutia.shop\/en\/wp-json\/wp\/v2\/product_cat?post=76680"},{"taxonomy":"product_tag","embeddable":true,"href":"https:\/\/joutia.shop\/en\/wp-json\/wp\/v2\/product_tag?post=76680"}],"curies":[{"name":"wp","href":"https:\/\/api.w.org\/{rel}","templated":true}]}}