{"id":76678,"date":"2026-03-12T22:56:57","date_gmt":"2026-03-12T22:56:57","guid":{"rendered":"https:\/\/joutia.shop\/?post_type=product&#038;p=76678"},"modified":"2026-03-12T22:57:01","modified_gmt":"2026-03-12T22:57:01","slug":"czt-nouvelle-console-de-jeu-en-brique-grand-ecran-puzzle-nostalgique-classique-integre-23-jeux-vitesse-difficulte-reglable-alimente-par-2-piles-aa-non-incluses-meilleur-cadeau-bleu","status":"publish","type":"product","link":"https:\/\/joutia.shop\/en\/product\/czt-nouvelle-console-de-jeu-en-brique-grand-ecran-puzzle-nostalgique-classique-integre-23-jeux-vitesse-difficulte-reglable-alimente-par-2-piles-aa-non-incluses-meilleur-cadeau-bleu\/","title":{"rendered":"CZT Nouvelle Console de Jeu en Brique Grand \u00e9cran Puzzle Nostalgique Classique Int\u00e9gr\u00e9 23 Jeux Vitesse\/Difficult\u00e9 R\u00e9glable Aliment\u00e9 par 2 Piles AA (Non incluses) Meilleur Cadeau (Bleu)"},"content":{"rendered":"<h2>CZT Nouvelle Console de Jeu en Brique Grand \u00e9cran Puzzle Nostalgique Classique Int\u00e9gr\u00e9 23 Jeux Vitesse\/Difficult\u00e9 R\u00e9glable Aliment\u00e9 par 2 Piles AA (Non incluses) Meilleur Cadeau (Bleu)<\/h2>\n<p>Le produit <strong>CZT Nouvelle Console de Jeu en Brique Grand \u00e9cran Puzzle Nostalgique Classique Int\u00e9gr\u00e9 23 Jeux Vitesse\/Difficult\u00e9 R\u00e9glable Aliment\u00e9 par 2 Piles AA (Non incluses) Meilleur Cadeau (Bleu)<\/strong> est con\u00e7u pour offrir performance et fiabilit\u00e9.<\/p>\n<p>Ce produit est id\u00e9al pour une utilisation quotidienne et r\u00e9pond parfaitement aux besoins des utilisateurs recherchant qualit\u00e9 et efficacit\u00e9.<\/p>\n<h3>Caract\u00e9ristiques principales<\/h3>\n<ul>\n<li>Conception robuste<\/li>\n<li>Utilisation simple<\/li>\n<li>Performance fiable<\/li>\n<\/ul>","protected":false},"excerpt":{"rendered":"<p>CZT Nouvelle Console de Jeu en Brique Grand \u00e9cran Puzzle Nostalgique Classique Int\u00e9gr\u00e9 23 Jeux Vitesse\/Difficult\u00e9 R\u00e9glable Aliment\u00e9 par 2 Piles AA (Non incluses) Meilleur Cadeau (Bleu) &#8211; produit de qualit\u00e9 con\u00e7u pour un usage quotidien.<\/p>","protected":false},"featured_media":75659,"comment_status":"open","ping_status":"closed","template":"","meta":[],"product_brand":[],"product_cat":[318],"product_tag":[319],"class_list":{"0":"post-76678","1":"product","2":"type-product","3":"status-publish","4":"has-post-thumbnail","6":"product_cat-jeux-video","7":"product_tag-console-jeux","9":"first","10":"instock","11":"shipping-taxable","12":"product-type-external"},"_links":{"self":[{"href":"https:\/\/joutia.shop\/en\/wp-json\/wp\/v2\/product\/76678","targetHints":{"allow":["GET"]}}],"collection":[{"href":"https:\/\/joutia.shop\/en\/wp-json\/wp\/v2\/product"}],"about":[{"href":"https:\/\/joutia.shop\/en\/wp-json\/wp\/v2\/types\/product"}],"replies":[{"embeddable":true,"href":"https:\/\/joutia.shop\/en\/wp-json\/wp\/v2\/comments?post=76678"}],"wp:featuredmedia":[{"embeddable":true,"href":"https:\/\/joutia.shop\/en\/wp-json\/wp\/v2\/media\/75659"}],"wp:attachment":[{"href":"https:\/\/joutia.shop\/en\/wp-json\/wp\/v2\/media?parent=76678"}],"wp:term":[{"taxonomy":"product_brand","embeddable":true,"href":"https:\/\/joutia.shop\/en\/wp-json\/wp\/v2\/product_brand?post=76678"},{"taxonomy":"product_cat","embeddable":true,"href":"https:\/\/joutia.shop\/en\/wp-json\/wp\/v2\/product_cat?post=76678"},{"taxonomy":"product_tag","embeddable":true,"href":"https:\/\/joutia.shop\/en\/wp-json\/wp\/v2\/product_tag?post=76678"}],"curies":[{"name":"wp","href":"https:\/\/api.w.org\/{rel}","templated":true}]}}