{"id":76677,"date":"2026-03-12T22:56:57","date_gmt":"2026-03-12T22:56:57","guid":{"rendered":"https:\/\/joutia.shop\/?post_type=product&#038;p=76677"},"modified":"2026-03-12T22:57:00","modified_gmt":"2026-03-12T22:57:00","slug":"neogame-console-retrogaming-r36s-console-portable-retro15-000-jeux-video-linux-gaming-merchandise-pc-gamer-portable-console-extensible-console-retro-gearmaster-r36s-noir","status":"publish","type":"product","link":"https:\/\/joutia.shop\/en\/product\/neogame-console-retrogaming-r36s-console-portable-retro15-000-jeux-video-linux-gaming-merchandise-pc-gamer-portable-console-extensible-console-retro-gearmaster-r36s-noir\/","title":{"rendered":"Neogame \u00ae Console r\u00e9trogaming R36s, Console Portable r\u00e9tro,15 000 Jeux Video, Linux, Gaming Merchandise, PC Gamer Portable, Console Extensible, Console Retro gearmaster (R36s &#8211; Noir)"},"content":{"rendered":"<h2>Neogame \u00ae Console r\u00e9trogaming R36s, Console Portable r\u00e9tro,15 000 Jeux Video, Linux, Gaming Merchandise, PC Gamer Portable, Console Extensible, Console Retro gearmaster (R36s &#8211; Noir)<\/h2>\n<p>Le produit <strong>Neogame \u00ae Console r\u00e9trogaming R36s, Console Portable r\u00e9tro,15 000 Jeux Video, Linux, Gaming Merchandise, PC Gamer Portable, Console Extensible, Console Retro gearmaster (R36s &#8211; Noir)<\/strong> est con\u00e7u pour offrir performance et fiabilit\u00e9.<\/p>\n<p>Ce produit est id\u00e9al pour une utilisation quotidienne et r\u00e9pond parfaitement aux besoins des utilisateurs recherchant qualit\u00e9 et efficacit\u00e9.<\/p>\n<h3>Caract\u00e9ristiques principales<\/h3>\n<ul>\n<li>Conception robuste<\/li>\n<li>Utilisation simple<\/li>\n<li>Performance fiable<\/li>\n<\/ul>","protected":false},"excerpt":{"rendered":"<p>Neogame \u00ae Console r\u00e9trogaming R36s, Console Portable r\u00e9tro,15 000 Jeux Video, Linux, Gaming Merchandise, PC Gamer Portable, Console Extensible, Console Retro gearmaster (R36s &#8211; Noir) &#8211; produit de qualit\u00e9 con\u00e7u pour un usage quotidien.<\/p>","protected":false},"featured_media":75684,"comment_status":"open","ping_status":"closed","template":"","meta":[],"product_brand":[],"product_cat":[318],"product_tag":[319],"class_list":{"0":"post-76677","1":"product","2":"type-product","3":"status-publish","4":"has-post-thumbnail","6":"product_cat-jeux-video","7":"product_tag-console-jeux","9":"first","10":"instock","11":"shipping-taxable","12":"product-type-external"},"_links":{"self":[{"href":"https:\/\/joutia.shop\/en\/wp-json\/wp\/v2\/product\/76677","targetHints":{"allow":["GET"]}}],"collection":[{"href":"https:\/\/joutia.shop\/en\/wp-json\/wp\/v2\/product"}],"about":[{"href":"https:\/\/joutia.shop\/en\/wp-json\/wp\/v2\/types\/product"}],"replies":[{"embeddable":true,"href":"https:\/\/joutia.shop\/en\/wp-json\/wp\/v2\/comments?post=76677"}],"wp:featuredmedia":[{"embeddable":true,"href":"https:\/\/joutia.shop\/en\/wp-json\/wp\/v2\/media\/75684"}],"wp:attachment":[{"href":"https:\/\/joutia.shop\/en\/wp-json\/wp\/v2\/media?parent=76677"}],"wp:term":[{"taxonomy":"product_brand","embeddable":true,"href":"https:\/\/joutia.shop\/en\/wp-json\/wp\/v2\/product_brand?post=76677"},{"taxonomy":"product_cat","embeddable":true,"href":"https:\/\/joutia.shop\/en\/wp-json\/wp\/v2\/product_cat?post=76677"},{"taxonomy":"product_tag","embeddable":true,"href":"https:\/\/joutia.shop\/en\/wp-json\/wp\/v2\/product_tag?post=76677"}],"curies":[{"name":"wp","href":"https:\/\/api.w.org\/{rel}","templated":true}]}}