{"id":76676,"date":"2026-03-12T22:56:57","date_gmt":"2026-03-12T22:56:57","guid":{"rendered":"https:\/\/joutia.shop\/?post_type=product&#038;p=76676"},"modified":"2026-03-12T22:57:00","modified_gmt":"2026-03-12T22:57:00","slug":"35-pouces-grand-ecran-brique-console-de-jeu-bloc-de-construction-jeu-de-course-jeu-de-reservoir-integre-23-jeux-classiques-puzzle-nostalgique-noir","status":"publish","type":"product","link":"https:\/\/joutia.shop\/en\/product\/35-pouces-grand-ecran-brique-console-de-jeu-bloc-de-construction-jeu-de-course-jeu-de-reservoir-integre-23-jeux-classiques-puzzle-nostalgique-noir\/","title":{"rendered":"3,5 Pouces Grand \u00e9cran Brique Console de Jeu Bloc de Construction Jeu de Course \/ Jeu de r\u00e9servoir int\u00e9gr\u00e9 23 Jeux Classiques Puzzle nostalgique (Noir)"},"content":{"rendered":"<h2>3,5 Pouces Grand \u00e9cran Brique Console de Jeu Bloc de Construction Jeu de Course \/ Jeu de r\u00e9servoir int\u00e9gr\u00e9 23 Jeux Classiques Puzzle nostalgique (Noir)<\/h2>\n<p>Le produit <strong>3,5 Pouces Grand \u00e9cran Brique Console de Jeu Bloc de Construction Jeu de Course \/ Jeu de r\u00e9servoir int\u00e9gr\u00e9 23 Jeux Classiques Puzzle nostalgique (Noir)<\/strong> est con\u00e7u pour offrir performance et fiabilit\u00e9.<\/p>\n<p>Ce produit est id\u00e9al pour une utilisation quotidienne et r\u00e9pond parfaitement aux besoins des utilisateurs recherchant qualit\u00e9 et efficacit\u00e9.<\/p>\n<h3>Caract\u00e9ristiques principales<\/h3>\n<ul>\n<li>Conception robuste<\/li>\n<li>Utilisation simple<\/li>\n<li>Performance fiable<\/li>\n<\/ul>","protected":false},"excerpt":{"rendered":"<p>3,5 Pouces Grand \u00e9cran Brique Console de Jeu Bloc de Construction Jeu de Course \/ Jeu de r\u00e9servoir int\u00e9gr\u00e9 23 Jeux Classiques Puzzle nostalgique (Noir) &#8211; produit de qualit\u00e9 con\u00e7u pour un usage quotidien.<\/p>","protected":false},"featured_media":75453,"comment_status":"open","ping_status":"closed","template":"","meta":[],"product_brand":[],"product_cat":[318],"product_tag":[319],"class_list":{"0":"post-76676","1":"product","2":"type-product","3":"status-publish","4":"has-post-thumbnail","6":"product_cat-jeux-video","7":"product_tag-console-jeux","9":"first","10":"instock","11":"shipping-taxable","12":"product-type-external"},"_links":{"self":[{"href":"https:\/\/joutia.shop\/en\/wp-json\/wp\/v2\/product\/76676","targetHints":{"allow":["GET"]}}],"collection":[{"href":"https:\/\/joutia.shop\/en\/wp-json\/wp\/v2\/product"}],"about":[{"href":"https:\/\/joutia.shop\/en\/wp-json\/wp\/v2\/types\/product"}],"replies":[{"embeddable":true,"href":"https:\/\/joutia.shop\/en\/wp-json\/wp\/v2\/comments?post=76676"}],"wp:featuredmedia":[{"embeddable":true,"href":"https:\/\/joutia.shop\/en\/wp-json\/wp\/v2\/media\/75453"}],"wp:attachment":[{"href":"https:\/\/joutia.shop\/en\/wp-json\/wp\/v2\/media?parent=76676"}],"wp:term":[{"taxonomy":"product_brand","embeddable":true,"href":"https:\/\/joutia.shop\/en\/wp-json\/wp\/v2\/product_brand?post=76676"},{"taxonomy":"product_cat","embeddable":true,"href":"https:\/\/joutia.shop\/en\/wp-json\/wp\/v2\/product_cat?post=76676"},{"taxonomy":"product_tag","embeddable":true,"href":"https:\/\/joutia.shop\/en\/wp-json\/wp\/v2\/product_tag?post=76676"}],"curies":[{"name":"wp","href":"https:\/\/api.w.org\/{rel}","templated":true}]}}