{"id":76668,"date":"2026-03-12T22:56:57","date_gmt":"2026-03-12T22:56:57","guid":{"rendered":"https:\/\/joutia.shop\/?post_type=product&#038;p=76668"},"modified":"2026-03-12T22:56:59","modified_gmt":"2026-03-12T22:56:59","slug":"hlf-new-brick-console-de-jeu-grand-ecran-retroeclairage-bleu-la-luminosite-peut-etre-ajustee-jeu-construit-en-23-compatible-avec-les-piles-au-lithium-et-les-piles-aaa-peut-brancher-un-casque-bleu","status":"publish","type":"product","link":"https:\/\/joutia.shop\/en\/product\/hlf-new-brick-console-de-jeu-grand-ecran-retroeclairage-bleu-la-luminosite-peut-etre-ajustee-jeu-construit-en-23-compatible-avec-les-piles-au-lithium-et-les-piles-aaa-peut-brancher-un-casque-bleu\/","title":{"rendered":"HLF New Brick Console de Jeu Grand \u00e9cran r\u00e9tro\u00e9clairage Bleu la luminosit\u00e9 Peut \u00eatre ajust\u00e9e Jeu construit en 23 Compatible avec Les Piles au Lithium et Les Piles AAA Peut Brancher Un Casque (Bleu)"},"content":{"rendered":"<h2>HLF New Brick Console de Jeu Grand \u00e9cran r\u00e9tro\u00e9clairage Bleu la luminosit\u00e9 Peut \u00eatre ajust\u00e9e Jeu construit en 23 Compatible avec Les Piles au Lithium et Les Piles AAA Peut Brancher Un Casque (Bleu)<\/h2>\n<p>Le produit <strong>HLF New Brick Console de Jeu Grand \u00e9cran r\u00e9tro\u00e9clairage Bleu la luminosit\u00e9 Peut \u00eatre ajust\u00e9e Jeu construit en 23 Compatible avec Les Piles au Lithium et Les Piles AAA Peut Brancher Un Casque (Bleu)<\/strong> est con\u00e7u pour offrir performance et fiabilit\u00e9.<\/p>\n<p>Ce produit est id\u00e9al pour une utilisation quotidienne et r\u00e9pond parfaitement aux besoins des utilisateurs recherchant qualit\u00e9 et efficacit\u00e9.<\/p>\n<h3>Caract\u00e9ristiques principales<\/h3>\n<ul>\n<li>Conception robuste<\/li>\n<li>Utilisation simple<\/li>\n<li>Performance fiable<\/li>\n<\/ul>","protected":false},"excerpt":{"rendered":"<p>HLF New Brick Console de Jeu Grand \u00e9cran r\u00e9tro\u00e9clairage Bleu la luminosit\u00e9 Peut \u00eatre ajust\u00e9e Jeu construit en 23 Compatible avec Les Piles au Lithium et Les Piles AAA Peut Brancher Un Casque (Bleu) &#8211; produit de qualit\u00e9 con\u00e7u pour un usage quotidien.<\/p>","protected":false},"featured_media":75281,"comment_status":"open","ping_status":"closed","template":"","meta":[],"product_brand":[],"product_cat":[318],"product_tag":[319],"class_list":{"0":"post-76668","1":"product","2":"type-product","3":"status-publish","4":"has-post-thumbnail","6":"product_cat-jeux-video","7":"product_tag-console-jeux","9":"first","10":"instock","11":"shipping-taxable","12":"product-type-external"},"_links":{"self":[{"href":"https:\/\/joutia.shop\/en\/wp-json\/wp\/v2\/product\/76668","targetHints":{"allow":["GET"]}}],"collection":[{"href":"https:\/\/joutia.shop\/en\/wp-json\/wp\/v2\/product"}],"about":[{"href":"https:\/\/joutia.shop\/en\/wp-json\/wp\/v2\/types\/product"}],"replies":[{"embeddable":true,"href":"https:\/\/joutia.shop\/en\/wp-json\/wp\/v2\/comments?post=76668"}],"wp:featuredmedia":[{"embeddable":true,"href":"https:\/\/joutia.shop\/en\/wp-json\/wp\/v2\/media\/75281"}],"wp:attachment":[{"href":"https:\/\/joutia.shop\/en\/wp-json\/wp\/v2\/media?parent=76668"}],"wp:term":[{"taxonomy":"product_brand","embeddable":true,"href":"https:\/\/joutia.shop\/en\/wp-json\/wp\/v2\/product_brand?post=76668"},{"taxonomy":"product_cat","embeddable":true,"href":"https:\/\/joutia.shop\/en\/wp-json\/wp\/v2\/product_cat?post=76668"},{"taxonomy":"product_tag","embeddable":true,"href":"https:\/\/joutia.shop\/en\/wp-json\/wp\/v2\/product_tag?post=76668"}],"curies":[{"name":"wp","href":"https:\/\/api.w.org\/{rel}","templated":true}]}}