{"id":76654,"date":"2026-03-12T22:56:56","date_gmt":"2026-03-12T22:56:56","guid":{"rendered":"https:\/\/joutia.shop\/?post_type=product&#038;p=76654"},"modified":"2026-03-12T22:56:58","modified_gmt":"2026-03-12T22:56:58","slug":"rg35xxsp-consoles-de-jeux-portables-a-clapet-avec-carte-tf-integree-64-go-plus-de-5-000-jeux-style-portable-flip-hand-held-console-de-jeu-video-linux-systeme-linux-avec-etui-argent","status":"publish","type":"product","link":"https:\/\/joutia.shop\/en\/product\/rg35xxsp-consoles-de-jeux-portables-a-clapet-avec-carte-tf-integree-64-go-plus-de-5-000-jeux-style-portable-flip-hand-held-console-de-jeu-video-linux-systeme-linux-avec-etui-argent\/","title":{"rendered":"RG35XXSP Consoles de jeux portables \u00e0 clapet avec carte TF int\u00e9gr\u00e9e 64 Go Plus de 5 000 jeux Style portable Flip Hand Held Console de jeu vid\u00e9o Linux Syst\u00e8me Linux avec \u00e9tui (Argent)"},"content":{"rendered":"<h2>RG35XXSP Consoles de jeux portables \u00e0 clapet avec carte TF int\u00e9gr\u00e9e 64 Go Plus de 5 000 jeux Style portable Flip Hand Held Console de jeu vid\u00e9o Linux Syst\u00e8me Linux avec \u00e9tui (Argent)<\/h2>\n<p>Le produit <strong>RG35XXSP Consoles de jeux portables \u00e0 clapet avec carte TF int\u00e9gr\u00e9e 64 Go Plus de 5 000 jeux Style portable Flip Hand Held Console de jeu vid\u00e9o Linux Syst\u00e8me Linux avec \u00e9tui (Argent)<\/strong> est con\u00e7u pour offrir performance et fiabilit\u00e9.<\/p>\n<p>Ce produit est id\u00e9al pour une utilisation quotidienne et r\u00e9pond parfaitement aux besoins des utilisateurs recherchant qualit\u00e9 et efficacit\u00e9.<\/p>\n<h3>Caract\u00e9ristiques principales<\/h3>\n<ul>\n<li>Conception robuste<\/li>\n<li>Utilisation simple<\/li>\n<li>Performance fiable<\/li>\n<\/ul>","protected":false},"excerpt":{"rendered":"<p>RG35XXSP Consoles de jeux portables \u00e0 clapet avec carte TF int\u00e9gr\u00e9e 64 Go Plus de 5 000 jeux Style portable Flip Hand Held Console de jeu vid\u00e9o Linux Syst\u00e8me Linux avec \u00e9tui (Argent) &#8211; produit de qualit\u00e9 con\u00e7u pour un usage quotidien.<\/p>","protected":false},"featured_media":76121,"comment_status":"open","ping_status":"closed","template":"","meta":[],"product_brand":[],"product_cat":[318],"product_tag":[319],"class_list":{"0":"post-76654","1":"product","2":"type-product","3":"status-publish","4":"has-post-thumbnail","6":"product_cat-jeux-video","7":"product_tag-console-jeux","9":"first","10":"instock","11":"shipping-taxable","12":"product-type-external"},"_links":{"self":[{"href":"https:\/\/joutia.shop\/en\/wp-json\/wp\/v2\/product\/76654","targetHints":{"allow":["GET"]}}],"collection":[{"href":"https:\/\/joutia.shop\/en\/wp-json\/wp\/v2\/product"}],"about":[{"href":"https:\/\/joutia.shop\/en\/wp-json\/wp\/v2\/types\/product"}],"replies":[{"embeddable":true,"href":"https:\/\/joutia.shop\/en\/wp-json\/wp\/v2\/comments?post=76654"}],"wp:featuredmedia":[{"embeddable":true,"href":"https:\/\/joutia.shop\/en\/wp-json\/wp\/v2\/media\/76121"}],"wp:attachment":[{"href":"https:\/\/joutia.shop\/en\/wp-json\/wp\/v2\/media?parent=76654"}],"wp:term":[{"taxonomy":"product_brand","embeddable":true,"href":"https:\/\/joutia.shop\/en\/wp-json\/wp\/v2\/product_brand?post=76654"},{"taxonomy":"product_cat","embeddable":true,"href":"https:\/\/joutia.shop\/en\/wp-json\/wp\/v2\/product_cat?post=76654"},{"taxonomy":"product_tag","embeddable":true,"href":"https:\/\/joutia.shop\/en\/wp-json\/wp\/v2\/product_tag?post=76654"}],"curies":[{"name":"wp","href":"https:\/\/api.w.org\/{rel}","templated":true}]}}