{"id":76640,"date":"2026-03-12T22:56:50","date_gmt":"2026-03-12T22:56:50","guid":{"rendered":"https:\/\/joutia.shop\/?post_type=product&#038;p=76640"},"modified":"2026-03-12T22:56:52","modified_gmt":"2026-03-12T22:56:52","slug":"nikon-kit-z-fc-nikkor-dx-z-16-50-mm-vr-serie-limitee-dx-50-250mm-appareil-photo-hybride-capteur-dx-209-mp-4k-30p-rafale-11-i-s-ecran-tactile-orientable","status":"publish","type":"product","link":"https:\/\/joutia.shop\/en\/product\/nikon-kit-z-fc-nikkor-dx-z-16-50-mm-vr-serie-limitee-dx-50-250mm-appareil-photo-hybride-capteur-dx-209-mp-4k-30p-rafale-11-i-s-ecran-tactile-orientable\/","title":{"rendered":"NIKON KIT Z fc + NIKKOR DX Z 16-50 mm VR S\u00e9rie Limit\u00e9e + DX 50-250mm, appareil photo hybride capteur DX (20,9 MP, 4K\/30p, rafale 11 i\/s, \u00e9cran tactile orientable)"},"content":{"rendered":"<h2>NIKON KIT Z fc + NIKKOR DX Z 16-50 mm VR S\u00e9rie Limit\u00e9e + DX 50-250mm, appareil photo hybride capteur DX (20,9 MP, 4K\/30p, rafale 11 i\/s, \u00e9cran tactile orientable)<\/h2>\n<p>Le produit <strong>NIKON KIT Z fc + NIKKOR DX Z 16-50 mm VR S\u00e9rie Limit\u00e9e + DX 50-250mm, appareil photo hybride capteur DX (20,9 MP, 4K\/30p, rafale 11 i\/s, \u00e9cran tactile orientable)<\/strong> est con\u00e7u pour offrir performance et fiabilit\u00e9.<\/p>\n<p>Ce produit est id\u00e9al pour une utilisation quotidienne et r\u00e9pond parfaitement aux besoins des utilisateurs recherchant qualit\u00e9 et efficacit\u00e9.<\/p>\n<h3>Caract\u00e9ristiques principales<\/h3>\n<ul>\n<li>Conception robuste<\/li>\n<li>Utilisation simple<\/li>\n<li>Performance fiable<\/li>\n<\/ul>","protected":false},"excerpt":{"rendered":"<p>NIKON KIT Z fc + NIKKOR DX Z 16-50 mm VR S\u00e9rie Limit\u00e9e + DX 50-250mm, appareil photo hybride capteur DX (20,9 MP, 4K\/30p, rafale 11 i\/s, \u00e9cran tactile orientable) &#8211; produit de qualit\u00e9 con\u00e7u pour un usage quotidien.<\/p>","protected":false},"featured_media":75622,"comment_status":"open","ping_status":"closed","template":"","meta":[],"product_brand":[],"product_cat":[316],"product_tag":[317],"class_list":{"0":"post-76640","1":"product","2":"type-product","3":"status-publish","4":"has-post-thumbnail","6":"product_cat-photo","7":"product_tag-appareil-photo","9":"first","10":"instock","11":"shipping-taxable","12":"product-type-external"},"_links":{"self":[{"href":"https:\/\/joutia.shop\/en\/wp-json\/wp\/v2\/product\/76640","targetHints":{"allow":["GET"]}}],"collection":[{"href":"https:\/\/joutia.shop\/en\/wp-json\/wp\/v2\/product"}],"about":[{"href":"https:\/\/joutia.shop\/en\/wp-json\/wp\/v2\/types\/product"}],"replies":[{"embeddable":true,"href":"https:\/\/joutia.shop\/en\/wp-json\/wp\/v2\/comments?post=76640"}],"wp:featuredmedia":[{"embeddable":true,"href":"https:\/\/joutia.shop\/en\/wp-json\/wp\/v2\/media\/75622"}],"wp:attachment":[{"href":"https:\/\/joutia.shop\/en\/wp-json\/wp\/v2\/media?parent=76640"}],"wp:term":[{"taxonomy":"product_brand","embeddable":true,"href":"https:\/\/joutia.shop\/en\/wp-json\/wp\/v2\/product_brand?post=76640"},{"taxonomy":"product_cat","embeddable":true,"href":"https:\/\/joutia.shop\/en\/wp-json\/wp\/v2\/product_cat?post=76640"},{"taxonomy":"product_tag","embeddable":true,"href":"https:\/\/joutia.shop\/en\/wp-json\/wp\/v2\/product_tag?post=76640"}],"curies":[{"name":"wp","href":"https:\/\/api.w.org\/{rel}","templated":true}]}}