{"id":76635,"date":"2026-03-12T22:56:49","date_gmt":"2026-03-12T22:56:49","guid":{"rendered":"https:\/\/joutia.shop\/?post_type=product&#038;p=76635"},"modified":"2026-03-12T22:56:52","modified_gmt":"2026-03-12T22:56:52","slug":"pentax-k-3-mark-iii-argent-boitier-aps-c-appareil-photo-reflex","status":"publish","type":"product","link":"https:\/\/joutia.shop\/en\/product\/pentax-k-3-mark-iii-argent-boitier-aps-c-appareil-photo-reflex\/","title":{"rendered":"PENTAX K-3 Mark III Argent Bo\u00eetier APS-C Appareil Photo Reflex"},"content":{"rendered":"<h2>PENTAX K-3 Mark III Argent Bo\u00eetier APS-C Appareil Photo Reflex<\/h2>\n<p>Le produit <strong>PENTAX K-3 Mark III Argent Bo\u00eetier APS-C Appareil Photo Reflex<\/strong> est con\u00e7u pour offrir performance et fiabilit\u00e9.<\/p>\n<p>Ce produit est id\u00e9al pour une utilisation quotidienne et r\u00e9pond parfaitement aux besoins des utilisateurs recherchant qualit\u00e9 et efficacit\u00e9.<\/p>\n<h3>Caract\u00e9ristiques principales<\/h3>\n<ul>\n<li>Conception robuste<\/li>\n<li>Utilisation simple<\/li>\n<li>Performance fiable<\/li>\n<\/ul>","protected":false},"excerpt":{"rendered":"<p>PENTAX K-3 Mark III Argent Bo\u00eetier APS-C Appareil Photo Reflex &#8211; produit de qualit\u00e9 con\u00e7u pour un usage quotidien.<\/p>","protected":false},"featured_media":75600,"comment_status":"open","ping_status":"closed","template":"","meta":[],"product_brand":[],"product_cat":[316],"product_tag":[317],"class_list":{"0":"post-76635","1":"product","2":"type-product","3":"status-publish","4":"has-post-thumbnail","6":"product_cat-photo","7":"product_tag-appareil-photo","9":"first","10":"instock","11":"shipping-taxable","12":"product-type-external"},"_links":{"self":[{"href":"https:\/\/joutia.shop\/en\/wp-json\/wp\/v2\/product\/76635","targetHints":{"allow":["GET"]}}],"collection":[{"href":"https:\/\/joutia.shop\/en\/wp-json\/wp\/v2\/product"}],"about":[{"href":"https:\/\/joutia.shop\/en\/wp-json\/wp\/v2\/types\/product"}],"replies":[{"embeddable":true,"href":"https:\/\/joutia.shop\/en\/wp-json\/wp\/v2\/comments?post=76635"}],"wp:featuredmedia":[{"embeddable":true,"href":"https:\/\/joutia.shop\/en\/wp-json\/wp\/v2\/media\/75600"}],"wp:attachment":[{"href":"https:\/\/joutia.shop\/en\/wp-json\/wp\/v2\/media?parent=76635"}],"wp:term":[{"taxonomy":"product_brand","embeddable":true,"href":"https:\/\/joutia.shop\/en\/wp-json\/wp\/v2\/product_brand?post=76635"},{"taxonomy":"product_cat","embeddable":true,"href":"https:\/\/joutia.shop\/en\/wp-json\/wp\/v2\/product_cat?post=76635"},{"taxonomy":"product_tag","embeddable":true,"href":"https:\/\/joutia.shop\/en\/wp-json\/wp\/v2\/product_tag?post=76635"}],"curies":[{"name":"wp","href":"https:\/\/api.w.org\/{rel}","templated":true}]}}